{"id":7241,"date":"2019-03-25T10:00:09","date_gmt":"2019-03-25T13:00:09","guid":{"rendered":"https:\/\/portal.economus.com.br\/?page_id=7241"},"modified":"2019-03-25T12:19:50","modified_gmt":"2019-03-25T15:19:50","slug":"ir-perguntas-frequentes","status":"publish","type":"page","link":"https:\/\/cms1.com.br\/backup\/ir-perguntas-frequentes\/","title":{"rendered":"Imposto de Renda &#8211; Perguntas Frequentes"},"content":{"rendered":"<div class=\"wpb-content-wrapper\">[vc_row][vc_column][vc_empty_space][vc_single_image image=&#8221;7248&#8243; img_size=&#8221;full&#8221;][vc_empty_space]<style >.tstp_accordion69d0ec7672bb4.pt_plus_tabs_block .accordion-style-1 .vc_tta-panels-container .vc_tta-panel.vc_active .vc_tta-panel-heading a{color: #ff214f;}.tstp_accordion69d0ec7672bb4.pt_plus_tabs_block .accordion-style-1 .vc_tta-panels-container .vc_tta-panel .vc_tta-panel-heading a{color: #6d6d6d;}.tstp_accordion69d0ec7672bb4.pt_plus_tabs_block .accordion-style-1 .vc_tta-panels-container .vc_tta-panel a .vc_tta-controls-icon{font-size: 14px;}.tstp_accordion69d0ec7672bb4.pt_plus_tabs_block .accordion-style-1 .vc_tta-panels-container .vc_tta-panel a {font-size: 14px ;font-family:Roboto; font-weight:400; font-style:normal; }.tstp_accordion69d0ec7672bb4.pt_plus_tabs_block .accordion-style-1 .vc_tta-panels-container .vc_tta-panel.vc_active .vc_tta-panel-heading{background: #ffffff;}.tstp_accordion69d0ec7672bb4.pt_plus_tabs_block .accordion-style-1 .vc_tta-panels-container .vc_tta-panel .vc_tta-panel-heading{background: #ffffff;}.tstp_accordion69d0ec7672bb4.pt_plus_tabs_block .accordion-style-1.vc_tta-o-no-fill .vc_tta-panels-container .vc_tta-panel .vc_tta-panel-body{background: #ff214f;}.tstp_accordion69d0ec7672bb4.pt_plus_tabs_block .accordion-style-1 .vc_tta-panels-container .vc_tta-panel.vc_active .vc_tta-panel-heading {border: 1px solid #ff214f;}.tstp_accordion69d0ec7672bb4.pt_plus_tabs_block .accordion-style-1 .vc_tta-panels-container .vc_tta-panel .vc_tta-panel-heading {border: 1px solid #888888;}<\/style><div class=\"pt_plus_tabs_block  animate-general tstp_accordion69d0ec7672bb4\" id=\"tabid_69d0ec76727c7\" data-animate-type=\"transition.slideDownIn\" data-animate-delay=\"50\" data-uid=\"tstp_accordion69d0ec7672bb4\" ><div class=\"vc_tta-container\" data-vc-action=\"collapse\"><div class=\"vc_general vc_tta vc_tta-accordion vc_tta-spacing-5 vc_tta-controls-align-left accordion-style-1\"><div class=\"vc_tta-panels-container\" ><div class=\"vc_tta-panels\">[vc_tta_section title=&#8221;Como acessar os informes de rendimentos e despesas m\u00e9dicas &#8211; ano base 2018?&#8221; tab_id=&#8221;1501049077285-3ca7e677-6f545a7d-f4d5&#8243;]<style>.adv_text_block69d0ec7672840 .text-content-block,.adv_text_block69d0ec7672840 .text-content-block p{color:#888;font-size:14px;line-height:30px;font-weight:400;}@media (max-width:1200px){.adv_text_block69d0ec7672840 .text-content-block,.adv_text_block69d0ec7672840 .text-content-block p{}}@media (max-width:991px){.adv_text_block69d0ec7672840 .text-content-block,.adv_text_block69d0ec7672840 .text-content-block p{font-size:14px !important;line-height:30px !important;}}@media (max-width:600px){.adv_text_block69d0ec7672840 .text-content-block,.adv_text_block69d0ec7672840 .text-content-block p{font-size:14px !important;line-height:30px !important;}}<\/style><div class=\"pt-plus-text-block-wrapper    \"><div class=\"text_block_parallax \" ><div class=\"pt_plus_adv_text_block   adv_text_block69d0ec7672840   \" data-animate-type=\"\" data-animate-delay=\"\"><div class=\"text-content-block\"><p>Clique em Autoatendimento no menu de servi\u00e7os e fa\u00e7a o <em>login<\/em>. Do lado esquerdo tem a op\u00e7\u00e3o Imposto de Renda, onde est\u00e3o dispon\u00edveis os Informes de Rendimentos 2018 e Demonstrativos de Previd\u00eancia e Sa\u00fade \u2013 2018.<\/p>\n<\/div><\/div><\/div><\/div>[\/vc_tta_section][vc_tta_section title=&#8221;Sou ativo, o Economus me disponibilizar\u00e1 o Informe de Rendimentos?&#8221; tab_id=&#8221;1553518080863-33de4254-5ce3&#8243;]<style>.adv_text_block69d0ec76728a6 .text-content-block,.adv_text_block69d0ec76728a6 .text-content-block p{color:#888;font-size:14px;line-height:30px;font-weight:400;}@media (max-width:1200px){.adv_text_block69d0ec76728a6 .text-content-block,.adv_text_block69d0ec76728a6 .text-content-block p{}}@media (max-width:991px){.adv_text_block69d0ec76728a6 .text-content-block,.adv_text_block69d0ec76728a6 .text-content-block p{font-size:14px !important;line-height:30px !important;}}@media (max-width:600px){.adv_text_block69d0ec76728a6 .text-content-block,.adv_text_block69d0ec76728a6 .text-content-block p{font-size:14px !important;line-height:30px !important;}}<\/style><div class=\"pt-plus-text-block-wrapper    \"><div class=\"text_block_parallax \" ><div class=\"pt_plus_adv_text_block   adv_text_block69d0ec76728a6   \" data-animate-type=\"\" data-animate-delay=\"\"><div class=\"text-content-block\"><p>O Economus n\u00e3o disponibilizar\u00e1 Informe de Rendimentos aos ativos, conforme publicado no site em 28\/02\/2018:<\/p>\n<p>\u201cOs participantes ativos que efetuaram contribui\u00e7\u00f5es para os planos de previd\u00eancia complementar e de sa\u00fade do Economus em 2018, tiveram o desconto via folha de pagamento da patrocinadora\u201d. Neste caso, dever\u00e3o utilizar o Comprovante de Rendimentos disponibilizado pela pr\u00f3pria patrocinadora, que \u00e9 seu empregador e respons\u00e1vel por fornecer tais informa\u00e7\u00f5es\u201d.<\/p>\n<\/div><\/div><\/div><\/div>[\/vc_tta_section][vc_tta_section title=&#8221;Como est\u00e3o lan\u00e7adas as despesas m\u00e9dicas para a declara\u00e7\u00e3o de IR ano 2019?&#8221; tab_id=&#8221;1501049077467-ad5cb472-49e65a7d-f4d5&#8243;]<style>.adv_text_block69d0ec76728f9 .text-content-block,.adv_text_block69d0ec76728f9 .text-content-block p{color:#888;font-size:14px;line-height:30px;font-weight:400;}@media (max-width:1200px){.adv_text_block69d0ec76728f9 .text-content-block,.adv_text_block69d0ec76728f9 .text-content-block p{}}@media (max-width:991px){.adv_text_block69d0ec76728f9 .text-content-block,.adv_text_block69d0ec76728f9 .text-content-block p{font-size:14px !important;line-height:30px !important;}}@media (max-width:600px){.adv_text_block69d0ec76728f9 .text-content-block,.adv_text_block69d0ec76728f9 .text-content-block p{font-size:14px !important;line-height:30px !important;}}<\/style><div class=\"pt-plus-text-block-wrapper    \"><div class=\"text_block_parallax \" ><div class=\"pt_plus_adv_text_block   adv_text_block69d0ec76728f9   \" data-animate-type=\"\" data-animate-delay=\"\"><div class=\"text-content-block\"><p>A Declara\u00e7\u00e3o de Contribui\u00e7\u00e3o Assistencial \u00e9 gerada exclusivamente em nome do Titular do plano e estar\u00e1 dispon\u00edvel somente para os benefici\u00e1rios que tiveram pagamento e\/ou reembolso realizado em 2018, contemplando os valores de contribui\u00e7\u00e3o\/mensalidade e coparticipa\u00e7\u00f5es pagas atrav\u00e9s de boleto banc\u00e1rio e\/ou d\u00e9bito em conta, al\u00e9m de reembolso efetivado atrav\u00e9s de cr\u00e9dito em conta, individualizando as parcelas relativas ao titular e a cada dependente.<\/p>\n<p>Os valores s\u00e3o somados e demonstrados da seguinte forma:<\/p>\n<p><img fetchpriority=\"high\" decoding=\"async\" class=\"size-full wp-image-7243 alignleft\" src=\"https:\/\/cms1.com.br\/backup\/\/wp-content\/uploads\/2019\/03\/faq.jpg\" alt=\"\" width=\"523\" height=\"207\" srcset=\"https:\/\/cms1.com.br\/backup\/wp-content\/uploads\/2019\/03\/faq.jpg 523w, https:\/\/cms1.com.br\/backup\/wp-content\/uploads\/2019\/03\/faq-300x119.jpg 300w\" sizes=\"(max-width: 523px) 100vw, 523px\" \/><\/p>\n<\/div><\/div><\/div><\/div>[\/vc_tta_section][vc_tta_section title=&#8221;No informe de rendimentos, onde constam os valores das contribui\u00e7\u00f5es relativas ao equacionamento do D\u00e9ficit?&#8221; tab_id=&#8221;1501049077669-49ab4f95-891d5a7d-f4d5&#8243;]<style>.adv_text_block69d0ec7672950 .text-content-block,.adv_text_block69d0ec7672950 .text-content-block p{color:#888;font-size:14px;line-height:30px;font-weight:400;}@media (max-width:1200px){.adv_text_block69d0ec7672950 .text-content-block,.adv_text_block69d0ec7672950 .text-content-block p{}}@media (max-width:991px){.adv_text_block69d0ec7672950 .text-content-block,.adv_text_block69d0ec7672950 .text-content-block p{font-size:14px !important;line-height:30px !important;}}@media (max-width:600px){.adv_text_block69d0ec7672950 .text-content-block,.adv_text_block69d0ec7672950 .text-content-block p{font-size:14px !important;line-height:30px !important;}}<\/style><div class=\"pt-plus-text-block-wrapper    \"><div class=\"text_block_parallax \" ><div class=\"pt_plus_adv_text_block   adv_text_block69d0ec7672950   \" data-animate-type=\"\" data-animate-delay=\"\"><div class=\"text-content-block\"><p>O total de contribui\u00e7\u00f5es efetuadas para a Previd\u00eancia Privada Economus (inclusive Equacionamento do D\u00e9ficit) descontadas nos rendimentos, est\u00e1 dispon\u00edvel no campo 3.3 do Informe e detalhadas no campo 07.<\/p>\n<\/div><\/div><\/div><\/div>[\/vc_tta_section][vc_tta_section title=&#8221;Como \u00e9 feito o c\u00e1lculo sobre o 13\u00ba demonstrado no Informe?&#8221; tab_id=&#8221;1501049077872-ad8229b2-c6ed5a7d-f4d5&#8243;]<style>.adv_text_block69d0ec767297f .text-content-block,.adv_text_block69d0ec767297f .text-content-block p{color:#888;font-size:14px;line-height:30px;font-weight:400;}@media (max-width:1200px){.adv_text_block69d0ec767297f .text-content-block,.adv_text_block69d0ec767297f .text-content-block p{}}@media (max-width:991px){.adv_text_block69d0ec767297f .text-content-block,.adv_text_block69d0ec767297f .text-content-block p{font-size:14px !important;line-height:30px !important;}}@media (max-width:600px){.adv_text_block69d0ec767297f .text-content-block,.adv_text_block69d0ec767297f .text-content-block p{font-size:14px !important;line-height:30px !important;}}<\/style><div class=\"pt-plus-text-block-wrapper    \"><div class=\"text_block_parallax \" ><div class=\"pt_plus_adv_text_block   adv_text_block69d0ec767297f   \" data-animate-type=\"\" data-animate-delay=\"\"><div class=\"text-content-block\"><p>O Abono Anual (13\u00ba) dispon\u00edvel no Informe \u00e9 calculado considerando o sal\u00e1rio do participante subtraindo suas dedu\u00e7\u00f5es, tais como Parcela Isenta por Idade (se houver), contribui\u00e7\u00f5es previdenci\u00e1rias, dependentes. Portanto, o valor demonstrado \u00e9 l\u00edquido, e n\u00e3o o bruto recebido pelo participante.\u00a0Quando o participante for isento por Mol\u00e9stia Grave, o valor estar\u00e1 contemplado juntamente com os rendimentos mensais, uma vez que n\u00e3o estiveram sujeitos \u00e0 tributa\u00e7\u00e3o. Para os participantes optantes pelo regime regressivo, o valor de Abono Anual estar\u00e1 contemplado no campo \u201cOutros\u201d, juntamente com os rendimentos mensais, calculados como rendimentos brutos menos Imposto de Renda.<\/p>\n<\/div><\/div><\/div><\/div>[\/vc_tta_section][vc_tta_section title=&#8221;Existe um Informe de Rendimentos para cada benef\u00edcio?&#8221; tab_id=&#8221;1501049078071-c4e121e1-fdd95a7d-f4d5&#8243;]<style>.adv_text_block69d0ec76729b4 .text-content-block,.adv_text_block69d0ec76729b4 .text-content-block p{color:#888;font-size:14px;line-height:30px;font-weight:400;}@media (max-width:1200px){.adv_text_block69d0ec76729b4 .text-content-block,.adv_text_block69d0ec76729b4 .text-content-block p{}}@media (max-width:991px){.adv_text_block69d0ec76729b4 .text-content-block,.adv_text_block69d0ec76729b4 .text-content-block p{font-size:14px !important;line-height:30px !important;}}@media (max-width:600px){.adv_text_block69d0ec76729b4 .text-content-block,.adv_text_block69d0ec76729b4 .text-content-block p{font-size:14px !important;line-height:30px !important;}}<\/style><div class=\"pt-plus-text-block-wrapper    \"><div class=\"text_block_parallax \" ><div class=\"pt_plus_adv_text_block   adv_text_block69d0ec76729b4   \" data-animate-type=\"\" data-animate-delay=\"\"><div class=\"text-content-block\"><p>Os participantes que receberam mais de um benef\u00edcio pago sob o mesmo CNPJ (SEFAZ, BB ou Economus) ter\u00e1 apenas um Informe de Rendimentos com a somat\u00f3ria dos valores pagos. Isto \u00e9, para quem recebe benef\u00edcio BD e PrevMais, \u00e9 gerado um \u00fanico informe de rendimentos com a somat\u00f3ria de todos os benef\u00edcios recebidos no ano calend\u00e1rio de 2018, exceto para os casos que optaram pelo regime regressivo no PrevMais, que ter\u00e1 um informe de rendimentos exclusivo para esta natureza.<\/p>\n<\/div><\/div><\/div><\/div>[\/vc_tta_section][vc_tta_section title=&#8221;Como s\u00e3o demonstrados os valores isentos pela IN 1343?&#8221; tab_id=&#8221;1553517989576-4cc7708b-db17&#8243;]<style>.adv_text_block69d0ec76729e3 .text-content-block,.adv_text_block69d0ec76729e3 .text-content-block p{color:#888;font-size:14px;line-height:30px;font-weight:400;}@media (max-width:1200px){.adv_text_block69d0ec76729e3 .text-content-block,.adv_text_block69d0ec76729e3 .text-content-block p{}}@media (max-width:991px){.adv_text_block69d0ec76729e3 .text-content-block,.adv_text_block69d0ec76729e3 .text-content-block p{font-size:14px !important;line-height:30px !important;}}@media (max-width:600px){.adv_text_block69d0ec76729e3 .text-content-block,.adv_text_block69d0ec76729e3 .text-content-block p{font-size:14px !important;line-height:30px !important;}}<\/style><div class=\"pt-plus-text-block-wrapper    \"><div class=\"text_block_parallax \" ><div class=\"pt_plus_adv_text_block   adv_text_block69d0ec76729e3   \" data-animate-type=\"\" data-animate-delay=\"\"><div class=\"text-content-block\"><p>Os valores relativos ao saldo isento da IN 1343, correspondentes \u00e0s contribui\u00e7\u00f5es ao Economus entre os anos de 1989 e 1995, est\u00e3o demonstrados no campo 4, item 7 (Outros), e tem aberta sua refer\u00eancia em Informa\u00e7\u00f5es Complementares (campo 7).<\/p>\n<\/div><\/div><\/div><\/div>[\/vc_tta_section][vc_tta_section title=&#8221;Onde constam os pagamentos realizados para participantes com mol\u00e9stia grave?&#8221; tab_id=&#8221;1553518191511-33729243-a007&#8243;]<style>.adv_text_block69d0ec7672a26 .text-content-block,.adv_text_block69d0ec7672a26 .text-content-block p{color:#888;font-size:14px;line-height:30px;font-weight:400;}@media (max-width:1200px){.adv_text_block69d0ec7672a26 .text-content-block,.adv_text_block69d0ec7672a26 .text-content-block p{}}@media (max-width:991px){.adv_text_block69d0ec7672a26 .text-content-block,.adv_text_block69d0ec7672a26 .text-content-block p{font-size:14px !important;line-height:30px !important;}}@media (max-width:600px){.adv_text_block69d0ec7672a26 .text-content-block,.adv_text_block69d0ec7672a26 .text-content-block p{font-size:14px !important;line-height:30px !important;}}<\/style><div class=\"pt-plus-text-block-wrapper    \"><div class=\"text_block_parallax \" ><div class=\"pt_plus_adv_text_block   adv_text_block69d0ec7672a26   \" data-animate-type=\"\" data-animate-delay=\"\"><div class=\"text-content-block\"><p>Os valores referentes \u00e0 mol\u00e9stia grave est\u00e3o presentes no quadro 4 &#8220;Rendimentos isentos e n\u00e3o tribut\u00e1veis&#8221;, na linha 3 &#8220;mol\u00e9stia grave&#8221;.<\/p>\n<\/div><\/div><\/div><\/div>[\/vc_tta_section][vc_tta_section title=&#8221;Participantes com 65 anos de idade ou mais, qual a regra de isen\u00e7\u00e3o e como est\u00e3o sendo lan\u00e7adas no informe?&#8221; tab_id=&#8221;1553518305984-81ecb11c-a052&#8243;]<style>.adv_text_block69d0ec7672a55 .text-content-block,.adv_text_block69d0ec7672a55 .text-content-block p{color:#888;font-size:14px;line-height:30px;font-weight:400;}@media (max-width:1200px){.adv_text_block69d0ec7672a55 .text-content-block,.adv_text_block69d0ec7672a55 .text-content-block p{}}@media (max-width:991px){.adv_text_block69d0ec7672a55 .text-content-block,.adv_text_block69d0ec7672a55 .text-content-block p{font-size:14px !important;line-height:30px !important;}}@media (max-width:600px){.adv_text_block69d0ec7672a55 .text-content-block,.adv_text_block69d0ec7672a55 .text-content-block p{font-size:14px !important;line-height:30px !important;}}<\/style><div class=\"pt-plus-text-block-wrapper    \"><div class=\"text_block_parallax \" ><div class=\"pt_plus_adv_text_block   adv_text_block69d0ec7672a55   \" data-animate-type=\"\" data-animate-delay=\"\"><div class=\"text-content-block\"><p>O participante com mais de 65 anos tem direito a uma Parcela Isenta dos Proventos de Aposentadoria, limitado mensalmente ao valor correspondente \u00e0 primeira faixa de Imposto de Renda, que para o ano de 2018 foi R$ 1.903,98. Quem teve esta isen\u00e7\u00e3o em folha durante o ano ter\u00e1 o valor demonstrado no Campo 4, item 1 &#8211; Parcela isenta dos proventos de aposentadoria, reserva remunerada, reforma e pens\u00e3o (65 anos ou mais), somados os meses de isen\u00e7\u00e3o mais o Abono Anual.<\/p>\n<\/div><\/div><\/div><\/div>[\/vc_tta_section][vc_tta_section title=&#8221;Onde constam as informa\u00e7\u00f5es sobre saldo de empr\u00e9stimos ano base 2018?&#8221; tab_id=&#8221;1553518412769-6db8a212-1fc1&#8243;]<style>.adv_text_block69d0ec7672a8e .text-content-block,.adv_text_block69d0ec7672a8e .text-content-block p{color:#888;font-size:14px;line-height:30px;font-weight:400;}@media (max-width:1200px){.adv_text_block69d0ec7672a8e .text-content-block,.adv_text_block69d0ec7672a8e .text-content-block p{}}@media (max-width:991px){.adv_text_block69d0ec7672a8e .text-content-block,.adv_text_block69d0ec7672a8e .text-content-block p{font-size:14px !important;line-height:30px !important;}}@media (max-width:600px){.adv_text_block69d0ec7672a8e .text-content-block,.adv_text_block69d0ec7672a8e .text-content-block p{font-size:14px !important;line-height:30px !important;}}<\/style><div class=\"pt-plus-text-block-wrapper    \"><div class=\"text_block_parallax \" ><div class=\"pt_plus_adv_text_block   adv_text_block69d0ec7672a8e   \" data-animate-type=\"\" data-animate-delay=\"\"><div class=\"text-content-block\"><p>Para o participante que teve saldo devedor em 31\/12\/2018, est\u00e1 dispon\u00edvel no Autoatendimento, no menu de servi\u00e7os ao plano correspondente, os Informes de Empr\u00e9stimos.<\/p>\n<\/div><\/div><\/div><\/div>[\/vc_tta_section][vc_tta_section title=&#8221;Onde constam os informes referentes \u00e0s contribui\u00e7\u00f5es adicionais?&#8221; tab_id=&#8221;1553518475369-95bdd0b4-b154&#8243;]<style>.adv_text_block69d0ec7672ad0 .text-content-block,.adv_text_block69d0ec7672ad0 .text-content-block p{color:#888;font-size:14px;line-height:30px;font-weight:400;}@media (max-width:1200px){.adv_text_block69d0ec7672ad0 .text-content-block,.adv_text_block69d0ec7672ad0 .text-content-block p{}}@media (max-width:991px){.adv_text_block69d0ec7672ad0 .text-content-block,.adv_text_block69d0ec7672ad0 .text-content-block p{font-size:14px !important;line-height:30px !important;}}@media (max-width:600px){.adv_text_block69d0ec7672ad0 .text-content-block,.adv_text_block69d0ec7672ad0 .text-content-block p{font-size:14px !important;line-height:30px !important;}}<\/style><div class=\"pt-plus-text-block-wrapper    \"><div class=\"text_block_parallax \" ><div class=\"pt_plus_adv_text_block   adv_text_block69d0ec7672ad0   \" data-animate-type=\"\" data-animate-delay=\"\"><div class=\"text-content-block\"><p>Clique em Autoatendimento no menu de servi\u00e7os e fa\u00e7a o <em>login.<\/em>\u00a0Do lado esquerdo tem a op\u00e7\u00e3o Imposto de Renda, onde est\u00e3o dispon\u00edveis os Informes de Rendimentos 2018 e Demonstrativos de Previd\u00eancia e Sa\u00fade \u2013 2018.<\/p>\n<\/div><\/div><\/div><\/div>[\/vc_tta_section]<\/div><\/div><\/div><\/div><\/div><style >@media (min-width:992px){.empty_space69d0ec7672cc7 {padding-top: 100px;}}@media (max-width:991px){.empty_space69d0ec7672cc7 {padding-top: 60px;}}@media (max-width:600px){.empty_space69d0ec7672cc7 {padding-top: 30px;}}<\/style><div class=\"pt-plus-empty-space empty_space69d0ec7672cc7 \" data-uid=\"empty_space69d0ec7672cc7\" ><\/div>[\/vc_column][\/vc_row]\n<\/div>","protected":false},"excerpt":{"rendered":"<p>[vc_row][vc_column][vc_empty_space][vc_single_image image=&#8221;7248&#8243; img_size=&#8221;full&#8221;][vc_empty_space][\/vc_column][\/vc_row]<\/p>\n","protected":false},"author":5,"featured_media":0,"parent":0,"menu_order":0,"comment_status":"closed","ping_status":"closed","template":"","meta":{"ngg_post_thumbnail":0,"footnotes":""},"class_list":["post-7241","page","type-page","status-publish","hentry","description-off"],"_links":{"self":[{"href":"https:\/\/cms1.com.br\/backup\/wp-json\/wp\/v2\/pages\/7241","targetHints":{"allow":["GET"]}}],"collection":[{"href":"https:\/\/cms1.com.br\/backup\/wp-json\/wp\/v2\/pages"}],"about":[{"href":"https:\/\/cms1.com.br\/backup\/wp-json\/wp\/v2\/types\/page"}],"author":[{"embeddable":true,"href":"https:\/\/cms1.com.br\/backup\/wp-json\/wp\/v2\/users\/5"}],"replies":[{"embeddable":true,"href":"https:\/\/cms1.com.br\/backup\/wp-json\/wp\/v2\/comments?post=7241"}],"version-history":[{"count":10,"href":"https:\/\/cms1.com.br\/backup\/wp-json\/wp\/v2\/pages\/7241\/revisions"}],"predecessor-version":[{"id":7253,"href":"https:\/\/cms1.com.br\/backup\/wp-json\/wp\/v2\/pages\/7241\/revisions\/7253"}],"wp:attachment":[{"href":"https:\/\/cms1.com.br\/backup\/wp-json\/wp\/v2\/media?parent=7241"}],"curies":[{"name":"wp","href":"https:\/\/api.w.org\/{rel}","templated":true}]}}