{"id":5541,"date":"2018-12-07T09:56:05","date_gmt":"2018-12-07T11:56:05","guid":{"rendered":"https:\/\/portal.economus.com.br\/?page_id=5541"},"modified":"2025-09-15T13:27:16","modified_gmt":"2025-09-15T16:27:16","slug":"e-clube-de-beneficios","status":"publish","type":"page","link":"https:\/\/cms1.com.br\/backup\/e-clube-de-beneficios\/","title":{"rendered":"E-Clube de Benef\u00edcios"},"content":{"rendered":"<div class=\"wpb-content-wrapper\">[vc_row][vc_column][vc_column_text css=&#8221;&#8221;]<img fetchpriority=\"high\" decoding=\"async\" class=\"alignnone size-full wp-image-21796\" src=\"https:\/\/cms1.com.br\/backup\/\/wp-content\/uploads\/2025\/09\/banner2.png\" alt=\"\" width=\"1086\" height=\"500\" srcset=\"https:\/\/cms1.com.br\/backup\/wp-content\/uploads\/2025\/09\/banner2.png 1086w, https:\/\/cms1.com.br\/backup\/wp-content\/uploads\/2025\/09\/banner2-300x138.png 300w, https:\/\/cms1.com.br\/backup\/wp-content\/uploads\/2025\/09\/banner2-1024x471.png 1024w, https:\/\/cms1.com.br\/backup\/wp-content\/uploads\/2025\/09\/banner2-768x354.png 768w, https:\/\/cms1.com.br\/backup\/wp-content\/uploads\/2025\/09\/banner2-750x345.png 750w\" sizes=\"(max-width: 1086px) 100vw, 1086px\" \/><\/p>\n<p>O E-Clube de Benef\u00edcios \u00e9 uma vitrine de ofertas e benef\u00edcios exclusivos aos participantes, assistidos, benefici\u00e1rios e\/ou empregados do Economus, conforme regras estabelecidas com cada parceiro. A plataforma permite realizar compras de produtos e servi\u00e7os com descontos especiais em estabelecimentos conveniados de diversos segmentos.<\/p>\n<p>Para utilizar o E-Clube de Benef\u00edcios \u00e9 necess\u00e1rio entrar com o login e senha de acesso no <a href=\"https:\/\/www.economus.com.br\/AutoAtendimento\/\" target=\"_blank\" rel=\"noopener\">autoatendimento<\/a>.<\/p>\n<p>Os produtos, descontos e condi\u00e7\u00f5es oferecidos s\u00e3o de exclusiva responsabilidade das empresas conveniadas.<\/p>\n<p>Confira abaixo alguns parceiros dispon\u00edveis:<\/p>\n<p><img decoding=\"async\" class=\"alignnone size-full wp-image-21791\" src=\"https:\/\/cms1.com.br\/backup\/\/wp-content\/uploads\/2025\/09\/parceiros.jpg\" alt=\"\" width=\"675\" height=\"271\" srcset=\"https:\/\/cms1.com.br\/backup\/wp-content\/uploads\/2025\/09\/parceiros.jpg 675w, https:\/\/cms1.com.br\/backup\/wp-content\/uploads\/2025\/09\/parceiros-300x120.jpg 300w\" sizes=\"(max-width: 675px) 100vw, 675px\" \/>[\/vc_column_text][\/vc_column][\/vc_row]\n<\/div>","protected":false},"excerpt":{"rendered":"<p>[vc_row][vc_column][vc_column_text css=&#8221;&#8221;] O E-Clube de Benef\u00edcios \u00e9 uma vitrine de ofertas e benef\u00edcios exclusivos aos participantes, assistidos, benefici\u00e1rios e\/ou empregados do Economus, conforme regras estabelecidas com cada parceiro. A plataforma permite realizar compras de produtos e servi\u00e7os com descontos especiais em estabelecimentos conveniados de diversos segmentos. Para utilizar o E-Clube de Benef\u00edcios \u00e9 necess\u00e1rio entrar&hellip;<\/p>\n","protected":false},"author":1,"featured_media":0,"parent":0,"menu_order":0,"comment_status":"closed","ping_status":"closed","template":"","meta":{"ngg_post_thumbnail":0,"footnotes":""},"class_list":["post-5541","page","type-page","status-publish","hentry","description-off"],"_links":{"self":[{"href":"https:\/\/cms1.com.br\/backup\/wp-json\/wp\/v2\/pages\/5541","targetHints":{"allow":["GET"]}}],"collection":[{"href":"https:\/\/cms1.com.br\/backup\/wp-json\/wp\/v2\/pages"}],"about":[{"href":"https:\/\/cms1.com.br\/backup\/wp-json\/wp\/v2\/types\/page"}],"author":[{"embeddable":true,"href":"https:\/\/cms1.com.br\/backup\/wp-json\/wp\/v2\/users\/1"}],"replies":[{"embeddable":true,"href":"https:\/\/cms1.com.br\/backup\/wp-json\/wp\/v2\/comments?post=5541"}],"version-history":[{"count":15,"href":"https:\/\/cms1.com.br\/backup\/wp-json\/wp\/v2\/pages\/5541\/revisions"}],"predecessor-version":[{"id":21801,"href":"https:\/\/cms1.com.br\/backup\/wp-json\/wp\/v2\/pages\/5541\/revisions\/21801"}],"wp:attachment":[{"href":"https:\/\/cms1.com.br\/backup\/wp-json\/wp\/v2\/media?parent=5541"}],"curies":[{"name":"wp","href":"https:\/\/api.w.org\/{rel}","templated":true}]}}