{"id":3628,"date":"2018-11-03T16:49:37","date_gmt":"2018-11-03T18:49:37","guid":{"rendered":"https:\/\/portal.economus.com.br\/?page_id=3628"},"modified":"2025-06-18T09:31:04","modified_gmt":"2025-06-18T12:31:04","slug":"previdencia","status":"publish","type":"page","link":"https:\/\/cms1.com.br\/backup\/previdencia\/","title":{"rendered":"Previd\u00eancia"},"content":{"rendered":"<p>&nbsp;<\/p>\n<p>Aqui, voc\u00ea encontra informa\u00e7\u00f5es sobre todos os planos de previd\u00eancia complementar do Economus. Com rentabilidade acima dos investimentos individuais de mercado, eles visam garantir um futuro tranquilo para seus participantes. Uma forma inteligente de poupar e planejar o futuro.<\/p>\n<p>O Economus administra quatro planos de benef\u00edcios previdenci\u00e1rios, tr\u00eas na modalidade de Benef\u00edcio Definido (BD) e um na modalidade de Contribui\u00e7\u00e3o Vari\u00e1vel (CV).<\/p>\n<p>Atualmente, de todos os planos que o Instituto disp\u00f5e, o \u00fanico que permite ades\u00e3o \u00e9 o PrevMais (Contribui\u00e7\u00e3o Vari\u00e1vel).<\/p>\n<p>Nos demais planos, os participantes t\u00eam acesso as informa\u00e7\u00f5es importantes sobre o funcionamento de cada um deles, como: contribui\u00e7\u00f5es, benef\u00edcios, regulamento, formul\u00e1rios e documentos para solicita\u00e7\u00f5es dos institutos e benef\u00edcios.<\/p>\n<p>O PrevMais, al\u00e9m das op\u00e7\u00f5es que constam para os demais planos, ainda conta com informa\u00e7\u00f5es de como aderir e um simulador de benef\u00edcios.<\/p>\n<table>\n<tbody>\n<tr>\n<td><a href=\"https:\/\/cms1.com.br\/backup\/\/previdencia\/previdencia-planos\/previdencia-planos-grupo-a\/%20\" target=\"_blank\" rel=\"noopener\"><img fetchpriority=\"high\" decoding=\"async\" class=\"alignnone wp-image-19803\" src=\"https:\/\/cms1.com.br\/backup\/\/wp-content\/uploads\/2024\/08\/regulamento-complementar-n2.png\" alt=\"\" width=\"652\" height=\"150\" srcset=\"https:\/\/cms1.com.br\/backup\/wp-content\/uploads\/2024\/08\/regulamento-complementar-n2.png 1086w, https:\/\/cms1.com.br\/backup\/wp-content\/uploads\/2024\/08\/regulamento-complementar-n2-300x69.png 300w, https:\/\/cms1.com.br\/backup\/wp-content\/uploads\/2024\/08\/regulamento-complementar-n2-1024x236.png 1024w, https:\/\/cms1.com.br\/backup\/wp-content\/uploads\/2024\/08\/regulamento-complementar-n2-768x177.png 768w, https:\/\/cms1.com.br\/backup\/wp-content\/uploads\/2024\/08\/regulamento-complementar-n2-750x173.png 750w\" sizes=\"(max-width: 652px) 100vw, 652px\" \/><\/a><\/td>\n<td><a href=\"https:\/\/cms1.com.br\/backup\/\/previdencia\/previdencia-planos\/previdencia-planos-grupo-b\/\" target=\"_blank\" rel=\"noopener\"><img decoding=\"async\" class=\"alignnone wp-image-19806\" src=\"https:\/\/cms1.com.br\/backup\/\/wp-content\/uploads\/2024\/08\/regulamento-complementar-n1.png\" alt=\"\" width=\"650\" height=\"150\" srcset=\"https:\/\/cms1.com.br\/backup\/wp-content\/uploads\/2024\/08\/regulamento-complementar-n1.png 1086w, https:\/\/cms1.com.br\/backup\/wp-content\/uploads\/2024\/08\/regulamento-complementar-n1-300x69.png 300w, https:\/\/cms1.com.br\/backup\/wp-content\/uploads\/2024\/08\/regulamento-complementar-n1-1024x236.png 1024w, https:\/\/cms1.com.br\/backup\/wp-content\/uploads\/2024\/08\/regulamento-complementar-n1-768x177.png 768w, https:\/\/cms1.com.br\/backup\/wp-content\/uploads\/2024\/08\/regulamento-complementar-n1-750x173.png 750w\" sizes=\"(max-width: 650px) 100vw, 650px\" \/><\/a><\/td>\n<\/tr>\n<\/tbody>\n<\/table>\n<table>\n<tbody>\n<tr>\n<td><a href=\"https:\/\/cms1.com.br\/backup\/\/previdencia\/previdencia-planos\/previdencia-planos-grupo-c\/\" target=\"_blank\" rel=\"noopener\"><img decoding=\"async\" class=\"alignnone wp-image-19808\" src=\"https:\/\/cms1.com.br\/backup\/\/wp-content\/uploads\/2024\/08\/regulamento-geral.png\" alt=\"\" width=\"650\" height=\"150\" srcset=\"https:\/\/cms1.com.br\/backup\/wp-content\/uploads\/2024\/08\/regulamento-geral.png 1086w, https:\/\/cms1.com.br\/backup\/wp-content\/uploads\/2024\/08\/regulamento-geral-300x69.png 300w, https:\/\/cms1.com.br\/backup\/wp-content\/uploads\/2024\/08\/regulamento-geral-1024x236.png 1024w, https:\/\/cms1.com.br\/backup\/wp-content\/uploads\/2024\/08\/regulamento-geral-768x177.png 768w, https:\/\/cms1.com.br\/backup\/wp-content\/uploads\/2024\/08\/regulamento-geral-750x173.png 750w\" sizes=\"(max-width: 650px) 100vw, 650px\" \/><\/a><\/td>\n<td><a href=\"https:\/\/cms1.com.br\/backup\/\/previdencia\/previdencia-planos\/previdencia-planos-prevmais\/\"><img loading=\"lazy\" decoding=\"async\" class=\"alignnone size-full wp-image-6967\" src=\"https:\/\/cms1.com.br\/backup\/\/wp-content\/uploads\/2019\/03\/prevmais.png\" alt=\"\" width=\"650\" height=\"150\" srcset=\"https:\/\/cms1.com.br\/backup\/wp-content\/uploads\/2019\/03\/prevmais.png 650w, https:\/\/cms1.com.br\/backup\/wp-content\/uploads\/2019\/03\/prevmais-300x69.png 300w, https:\/\/cms1.com.br\/backup\/wp-content\/uploads\/2019\/03\/prevmais-600x138.png 600w\" sizes=\"(max-width: 650px) 100vw, 650px\" \/><\/a><\/td>\n<\/tr>\n<\/tbody>\n<\/table>\n","protected":false},"excerpt":{"rendered":"<p>&nbsp; Aqui, voc\u00ea encontra informa\u00e7\u00f5es sobre todos os planos de previd\u00eancia complementar do Economus. Com rentabilidade acima dos investimentos individuais de mercado, eles visam garantir um futuro tranquilo para seus participantes. Uma forma inteligente de poupar e planejar o futuro. O Economus administra quatro planos de benef\u00edcios previdenci\u00e1rios, tr\u00eas na modalidade de Benef\u00edcio Definido (BD)&hellip;<\/p>\n","protected":false},"author":1,"featured_media":0,"parent":0,"menu_order":0,"comment_status":"closed","ping_status":"closed","template":"","meta":{"ngg_post_thumbnail":0,"footnotes":""},"class_list":["post-3628","page","type-page","status-publish","hentry","description-off"],"_links":{"self":[{"href":"https:\/\/cms1.com.br\/backup\/wp-json\/wp\/v2\/pages\/3628","targetHints":{"allow":["GET"]}}],"collection":[{"href":"https:\/\/cms1.com.br\/backup\/wp-json\/wp\/v2\/pages"}],"about":[{"href":"https:\/\/cms1.com.br\/backup\/wp-json\/wp\/v2\/types\/page"}],"author":[{"embeddable":true,"href":"https:\/\/cms1.com.br\/backup\/wp-json\/wp\/v2\/users\/1"}],"replies":[{"embeddable":true,"href":"https:\/\/cms1.com.br\/backup\/wp-json\/wp\/v2\/comments?post=3628"}],"version-history":[{"count":8,"href":"https:\/\/cms1.com.br\/backup\/wp-json\/wp\/v2\/pages\/3628\/revisions"}],"predecessor-version":[{"id":19880,"href":"https:\/\/cms1.com.br\/backup\/wp-json\/wp\/v2\/pages\/3628\/revisions\/19880"}],"wp:attachment":[{"href":"https:\/\/cms1.com.br\/backup\/wp-json\/wp\/v2\/media?parent=3628"}],"curies":[{"name":"wp","href":"https:\/\/api.w.org\/{rel}","templated":true}]}}