{"id":3613,"date":"2018-11-03T16:47:26","date_gmt":"2018-11-03T18:47:26","guid":{"rendered":"https:\/\/portal.economus.com.br\/?page_id=3613"},"modified":"2022-06-13T15:32:17","modified_gmt":"2022-06-13T18:32:17","slug":"investimentos","status":"publish","type":"page","link":"https:\/\/cms1.com.br\/backup\/investimentos\/","title":{"rendered":"Investimentos"},"content":{"rendered":"<div class=\"wpb-content-wrapper\">[vc_row][vc_column][vc_column_text]<img fetchpriority=\"high\" decoding=\"async\" class=\"alignnone size-full wp-image-6974\" src=\"https:\/\/cms1.com.br\/backup\/\/wp-content\/uploads\/2019\/03\/invest.png\" alt=\"\" width=\"1086\" height=\"250\" srcset=\"https:\/\/cms1.com.br\/backup\/wp-content\/uploads\/2019\/03\/invest.png 1086w, https:\/\/cms1.com.br\/backup\/wp-content\/uploads\/2019\/03\/invest-300x69.png 300w, https:\/\/cms1.com.br\/backup\/wp-content\/uploads\/2019\/03\/invest-768x177.png 768w, https:\/\/cms1.com.br\/backup\/wp-content\/uploads\/2019\/03\/invest-1024x236.png 1024w, https:\/\/cms1.com.br\/backup\/wp-content\/uploads\/2019\/03\/invest-600x138.png 600w, https:\/\/cms1.com.br\/backup\/wp-content\/uploads\/2019\/03\/invest-750x173.png 750w\" sizes=\"(max-width: 1086px) 100vw, 1086px\" \/>Aqui voc\u00ea ter\u00e1 acesso aos relat\u00f3rios referentes aos Investimentos do Economus. O objetivo \u00e9 trazer maior conhecimento em rela\u00e7\u00e3o \u00e0 Pol\u00edtica de Investimentos, seus Enquadramentos, Evolu\u00e7\u00e3o Patrimonial, Distribui\u00e7\u00e3o, Resultados e Exposi\u00e7\u00e3o ao Risco de cada Plano.[\/vc_column_text][vc_empty_space][vc_btn title=&#8221;Desempenho dos Investimentos&#8221; color=&#8221;primary&#8221; link=&#8221;url:https%3A%2F%2Fportal.economus.com.br%2Finvestimentos%2Fdesempenho-dos-perfis-de-investimento%2F&#8221;][vc_btn title=&#8221;Demonstrativos e Relat\u00f3rios&#8221; color=&#8221;primary&#8221; link=&#8221;url:https%3A%2F%2Fportal.economus.com.br%2Finvestimentos%2Fresultados%2Fdistribuicao-dos-investimentos%2F&#8221;][vc_btn title=&#8221;Pol\u00edticas de Investimentos&#8221; color=&#8221;primary&#8221; link=&#8221;url:https%3A%2F%2Fportal.economus.com.br%2Finvestimentos%2Fpoliticas-de-investimentos%2F&#8221;][\/vc_column][\/vc_row][vc_row][vc_column][\/vc_column][\/vc_row]\n<\/div>","protected":false},"excerpt":{"rendered":"<p>[vc_row][vc_column][vc_column_text]Aqui voc\u00ea ter\u00e1 acesso aos relat\u00f3rios referentes aos Investimentos do Economus. O objetivo \u00e9 trazer maior conhecimento em rela\u00e7\u00e3o \u00e0 Pol\u00edtica de Investimentos, seus Enquadramentos, Evolu\u00e7\u00e3o Patrimonial, Distribui\u00e7\u00e3o, Resultados e Exposi\u00e7\u00e3o ao Risco de cada Plano.[\/vc_column_text][vc_empty_space][vc_btn title=&#8221;Desempenho dos Investimentos&#8221; color=&#8221;primary&#8221; link=&#8221;url:https%3A%2F%2Fportal.economus.com.br%2Finvestimentos%2Fdesempenho-dos-perfis-de-investimento%2F&#8221;][vc_btn title=&#8221;Demonstrativos e Relat\u00f3rios&#8221; color=&#8221;primary&#8221; link=&#8221;url:https%3A%2F%2Fportal.economus.com.br%2Finvestimentos%2Fresultados%2Fdistribuicao-dos-investimentos%2F&#8221;][vc_btn title=&#8221;Pol\u00edticas de Investimentos&#8221; color=&#8221;primary&#8221; link=&#8221;url:https%3A%2F%2Fportal.economus.com.br%2Finvestimentos%2Fpoliticas-de-investimentos%2F&#8221;][\/vc_column][\/vc_row][vc_row][vc_column][\/vc_column][\/vc_row]<\/p>\n","protected":false},"author":1,"featured_media":0,"parent":0,"menu_order":0,"comment_status":"closed","ping_status":"closed","template":"","meta":{"ngg_post_thumbnail":0,"footnotes":""},"class_list":["post-3613","page","type-page","status-publish","hentry","description-off"],"_links":{"self":[{"href":"https:\/\/cms1.com.br\/backup\/wp-json\/wp\/v2\/pages\/3613","targetHints":{"allow":["GET"]}}],"collection":[{"href":"https:\/\/cms1.com.br\/backup\/wp-json\/wp\/v2\/pages"}],"about":[{"href":"https:\/\/cms1.com.br\/backup\/wp-json\/wp\/v2\/types\/page"}],"author":[{"embeddable":true,"href":"https:\/\/cms1.com.br\/backup\/wp-json\/wp\/v2\/users\/1"}],"replies":[{"embeddable":true,"href":"https:\/\/cms1.com.br\/backup\/wp-json\/wp\/v2\/comments?post=3613"}],"version-history":[{"count":11,"href":"https:\/\/cms1.com.br\/backup\/wp-json\/wp\/v2\/pages\/3613\/revisions"}],"predecessor-version":[{"id":6971,"href":"https:\/\/cms1.com.br\/backup\/wp-json\/wp\/v2\/pages\/3613\/revisions\/6971"}],"wp:attachment":[{"href":"https:\/\/cms1.com.br\/backup\/wp-json\/wp\/v2\/media?parent=3613"}],"curies":[{"name":"wp","href":"https:\/\/api.w.org\/{rel}","templated":true}]}}