{"id":3611,"date":"2018-11-03T16:47:08","date_gmt":"2018-11-03T18:47:08","guid":{"rendered":"https:\/\/portal.economus.com.br\/?page_id=3611"},"modified":"2024-09-04T17:15:30","modified_gmt":"2024-09-04T20:15:30","slug":"emprestimos","status":"publish","type":"page","link":"https:\/\/cms1.com.br\/backup\/emprestimos\/","title":{"rendered":"Empr\u00e9stimos"},"content":{"rendered":"<div class=\"wpb-content-wrapper\">[vc_row][vc_column][vc_column_text css=&#8221;&#8221;]<strong>Realize os seus sonhos!<\/strong><\/p>\n<p>O empr\u00e9stimo \u00e9 uma linha de cr\u00e9dito pessoal desenvolvida exclusivamente para os participantes do Economus com taxas de juros menores do que as praticadas no mercado, para contribuir na aquisi\u00e7\u00e3o de um bem, pagamento de d\u00edvidas ou fazer aquela sonhada viagem.<\/p>\n<p><strong>Confira as vantagens:<\/strong><\/p>\n<table style=\"height: 135px; width: 591px;\" border=\"1\" width=\"601\">\n<tbody>\n<tr style=\"color: #ffffff;\">\n<td style=\"height: 135px; width: 581px;\" bgcolor=\"#ed265a\">\n<ul>\n<li>Taxa de Juros menores que o mercado;<\/li>\n<li>At\u00e9 120 meses para pagar;<\/li>\n<li>Libera\u00e7\u00e3o em at\u00e9 4 dias;<\/li>\n<li>Possibilidade de refinanciamento do saldo devedor ap\u00f3s 6 meses;<\/li>\n<li>Simula\u00e7\u00e3o e contrata\u00e7\u00e3o online<\/li>\n<\/ul>\n<\/td>\n<\/tr>\n<\/tbody>\n<\/table>\n<p><strong>Conhe\u00e7a as principais caracter\u00edsticas para cada plano:<\/strong><\/p>\n<table>\n<tbody>\n<tr>\n<td><a href=\"https:\/\/cms1.com.br\/backup\/\/emprestimos\/emprestimos-planos\/emprestimos-planos-grupo-a\/\" target=\"_blank\" rel=\"noopener\"><img fetchpriority=\"high\" decoding=\"async\" class=\"alignnone wp-image-19803\" src=\"https:\/\/cms1.com.br\/backup\/\/wp-content\/uploads\/2024\/08\/regulamento-complementar-n2.png\" alt=\"\" width=\"650\" height=\"150\" srcset=\"https:\/\/cms1.com.br\/backup\/wp-content\/uploads\/2024\/08\/regulamento-complementar-n2.png 1086w, https:\/\/cms1.com.br\/backup\/wp-content\/uploads\/2024\/08\/regulamento-complementar-n2-300x69.png 300w, https:\/\/cms1.com.br\/backup\/wp-content\/uploads\/2024\/08\/regulamento-complementar-n2-1024x236.png 1024w, https:\/\/cms1.com.br\/backup\/wp-content\/uploads\/2024\/08\/regulamento-complementar-n2-768x177.png 768w, https:\/\/cms1.com.br\/backup\/wp-content\/uploads\/2024\/08\/regulamento-complementar-n2-750x173.png 750w\" sizes=\"(max-width: 650px) 100vw, 650px\" \/><\/a><\/td>\n<td><a href=\"https:\/\/cms1.com.br\/backup\/\/emprestimos\/emprestimos-planos\/emprestimos-planos-grupo-b\/\" target=\"_blank\" rel=\"noopener\"><img decoding=\"async\" class=\"alignnone wp-image-19806\" src=\"https:\/\/cms1.com.br\/backup\/\/wp-content\/uploads\/2024\/08\/regulamento-complementar-n1.png\" alt=\"\" width=\"652\" height=\"150\" srcset=\"https:\/\/cms1.com.br\/backup\/wp-content\/uploads\/2024\/08\/regulamento-complementar-n1.png 1086w, https:\/\/cms1.com.br\/backup\/wp-content\/uploads\/2024\/08\/regulamento-complementar-n1-300x69.png 300w, https:\/\/cms1.com.br\/backup\/wp-content\/uploads\/2024\/08\/regulamento-complementar-n1-1024x236.png 1024w, https:\/\/cms1.com.br\/backup\/wp-content\/uploads\/2024\/08\/regulamento-complementar-n1-768x177.png 768w, https:\/\/cms1.com.br\/backup\/wp-content\/uploads\/2024\/08\/regulamento-complementar-n1-750x173.png 750w\" sizes=\"(max-width: 652px) 100vw, 652px\" \/><\/a><\/td>\n<\/tr>\n<\/tbody>\n<\/table>\n<table>\n<tbody>\n<tr>\n<td><a href=\"https:\/\/cms1.com.br\/backup\/\/emprestimos\/emprestimos-planos\/emprestimos-planos-grupo-c\/\" target=\"_blank\" rel=\"noopener\"><img decoding=\"async\" class=\"alignnone wp-image-19808\" src=\"https:\/\/cms1.com.br\/backup\/\/wp-content\/uploads\/2024\/08\/regulamento-geral.png\" alt=\"\" width=\"650\" height=\"150\" srcset=\"https:\/\/cms1.com.br\/backup\/wp-content\/uploads\/2024\/08\/regulamento-geral.png 1086w, https:\/\/cms1.com.br\/backup\/wp-content\/uploads\/2024\/08\/regulamento-geral-300x69.png 300w, https:\/\/cms1.com.br\/backup\/wp-content\/uploads\/2024\/08\/regulamento-geral-1024x236.png 1024w, https:\/\/cms1.com.br\/backup\/wp-content\/uploads\/2024\/08\/regulamento-geral-768x177.png 768w, https:\/\/cms1.com.br\/backup\/wp-content\/uploads\/2024\/08\/regulamento-geral-750x173.png 750w\" sizes=\"(max-width: 650px) 100vw, 650px\" \/><\/a><\/td>\n<td><a href=\"https:\/\/cms1.com.br\/backup\/\/emprestimos\/emprestimos-planos\/emprestimos-planos-prevmais\/\"><img loading=\"lazy\" decoding=\"async\" class=\"alignnone size-full wp-image-6967\" src=\"https:\/\/cms1.com.br\/backup\/\/wp-content\/uploads\/2019\/03\/prevmais.png\" alt=\"\" width=\"650\" height=\"150\" srcset=\"https:\/\/cms1.com.br\/backup\/wp-content\/uploads\/2019\/03\/prevmais.png 650w, https:\/\/cms1.com.br\/backup\/wp-content\/uploads\/2019\/03\/prevmais-300x69.png 300w, https:\/\/cms1.com.br\/backup\/wp-content\/uploads\/2019\/03\/prevmais-600x138.png 600w\" sizes=\"(max-width: 650px) 100vw, 650px\" \/><\/a><\/td>\n<\/tr>\n<\/tbody>\n<\/table>\n<p>Acesse o autoatendimento para fazer uma simula\u00e7\u00e3o e verificar o limite pessoal dispon\u00edvel. \u00c9 poss\u00edvel tamb\u00e9m realizar a simula\u00e7\u00e3o pela Central de Atendimento Previdenci\u00e1rio no telefone 3003-3592, de segunda a sexta-feira, das 09h \u00e0s 18h.[\/vc_column_text][\/vc_column][\/vc_row]\n<\/div>","protected":false},"excerpt":{"rendered":"<p>[vc_row][vc_column][vc_column_text css=&#8221;&#8221;]Realize os seus sonhos! O empr\u00e9stimo \u00e9 uma linha de cr\u00e9dito pessoal desenvolvida exclusivamente para os participantes do Economus com taxas de juros menores do que as praticadas no mercado, para contribuir na aquisi\u00e7\u00e3o de um bem, pagamento de d\u00edvidas ou fazer aquela sonhada viagem. Confira as vantagens: Taxa de Juros menores que o&hellip;<\/p>\n","protected":false},"author":1,"featured_media":0,"parent":0,"menu_order":0,"comment_status":"closed","ping_status":"closed","template":"","meta":{"ngg_post_thumbnail":0,"footnotes":""},"class_list":["post-3611","page","type-page","status-publish","hentry","description-off"],"_links":{"self":[{"href":"https:\/\/cms1.com.br\/backup\/wp-json\/wp\/v2\/pages\/3611","targetHints":{"allow":["GET"]}}],"collection":[{"href":"https:\/\/cms1.com.br\/backup\/wp-json\/wp\/v2\/pages"}],"about":[{"href":"https:\/\/cms1.com.br\/backup\/wp-json\/wp\/v2\/types\/page"}],"author":[{"embeddable":true,"href":"https:\/\/cms1.com.br\/backup\/wp-json\/wp\/v2\/users\/1"}],"replies":[{"embeddable":true,"href":"https:\/\/cms1.com.br\/backup\/wp-json\/wp\/v2\/comments?post=3611"}],"version-history":[{"count":10,"href":"https:\/\/cms1.com.br\/backup\/wp-json\/wp\/v2\/pages\/3611\/revisions"}],"predecessor-version":[{"id":19879,"href":"https:\/\/cms1.com.br\/backup\/wp-json\/wp\/v2\/pages\/3611\/revisions\/19879"}],"wp:attachment":[{"href":"https:\/\/cms1.com.br\/backup\/wp-json\/wp\/v2\/media?parent=3611"}],"curies":[{"name":"wp","href":"https:\/\/api.w.org\/{rel}","templated":true}]}}