{"id":3605,"date":"2018-11-03T16:46:22","date_gmt":"2018-11-03T18:46:22","guid":{"rendered":"https:\/\/portal.economus.com.br\/?page_id=3605"},"modified":"2023-07-12T10:59:08","modified_gmt":"2023-07-12T13:59:08","slug":"saude","status":"publish","type":"page","link":"https:\/\/cms1.com.br\/backup\/saude\/","title":{"rendered":"Sa\u00fade"},"content":{"rendered":"<div class=\"wpb-content-wrapper\">[vc_row][vc_column][vc_column_text]O Economus atualmente administra 10 (dez) planos de sa\u00fade, onde os benefici\u00e1rios est\u00e3o distribu\u00eddos entre empregados ativos e aposentados oriundos do Banco Nossa Caixa e do pr\u00f3prio Economus, assim como seus dependentes diretos e familiares.<\/p>\n<p>Acesse abaixo:<\/p>\n<table>\n<tbody>\n<tr>\n<td style=\"width: 10px;\"><a href=\"https:\/\/cms1.com.br\/backup\/\/saude\/plus\/\"><img fetchpriority=\"high\" decoding=\"async\" class=\"alignnone size-full wp-image-6953\" src=\"https:\/\/cms1.com.br\/backup\/\/wp-content\/uploads\/2019\/03\/plus.png\" alt=\"\" width=\"650\" height=\"150\" srcset=\"https:\/\/cms1.com.br\/backup\/wp-content\/uploads\/2019\/03\/plus.png 650w, https:\/\/cms1.com.br\/backup\/wp-content\/uploads\/2019\/03\/plus-300x69.png 300w, https:\/\/cms1.com.br\/backup\/wp-content\/uploads\/2019\/03\/plus-600x138.png 600w\" sizes=\"(max-width: 650px) 100vw, 650px\" \/><\/a><\/td>\n<td style=\"width: 10px;\"><a href=\"https:\/\/cms1.com.br\/backup\/\/saude\/plus-ii\/\"><img decoding=\"async\" class=\"alignnone size-full wp-image-6954\" src=\"https:\/\/cms1.com.br\/backup\/\/wp-content\/uploads\/2019\/03\/plus2.png\" alt=\"\" width=\"650\" height=\"150\" srcset=\"https:\/\/cms1.com.br\/backup\/wp-content\/uploads\/2019\/03\/plus2.png 650w, https:\/\/cms1.com.br\/backup\/wp-content\/uploads\/2019\/03\/plus2-300x69.png 300w, https:\/\/cms1.com.br\/backup\/wp-content\/uploads\/2019\/03\/plus2-600x138.png 600w\" sizes=\"(max-width: 650px) 100vw, 650px\" \/><\/a><\/td>\n<\/tr>\n<\/tbody>\n<\/table>\n<table>\n<tbody>\n<tr>\n<td><a href=\"https:\/\/cms1.com.br\/backup\/\/saude\/economus-familia\/\"><img decoding=\"async\" class=\"alignnone size-full wp-image-6955\" src=\"https:\/\/cms1.com.br\/backup\/\/wp-content\/uploads\/2019\/03\/Familia.png\" alt=\"\" width=\"650\" height=\"150\" srcset=\"https:\/\/cms1.com.br\/backup\/wp-content\/uploads\/2019\/03\/Familia.png 650w, https:\/\/cms1.com.br\/backup\/wp-content\/uploads\/2019\/03\/Familia-300x69.png 300w, https:\/\/cms1.com.br\/backup\/wp-content\/uploads\/2019\/03\/Familia-600x138.png 600w\" sizes=\"(max-width: 650px) 100vw, 650px\" \/><\/a><\/td>\n<td><a href=\"https:\/\/cms1.com.br\/backup\/\/saude\/ecosaude-ii\/\"><img loading=\"lazy\" decoding=\"async\" class=\"alignnone size-full wp-image-6956\" src=\"https:\/\/cms1.com.br\/backup\/\/wp-content\/uploads\/2022\/01\/saude3.png\" alt=\"\" width=\"650\" height=\"150\" \/><\/a><\/td>\n<\/tr>\n<\/tbody>\n<\/table>\n<table style=\"width: 100%; height: 284px;\">\n<tbody>\n<tr style=\"height: 142px;\">\n<td style=\"height: 142px;\"><a href=\"https:\/\/cms1.com.br\/backup\/\/saude\/novo-feas\/\"><img loading=\"lazy\" decoding=\"async\" class=\"alignnone size-full wp-image-6958\" src=\"https:\/\/cms1.com.br\/backup\/\/wp-content\/uploads\/2019\/03\/novo-feas.png\" alt=\"\" width=\"650\" height=\"150\" srcset=\"https:\/\/cms1.com.br\/backup\/wp-content\/uploads\/2019\/03\/novo-feas.png 650w, https:\/\/cms1.com.br\/backup\/wp-content\/uploads\/2019\/03\/novo-feas-300x69.png 300w, https:\/\/cms1.com.br\/backup\/wp-content\/uploads\/2019\/03\/novo-feas-600x138.png 600w\" sizes=\"(max-width: 650px) 100vw, 650px\" \/><\/a><\/td>\n<td style=\"height: 142px;\"><a href=\"https:\/\/cms1.com.br\/backup\/\/economus-futuro\/\" target=\"_blank\" rel=\"noopener\"><img loading=\"lazy\" decoding=\"async\" class=\"alignnone wp-image-14567 size-full\" src=\"https:\/\/cms1.com.br\/backup\/\/wp-content\/uploads\/2022\/04\/Banner-pag-sa\u00fade.png\" alt=\"\" width=\"650\" height=\"150\" \/><\/a><\/td>\n<\/tr>\n<tr style=\"height: 142px;\">\n<td style=\"height: 142px;\"><a href=\"https:\/\/cms1.com.br\/backup\/\/feas-pamc-e-feas-basico\/\" target=\"_blank\" rel=\"noopener\"><img loading=\"lazy\" decoding=\"async\" class=\"alignnone size-full wp-image-17675\" src=\"https:\/\/cms1.com.br\/backup\/\/wp-content\/uploads\/2023\/06\/feaspamc.jpg\" alt=\"\" width=\"650\" height=\"150\" srcset=\"https:\/\/cms1.com.br\/backup\/wp-content\/uploads\/2023\/06\/feaspamc.jpg 650w, https:\/\/cms1.com.br\/backup\/wp-content\/uploads\/2023\/06\/feaspamc-300x69.jpg 300w\" sizes=\"(max-width: 650px) 100vw, 650px\" \/><\/a><\/td>\n<td style=\"height: 142px;\"><a href=\"https:\/\/cms1.com.br\/backup\/\/pamc-e-basico\/\" target=\"_blank\" rel=\"noopener\"><img loading=\"lazy\" decoding=\"async\" class=\"alignnone size-full wp-image-17707\" src=\"https:\/\/cms1.com.br\/backup\/\/wp-content\/uploads\/2023\/07\/pamcbasico.jpg\" alt=\"\" width=\"650\" height=\"150\" srcset=\"https:\/\/cms1.com.br\/backup\/wp-content\/uploads\/2023\/07\/pamcbasico.jpg 650w, https:\/\/cms1.com.br\/backup\/wp-content\/uploads\/2023\/07\/pamcbasico-300x69.jpg 300w\" sizes=\"(max-width: 650px) 100vw, 650px\" \/><\/a><\/td>\n<\/tr>\n<\/tbody>\n<\/table>\n[\/vc_column_text][\/vc_column][\/vc_row]\n<\/div>","protected":false},"excerpt":{"rendered":"<p>[vc_row][vc_column][vc_column_text]O Economus atualmente administra 10 (dez) planos de sa\u00fade, onde os benefici\u00e1rios est\u00e3o distribu\u00eddos entre empregados ativos e aposentados oriundos do Banco Nossa Caixa e do pr\u00f3prio Economus, assim como seus dependentes diretos e familiares. Acesse abaixo: [\/vc_column_text][\/vc_column][\/vc_row]<\/p>\n","protected":false},"author":1,"featured_media":0,"parent":0,"menu_order":0,"comment_status":"closed","ping_status":"closed","template":"","meta":{"ngg_post_thumbnail":0,"footnotes":""},"class_list":["post-3605","page","type-page","status-publish","hentry","description-off"],"_links":{"self":[{"href":"https:\/\/cms1.com.br\/backup\/wp-json\/wp\/v2\/pages\/3605","targetHints":{"allow":["GET"]}}],"collection":[{"href":"https:\/\/cms1.com.br\/backup\/wp-json\/wp\/v2\/pages"}],"about":[{"href":"https:\/\/cms1.com.br\/backup\/wp-json\/wp\/v2\/types\/page"}],"author":[{"embeddable":true,"href":"https:\/\/cms1.com.br\/backup\/wp-json\/wp\/v2\/users\/1"}],"replies":[{"embeddable":true,"href":"https:\/\/cms1.com.br\/backup\/wp-json\/wp\/v2\/comments?post=3605"}],"version-history":[{"count":15,"href":"https:\/\/cms1.com.br\/backup\/wp-json\/wp\/v2\/pages\/3605\/revisions"}],"predecessor-version":[{"id":17719,"href":"https:\/\/cms1.com.br\/backup\/wp-json\/wp\/v2\/pages\/3605\/revisions\/17719"}],"wp:attachment":[{"href":"https:\/\/cms1.com.br\/backup\/wp-json\/wp\/v2\/media?parent=3605"}],"curies":[{"name":"wp","href":"https:\/\/api.w.org\/{rel}","templated":true}]}}