{"id":3553,"date":"2018-11-03T16:37:18","date_gmt":"2018-11-03T18:37:18","guid":{"rendered":"https:\/\/portal.economus.com.br\/?page_id=3553"},"modified":"2026-01-21T10:08:00","modified_gmt":"2026-01-21T13:08:00","slug":"politicas-de-investimentos","status":"publish","type":"page","link":"https:\/\/cms1.com.br\/backup\/investimentos\/politicas-de-investimentos\/","title":{"rendered":"Pol\u00edticas de Investimentos"},"content":{"rendered":"<div class=\"wpb-content-wrapper\">[vc_row css=&#8221;.vc_custom_1543586999987{margin-top: 0px !important;margin-right: 0px !important;margin-bottom: 0px !important;margin-left: 0px !important;border-top-width: 0px !important;border-right-width: 0px !important;border-bottom-width: 0px !important;border-left-width: 0px !important;padding-top: 0px !important;padding-right: 0px !important;padding-bottom: 0px !important;padding-left: 0px !important;}&#8221;][vc_column css=&#8221;.vc_custom_1543591004335{margin-top: 0px !important;margin-bottom: 0px !important;border-top-width: 0px !important;border-bottom-width: 0px !important;padding-top: 4px !important;padding-right: 16px !important;padding-bottom: 20px !important;padding-left: 16px !important;background-color: #ffffff !important;}&#8221;][vc_column_text css=&#8221;.vc_custom_1548691546824{padding-top: 10px !important;padding-right: 10px !important;padding-bottom: 10px !important;padding-left: 10px !important;background-color: #ffffff !important;}&#8221;]Confira as diretrizes estrat\u00e9gicas que norteiam a aloca\u00e7\u00e3o dos investimentos ao longo do tempo, objetivando atingir as expectativas dos participantes e patrocinadores dos planos previdenci\u00e1rios e assistenciais.<\/p>\n[\/vc_column_text][\/vc_column][\/vc_row][vc_row css=&#8221;.vc_custom_1543595696742{margin-top: 0px !important;margin-right: 0px !important;margin-bottom: 0px !important;margin-left: 0px !important;border-top-width: 0px !important;border-right-width: 0px !important;border-bottom-width: 0px !important;border-left-width: 0px !important;padding-top: 2px !important;padding-right: 10px !important;padding-bottom: 2px !important;padding-left: 10px !important;background-color: #ffffff !important;border-left-style: solid !important;border-right-style: solid !important;border-top-style: solid !important;border-bottom-style: solid !important;border-radius: 1px !important;}&#8221;][vc_column width=&#8221;1\/2&#8243; css=&#8221;.vc_custom_1543584440495{margin-top: 0px !important;margin-bottom: 0px !important;border-top-width: 0px !important;border-bottom-width: 0px !important;padding-top: 0px !important;padding-bottom: 0px !important;}&#8221;][vc_column_text css=&#8221;.vc_custom_1548690991512{padding-top: 7px !important;}&#8221;]<strong>Pol\u00edticas de Investimentos \u2013 Previdencial<\/strong><\/p>\n<p>Reg. Geral (Grupo C), Reg. Complementar n\u00ba1 (Grupo B), Reg. Complementar n\u00ba2 (Grupo A), PrevMais e PGA.[\/vc_column_text][vc_empty_space][\/vc_column][vc_column width=&#8221;1\/2&#8243; css=&#8221;.vc_custom_1543596405373{margin-top: 0px !important;margin-bottom: 0px !important;border-top-width: 0px !important;border-bottom-width: 0px !important;padding-top: 2px !important;padding-bottom: 4px !important;}&#8221;]<div class=\" vc_custom_1759328810735 ubtn-ctn-right \"><a class=\"ubtn-link ult-adjust-bottom-margin ubtn-right ubtn-small \" href=\"https:\/\/portal.economus.com.br\/wp-content\/uploads\/acpbook\/politica_investimento_previdencial.html\" target=\"_blank\" rel=\"noopener\" ><button type=\"button\" id=\"ubtn-3714\"  class=\"ubtn ult-adjust-bottom-margin ult-responsive ubtn-small ubtn-fade-bg  none  ubtn-right   tooltip-69d291abc19e4\"  data-hover=\"#ec305c\" data-border-color=\"#ec305c\" data-bg=\"#ec305c\" data-hover-bg=\"#ffffff\" data-border-hover=\"#ec305c\" data-shadow-hover=\"\" data-shadow-click=\"none\" data-shadow=\"\" data-shd-shadow=\"\"  data-ultimate-target='#ubtn-3714'  data-responsive-json-new='{\"font-size\":\"\",\"line-height\":\"\"}'  style=\"font-weight:normal;border-radius:20px;border-width:2px;border-color:#ec305c;border-style:solid;background: #ec305c;color: #ffffff;\"><span class=\"ubtn-hover\" style=\"background-color:#ffffff\"><\/span><span class=\"ubtn-data ubtn-text \" >Acesse (\u00edntegra)<\/span><\/button><\/a><\/div>[vc_empty_space height=&#8221;5px&#8221;]<style >.button-1476377.button-style-22 .button-link-wrap{font-size:12px;line-height:25px;letter-spacing:0.4px;color:#ffffff;background:#ec305c;border-color:#ec305c;-moz-border-radius:20px;-webkit-border-radius: 20px;border-radius:20px;padding:5px 40px;}.button-1476377.button-style-22 .button-link-wrap:hover{color:#ec305c;border-color:#ec305c;background:#ffffff;}.button-1476377.button-style-22 .button-link-wrap .btn-icon{color:#ec305c;}@media (min-width:601px) and (max-width:991px){ .button-1476377.button-style-22 .button-link-wrap {} }@media (max-width:600px){ .button-1476377.button-style-22 .button-link-wrap {} }<\/style><div class=\"theservice-pop-up pop_up69d291abc1a37   \"  data-animate-type=\"\" data-animate-delay=\"\"><div class=\"pop-up-btn   text-right\"><a href=\"#pop_up69d291abc1a37\" class=\"theservice-pop-up-text\" data-lity ><div class=\"text-right ts-button\"><div class=\"pt_plus_button  button-1476377  button-style-22  \" ><div class=\"button-link-wrap\"><span>Acesse (s\u00edntese)<\/span><i class=\"btn-icon button-after fa fa-arrow-right\"><\/i><\/div><\/div><\/div><\/a><\/div><div class=\"lity-hide\"><div id=\"pop_up69d291abc1a37\" class=\" \">[vc_column_text css=&#8221;&#8221;]\n<p style=\"text-align: center;\"><strong><span style=\"color: #ffffff;\"><a style=\"color: #ffffff;\" href=\"https:\/\/cms1.com.br\/backup\/\/wp-content\/uploads\/acpbook\/politica_regulamento_complementar1.html\" target=\"_blank\" rel=\"noopener\">Regulamento Complementar n\u00ba 1<\/a><\/span><\/strong><\/p>\n<p style=\"text-align: center;\"><strong><span style=\"color: #ffffff;\"><a style=\"color: #ffffff;\" href=\"https:\/\/cms1.com.br\/backup\/\/wp-content\/uploads\/acpbook\/politica_regulamento_complementar2.html\" target=\"_blank\" rel=\"noopener\">Regulamento Complementar n\u00ba 2<\/a><\/span><\/strong><\/p>\n<p style=\"text-align: center;\"><strong><span style=\"color: #ffffff;\"><a style=\"color: #ffffff;\" href=\"https:\/\/cms1.com.br\/backup\/\/wp-content\/uploads\/acpbook\/politica_regulamento_geral.html\" target=\"_blank\" rel=\"noopener\">Regulamento Geral<\/a><\/span><\/strong><\/p>\n<p style=\"text-align: center;\"><span style=\"color: #ffffff;\"><strong><a style=\"color: #ffffff;\" href=\"https:\/\/cms1.com.br\/backup\/\/wp-content\/uploads\/acpbook\/politica_prevmais.html\" target=\"_blank\" rel=\"noopener\">PrevMais<\/a><\/strong><\/span><\/p>\n[\/vc_column_text]<\/div><\/div><\/div>[\/vc_column][\/vc_row][vc_row css=&#8221;.vc_custom_1543586999987{margin-top: 0px !important;margin-right: 0px !important;margin-bottom: 0px !important;margin-left: 0px !important;border-top-width: 0px !important;border-right-width: 0px !important;border-bottom-width: 0px !important;border-left-width: 0px !important;padding-top: 0px !important;padding-right: 0px !important;padding-bottom: 0px !important;padding-left: 0px !important;}&#8221;][vc_column css=&#8221;.vc_custom_1543591004335{margin-top: 0px !important;margin-bottom: 0px !important;border-top-width: 0px !important;border-bottom-width: 0px !important;padding-top: 4px !important;padding-right: 16px !important;padding-bottom: 20px !important;padding-left: 16px !important;background-color: #ffffff !important;}&#8221;][vc_separator][\/vc_column][\/vc_row][vc_row css=&#8221;.vc_custom_1543595696742{margin-top: 0px !important;margin-right: 0px !important;margin-bottom: 0px !important;margin-left: 0px !important;border-top-width: 0px !important;border-right-width: 0px !important;border-bottom-width: 0px !important;border-left-width: 0px !important;padding-top: 2px !important;padding-right: 10px !important;padding-bottom: 2px !important;padding-left: 10px !important;background-color: #ffffff !important;border-left-style: solid !important;border-right-style: solid !important;border-top-style: solid !important;border-bottom-style: solid !important;border-radius: 1px !important;}&#8221;][vc_column width=&#8221;5\/6&#8243; css=&#8221;.vc_custom_1543584440495{margin-top: 0px !important;margin-bottom: 0px !important;border-top-width: 0px !important;border-bottom-width: 0px !important;padding-top: 0px !important;padding-bottom: 0px !important;}&#8221;][vc_empty_space][vc_column_text css=&#8221;.vc_custom_1548691089951{padding-top: 7px !important;}&#8221;]<strong>Pol\u00edtica de Investimentos &#8211; Assistencial<\/strong><\/p>\n<p>FEAS, Economus Fam\u00edlia e Adm.Assistencial.[\/vc_column_text][\/vc_column][vc_column width=&#8221;1\/6&#8243; css=&#8221;.vc_custom_1543596405373{margin-top: 0px !important;margin-bottom: 0px !important;border-top-width: 0px !important;border-bottom-width: 0px !important;padding-top: 2px !important;padding-bottom: 4px !important;}&#8221;][vc_empty_space]<div class=\" vc_custom_1759328824896 ubtn-ctn-right \"><a class=\"ubtn-link ult-adjust-bottom-margin ubtn-right ubtn-small \" href=\"https:\/\/portal.economus.com.br\/wp-content\/uploads\/acpbook\/politica_investimento_assistencial.html.\" target=\"_blank\" rel=\"noopener\" ><button type=\"button\" id=\"ubtn-8363\"  class=\"ubtn ult-adjust-bottom-margin ult-responsive ubtn-small ubtn-fade-bg  none  ubtn-right   tooltip-69d291abc20af\"  data-hover=\"#ec305c\" data-border-color=\"#ec305c\" data-bg=\"#ec305c\" data-hover-bg=\"#ffffff\" data-border-hover=\"#ec305c\" data-shadow-hover=\"\" data-shadow-click=\"none\" data-shadow=\"\" data-shd-shadow=\"\"  data-ultimate-target='#ubtn-8363'  data-responsive-json-new='{\"font-size\":\"\",\"line-height\":\"\"}'  style=\"font-weight:normal;border-radius:20px;border-width:2px;border-color:#ec305c;border-style:solid;background: #ec305c;color: #ffffff;\"><span class=\"ubtn-hover\" style=\"background-color:#ffffff\"><\/span><span class=\"ubtn-data ubtn-text \" >Acesse<\/span><\/button><\/a><\/div>[\/vc_column][vc_column][\/vc_column][vc_column][\/vc_column][\/vc_row]\n<\/div>","protected":false},"excerpt":{"rendered":"<p>[vc_row css=&#8221;.vc_custom_1543586999987{margin-top: 0px !important;margin-right: 0px !important;margin-bottom: 0px !important;margin-left: 0px !important;border-top-width: 0px !important;border-right-width: 0px !important;border-bottom-width: 0px !important;border-left-width: 0px !important;padding-top: 0px !important;padding-right: 0px !important;padding-bottom: 0px !important;padding-left: 0px !important;}&#8221;][vc_column css=&#8221;.vc_custom_1543591004335{margin-top: 0px !important;margin-bottom: 0px !important;border-top-width: 0px !important;border-bottom-width: 0px !important;padding-top: 4px !important;padding-right: 16px !important;padding-bottom: 20px !important;padding-left: 16px !important;background-color: #ffffff !important;}&#8221;][vc_column_text css=&#8221;.vc_custom_1548691546824{padding-top: 10px !important;padding-right: 10px !important;padding-bottom: 10px !important;padding-left: 10px !important;background-color: #ffffff&hellip;<\/p>\n","protected":false},"author":1,"featured_media":0,"parent":3613,"menu_order":0,"comment_status":"closed","ping_status":"closed","template":"","meta":{"ngg_post_thumbnail":0,"footnotes":""},"class_list":["post-3553","page","type-page","status-publish","hentry","description-off"],"_links":{"self":[{"href":"https:\/\/cms1.com.br\/backup\/wp-json\/wp\/v2\/pages\/3553","targetHints":{"allow":["GET"]}}],"collection":[{"href":"https:\/\/cms1.com.br\/backup\/wp-json\/wp\/v2\/pages"}],"about":[{"href":"https:\/\/cms1.com.br\/backup\/wp-json\/wp\/v2\/types\/page"}],"author":[{"embeddable":true,"href":"https:\/\/cms1.com.br\/backup\/wp-json\/wp\/v2\/users\/1"}],"replies":[{"embeddable":true,"href":"https:\/\/cms1.com.br\/backup\/wp-json\/wp\/v2\/comments?post=3553"}],"version-history":[{"count":106,"href":"https:\/\/cms1.com.br\/backup\/wp-json\/wp\/v2\/pages\/3553\/revisions"}],"predecessor-version":[{"id":22330,"href":"https:\/\/cms1.com.br\/backup\/wp-json\/wp\/v2\/pages\/3553\/revisions\/22330"}],"up":[{"embeddable":true,"href":"https:\/\/cms1.com.br\/backup\/wp-json\/wp\/v2\/pages\/3613"}],"wp:attachment":[{"href":"https:\/\/cms1.com.br\/backup\/wp-json\/wp\/v2\/media?parent=3553"}],"curies":[{"name":"wp","href":"https:\/\/api.w.org\/{rel}","templated":true}]}}