{"id":3342,"date":"2018-11-03T15:11:38","date_gmt":"2018-11-03T17:11:38","guid":{"rendered":"https:\/\/portal.economus.com.br\/?page_id=3342"},"modified":"2019-04-01T13:07:19","modified_gmt":"2019-04-01T16:07:19","slug":"sobre","status":"publish","type":"page","link":"https:\/\/cms1.com.br\/backup\/sobre\/","title":{"rendered":"Sobre"},"content":{"rendered":"<div class=\"wpb-content-wrapper\">[vc_row][vc_column][vc_column_text]\n<h3><span style=\"color: #2d3884;\"><strong>Quem Somos<\/strong><\/span><\/h3>\n<p>O Economus &#8211; Instituto de Seguridade Social, \u00e9 uma Entidade Fechada de Previd\u00eancia Complementar, constitu\u00edda em setembro de 1977 como pol\u00edtica de recursos humanos do antigo Banco Nossa Caixa S\/A, adquirido em 2009 pelo Banco do Brasil.<\/p>\n<p>O Instituto tamb\u00e9m administra a assist\u00eancia m\u00e9dico-hospitalar dos funcion\u00e1rios e seus dependentes.<\/p>\n<h3><span style=\"color: #2d3884;\">Origem do nome<\/span><\/h3>\n<p>A denomina\u00e7\u00e3o tem sua origem no Latim, \u201coeconomus\u201d, que significa administrador de uma institui\u00e7\u00e3o particular ou p\u00fablica.<\/p>\n<h3><span style=\"color: #2d3884;\">O que fazemos<\/span><\/h3>\n<p>O Economus oferece aos participantes rendas suplementares \u00e0s do INSS, para aposentadoria e em casos de doen\u00e7a, invalidez ou morte. Al\u00e9m disso, administra os planos de sa\u00fade subsidiados pelo banco patrocinador e concede empr\u00e9stimos exclusivos aos participantes.<\/p>\n<h3><span style=\"color: #2d3884;\">Patrocinadores<\/span><\/h3>\n<p>Banco do Brasil e o pr\u00f3prio Economus, com rela\u00e7\u00e3o aos seus empregados.[\/vc_column_text][\/vc_column][\/vc_row][vc_row css=&#8221;.vc_custom_1543499940016{margin-top: 30px !important;}&#8221;][vc_column width=&#8221;2\/3&#8243;][vc_column_text]<strong>Veja nosso v\u00eddeo Institucional e conhe\u00e7a mais sobre o Economus:<\/strong><\/p>\n<p><iframe src=\"https:\/\/www.youtube.com\/embed\/KQfEA3nWkkU\" width=\"560\" height=\"315\" frameborder=\"0\" allowfullscreen=\"allowfullscreen\"><span data-mce-type=\"bookmark\" style=\"display: inline-block; width: 0px; overflow: hidden; line-height: 0;\" class=\"mce_SELRES_start\">\ufeff<\/span><\/iframe>[\/vc_column_text][\/vc_column][vc_column width=&#8221;1\/3&#8243;][\/vc_column][\/vc_row][vc_row css=&#8221;.vc_custom_1543241023839{margin-top: 20px !important;}&#8221;][vc_column][vc_column_text]<img fetchpriority=\"high\" decoding=\"async\" class=\"alignnone size-full wp-image-7362\" src=\"https:\/\/cms1.com.br\/backup\/\/wp-content\/uploads\/2019\/04\/O-ECONOMUSv3.png\" alt=\"\" width=\"1500\" height=\"967\" srcset=\"https:\/\/cms1.com.br\/backup\/wp-content\/uploads\/2019\/04\/O-ECONOMUSv3.png 1500w, https:\/\/cms1.com.br\/backup\/wp-content\/uploads\/2019\/04\/O-ECONOMUSv3-300x193.png 300w, https:\/\/cms1.com.br\/backup\/wp-content\/uploads\/2019\/04\/O-ECONOMUSv3-768x495.png 768w, https:\/\/cms1.com.br\/backup\/wp-content\/uploads\/2019\/04\/O-ECONOMUSv3-1024x660.png 1024w, https:\/\/cms1.com.br\/backup\/wp-content\/uploads\/2019\/04\/O-ECONOMUSv3-600x387.png 600w, https:\/\/cms1.com.br\/backup\/wp-content\/uploads\/2019\/04\/O-ECONOMUSv3-750x484.png 750w, https:\/\/cms1.com.br\/backup\/wp-content\/uploads\/2019\/04\/O-ECONOMUSv3-1140x735.png 1140w\" sizes=\"(max-width: 1500px) 100vw, 1500px\" \/>[\/vc_column_text][\/vc_column][\/vc_row]\n<\/div>","protected":false},"excerpt":{"rendered":"<p>[vc_row][vc_column][vc_column_text] Quem Somos O Economus &#8211; Instituto de Seguridade Social, \u00e9 uma Entidade Fechada de Previd\u00eancia Complementar, constitu\u00edda em setembro de 1977 como pol\u00edtica de recursos humanos do antigo Banco Nossa Caixa S\/A, adquirido em 2009 pelo Banco do Brasil. O Instituto tamb\u00e9m administra a assist\u00eancia m\u00e9dico-hospitalar dos funcion\u00e1rios e seus dependentes. Origem do nome&hellip;<\/p>\n","protected":false},"author":1,"featured_media":0,"parent":0,"menu_order":0,"comment_status":"closed","ping_status":"closed","template":"","meta":{"ngg_post_thumbnail":0,"footnotes":""},"class_list":["post-3342","page","type-page","status-publish","hentry","description-off"],"_links":{"self":[{"href":"https:\/\/cms1.com.br\/backup\/wp-json\/wp\/v2\/pages\/3342","targetHints":{"allow":["GET"]}}],"collection":[{"href":"https:\/\/cms1.com.br\/backup\/wp-json\/wp\/v2\/pages"}],"about":[{"href":"https:\/\/cms1.com.br\/backup\/wp-json\/wp\/v2\/types\/page"}],"author":[{"embeddable":true,"href":"https:\/\/cms1.com.br\/backup\/wp-json\/wp\/v2\/users\/1"}],"replies":[{"embeddable":true,"href":"https:\/\/cms1.com.br\/backup\/wp-json\/wp\/v2\/comments?post=3342"}],"version-history":[{"count":23,"href":"https:\/\/cms1.com.br\/backup\/wp-json\/wp\/v2\/pages\/3342\/revisions"}],"predecessor-version":[{"id":4948,"href":"https:\/\/cms1.com.br\/backup\/wp-json\/wp\/v2\/pages\/3342\/revisions\/4948"}],"wp:attachment":[{"href":"https:\/\/cms1.com.br\/backup\/wp-json\/wp\/v2\/media?parent=3342"}],"curies":[{"name":"wp","href":"https:\/\/api.w.org\/{rel}","templated":true}]}}