{"id":18608,"date":"2024-02-05T16:43:18","date_gmt":"2024-02-05T19:43:18","guid":{"rendered":"https:\/\/portal.economus.com.br\/?page_id=18608"},"modified":"2024-10-04T10:30:23","modified_gmt":"2024-10-04T13:30:23","slug":"prazos-para-autorizacao-de-procedimentos-medicos","status":"publish","type":"page","link":"https:\/\/cms1.com.br\/backup\/prazos-para-autorizacao-de-procedimentos-medicos\/","title":{"rendered":"Prazos para autoriza\u00e7\u00e3o de procedimentos m\u00e9dicos"},"content":{"rendered":"<p><img fetchpriority=\"high\" decoding=\"async\" class=\"alignnone size-full wp-image-10264\" src=\"https:\/\/cms1.com.br\/backup\/\/wp-content\/uploads\/2020\/03\/banner_prazos_ans.jpg\" alt=\"\" width=\"800\" height=\"500\" srcset=\"https:\/\/cms1.com.br\/backup\/wp-content\/uploads\/2020\/03\/banner_prazos_ans.jpg 800w, https:\/\/cms1.com.br\/backup\/wp-content\/uploads\/2020\/03\/banner_prazos_ans-300x188.jpg 300w, https:\/\/cms1.com.br\/backup\/wp-content\/uploads\/2020\/03\/banner_prazos_ans-768x480.jpg 768w, https:\/\/cms1.com.br\/backup\/wp-content\/uploads\/2020\/03\/banner_prazos_ans-750x469.jpg 750w\" sizes=\"(max-width: 800px) 100vw, 800px\" \/><\/p>\n<p>Em algumas ocasi\u00f5es, as consultas e os procedimentos indicados pelo profissional de sa\u00fade precisam da autoriza\u00e7\u00e3o da gestora do plano para serem realizados.<\/p>\n<p>A respons\u00e1vel por estabelecer os prazos m\u00e1ximos e por fiscalizar os seus cumprimentos pelas gestoras dos planos \u00e9 a Ag\u00eancia Nacional de Sa\u00fade (ANS) e o tempo previsto para autoriza\u00e7\u00e3o de procedimentos eletivos varia de 3 a 21 dias \u00fateis.<\/p>\n<p>O Economus busca liberar procedimentos de forma autom\u00e1tica antecipando o prazo legal da ANS, assegurando o padr\u00e3o de qualidade no atendimento. Al\u00e9m disso, orienta os prestadores credenciados para que enviem o pedido m\u00e9dico ao Economus com a maior brevidade poss\u00edvel.<\/p>\n<p>\u00c9 importante que no momento do agendamento seja verificado se os procedimentos indicados pelo profissional de sa\u00fade precisam de autoriza\u00e7\u00e3o pr\u00e9via. Dessa forma, \u00e9 poss\u00edvel garantir que haja tempo h\u00e1bil de retorno para o Economus, considerando o prazo limite estabelecido pela ANS para aquele procedimento. Antes de comparecer ao local agendado, confirme atrav\u00e9s do Autoatendimento, Aplicativo Economus e\/ou com o nosso parceiro credenciado se houve a autoriza\u00e7\u00e3o da Operadora e se est\u00e1 tudo certo para a realiza\u00e7\u00e3o do seu procedimento.<\/p>\n<p>Vale ressaltar que atendimentos de urg\u00eancia e emerg\u00eancia m\u00e9dica s\u00e3o feitos de imediato, sem a necessidade de autoriza\u00e7\u00e3o pr\u00e9via.<\/p>\n<p><strong>Prazos para procedimentos:<\/strong><\/p>\n<p>Clique <a href=\"https:\/\/cms1.com.br\/backup\/\/wp-content\/uploads\/2024\/10\/prazos-procedimentos.pdf\">aqui<\/a> e confira os prazos para procedimentos m\u00e9dicos, de acordo com a Resolu\u00e7\u00e3o Normativa (RN) 566 da ANS<\/p>\n<p>Voc\u00ea pode conferir a Resolu\u00e7\u00e3o na \u00edntegra, clicando<strong>\u00a0<a href=\"https:\/\/www.ans.gov.br\/component\/legislacao\/?view=legislacao&amp;task=textoLei&amp;format=raw&amp;id=NDM0MQ==\" target=\"_blank\" rel=\"noopener\">aqui<\/a><\/strong>.<\/p>\n<p>Em caso de d\u00favidas, entre em contato com o Economus atrav\u00e9s do 0800 149 8000 ou <a href=\"https:\/\/www.economus.com.br\/AutoAtendimento\/Relacionamento\/NovoAtendimento?canalatendimento=9\"><strong>Fale Conosco<\/strong><\/a>.<\/p>\n","protected":false},"excerpt":{"rendered":"<p>Em algumas ocasi\u00f5es, as consultas e os procedimentos indicados pelo profissional de sa\u00fade precisam da autoriza\u00e7\u00e3o da gestora do plano para serem realizados. A respons\u00e1vel por estabelecer os prazos m\u00e1ximos e por fiscalizar os seus cumprimentos pelas gestoras dos planos \u00e9 a Ag\u00eancia Nacional de Sa\u00fade (ANS) e o tempo previsto para autoriza\u00e7\u00e3o de procedimentos&hellip;<\/p>\n","protected":false},"author":9,"featured_media":10264,"parent":0,"menu_order":0,"comment_status":"closed","ping_status":"closed","template":"","meta":{"ngg_post_thumbnail":0,"footnotes":""},"class_list":["post-18608","page","type-page","status-publish","has-post-thumbnail","hentry","description-off"],"_links":{"self":[{"href":"https:\/\/cms1.com.br\/backup\/wp-json\/wp\/v2\/pages\/18608","targetHints":{"allow":["GET"]}}],"collection":[{"href":"https:\/\/cms1.com.br\/backup\/wp-json\/wp\/v2\/pages"}],"about":[{"href":"https:\/\/cms1.com.br\/backup\/wp-json\/wp\/v2\/types\/page"}],"author":[{"embeddable":true,"href":"https:\/\/cms1.com.br\/backup\/wp-json\/wp\/v2\/users\/9"}],"replies":[{"embeddable":true,"href":"https:\/\/cms1.com.br\/backup\/wp-json\/wp\/v2\/comments?post=18608"}],"version-history":[{"count":13,"href":"https:\/\/cms1.com.br\/backup\/wp-json\/wp\/v2\/pages\/18608\/revisions"}],"predecessor-version":[{"id":20045,"href":"https:\/\/cms1.com.br\/backup\/wp-json\/wp\/v2\/pages\/18608\/revisions\/20045"}],"wp:featuredmedia":[{"embeddable":true,"href":"https:\/\/cms1.com.br\/backup\/wp-json\/wp\/v2\/media\/10264"}],"wp:attachment":[{"href":"https:\/\/cms1.com.br\/backup\/wp-json\/wp\/v2\/media?parent=18608"}],"curies":[{"name":"wp","href":"https:\/\/api.w.org\/{rel}","templated":true}]}}