{"id":18000,"date":"2023-09-29T14:53:14","date_gmt":"2023-09-29T17:53:14","guid":{"rendered":"https:\/\/portal.economus.com.br\/?page_id=18000"},"modified":"2025-02-07T11:56:58","modified_gmt":"2025-02-07T14:56:58","slug":"orientacoes-sobre-procuracao","status":"publish","type":"page","link":"https:\/\/cms1.com.br\/backup\/orientacoes-sobre-procuracao\/","title":{"rendered":"Orienta\u00e7\u00f5es sobre Procura\u00e7\u00e3o"},"content":{"rendered":"<div class=\"wpb-content-wrapper\">[vc_row][vc_column width=&#8221;3\/4&#8243;][vc_empty_space height=&#8221;16px&#8221;][vc_column_text css=&#8221;&#8221;]<strong><span class=\"ui-provider ec bbw bbx bby bbz bca bcb bcc bcd bce bcf bcg bch bci bcj bck bcl bcm bcn bco bcp bcq bcr bcs bct bcu bcv bcw bcx bcy bcz bda bdb bdc bdd\" dir=\"ltr\">Veja abaixo as principais regras para que uma procura\u00e7\u00e3o seja v\u00e1lida no Economus:<\/span><\/strong><\/p>\n<p><img fetchpriority=\"high\" decoding=\"async\" class=\"alignnone size-full wp-image-18022\" src=\"https:\/\/cms1.com.br\/backup\/\/wp-content\/uploads\/2023\/10\/Tabela-procuracao-png-1.png\" alt=\"\" width=\"773\" height=\"642\" srcset=\"https:\/\/cms1.com.br\/backup\/wp-content\/uploads\/2023\/10\/Tabela-procuracao-png-1.png 773w, https:\/\/cms1.com.br\/backup\/wp-content\/uploads\/2023\/10\/Tabela-procuracao-png-1-300x249.png 300w, https:\/\/cms1.com.br\/backup\/wp-content\/uploads\/2023\/10\/Tabela-procuracao-png-1-768x638.png 768w, https:\/\/cms1.com.br\/backup\/wp-content\/uploads\/2023\/10\/Tabela-procuracao-png-1-750x623.png 750w\" sizes=\"(max-width: 773px) 100vw, 773px\" \/><\/p>\n<p><strong>Modelo de Procura\u00e7\u00e3o<\/strong> &#8211; Clique <a href=\"https:\/\/cms1.com.br\/backup\/\/wp-content\/uploads\/2025\/02\/modelo_de_procuracao.zip\" target=\"_blank\" rel=\"noopener\">aqui<\/a> para baixar![\/vc_column_text][\/vc_column][vc_column width=&#8221;1\/4&#8243; css=&#8221;.vc_custom_1545137574296{background-color: #ffffff !important;}&#8221;]<div  class=\"jeg_block_heading jeg_block_heading_1 jeg_alignleft epic_module__0_69d0f83d01cad vc_custom_1547012089785  \">\n                    <h3 class=\"jeg_block_title\"><span>V\u00eddeos<\/span><\/h3>\n                    <style>.epic_module__0_69d0f83d01cad.jeg_block_heading_1 .jeg_block_title span { background: #f1583c; }.epic_module__0_69d0f83d01cad.jeg_block_heading_1 { border-color: #f1583c; }<\/style>\n                <\/div>[vc_column_text]Empr\u00e9stimos Economus[\/vc_column_text][vc_video link=&#8221;https:\/\/www.youtube.com\/watch?v=bUpuzuQYigU&#8221; css=&#8221;.vc_custom_1547011981425{margin-bottom: 20px !important;}&#8221;]<div  class=\"jeg_block_heading jeg_block_heading_1 jeg_alignleft epic_module__1_69d0f83d01cd4 vc_custom_1545137371546  \">\n                    <h3 class=\"jeg_block_title\"><span>Not\u00edcias<\/span><\/h3>\n                    <style>.epic_module__1_69d0f83d01cd4.jeg_block_heading_1 .jeg_block_title span { background: #f1583c; }<\/style>\n                <\/div><div  class=\"jeg_postblock_carousel_1 jeg_postblock jeg_col_8 epic_module__2_69d0f83d01d3d   \">\n                    <div class='jeg_carousel_placeholder'>\n\t\t\t\t\t\t<div class='thumbnail-wrapper'>\n\t\t\t\t\t\t\t<div class='thumbnail-inner' style='margin-bottom: 121px;'><div class='thumbnail-container size-715'><\/div><\/div>\n\t\t\t\t\t\t<\/div>\n\t\t\t\t\t<\/div>\n                    <div class=\"jeg_carousel_post\" data-nav='true' data-autoplay='true' data-delay='6000' data-items='1' data-margin='20'>\n                        <article class=\"jeg_post post-22408 post type-post status-publish format-standard has-post-thumbnail hentry category-institucional category-saude\">\n                    <div class=\"jeg_thumb\">\n                        \n                        <a href=\"https:\/\/cms1.com.br\/backup\/economus-lanca-o-programa-vida\/\"><div class=\"thumbnail-container animate-lazy  size-715 \"><img decoding=\"async\" width=\"350\" height=\"250\" src=\"https:\/\/cms1.com.br\/backup\/wp-content\/plugins\/epic-news-element\/assets\/img\/jeg-empty.png\" class=\"attachment-epic-350x250 size-epic-350x250 lazyload wp-post-image\" alt=\"Economus lan\u00e7a o Programa Vida+\" data-src=\"https:\/\/cms1.com.br\/backup\/wp-content\/uploads\/2026\/02\/banner-site-lancamento-350x250.png\" data-sizes=\"auto\" data-srcset=\"https:\/\/cms1.com.br\/backup\/wp-content\/uploads\/2026\/02\/banner-site-lancamento-350x250.png 350w, https:\/\/cms1.com.br\/backup\/wp-content\/uploads\/2026\/02\/banner-site-lancamento-700x500.png 700w, https:\/\/cms1.com.br\/backup\/wp-content\/uploads\/2026\/02\/banner-site-lancamento-120x86.png 120w\" data-expand=\"700\" \/><\/div><\/a>\n                    <\/div>\n                    <div class=\"jeg_postblock_content\">\n                        <h3 class=\"jeg_post_title\"><a href=\"https:\/\/cms1.com.br\/backup\/economus-lanca-o-programa-vida\/\">Economus lan\u00e7a o Programa Vida+<\/a><\/h3>\n                        <div class=\"jeg_post_meta\">\n                    <div class=\"jeg_meta_date\"><i class=\"fa fa-clock-o\"><\/i> 06\/02\/2026<\/div>\n                <\/div>\n                    <\/div>\n                <\/article><article class=\"jeg_post post-22403 post type-post status-publish format-standard has-post-thumbnail hentry category-institucional category-noticias\">\n                    <div class=\"jeg_thumb\">\n                        \n                        <a href=\"https:\/\/cms1.com.br\/backup\/vem-ai-o-novo-site-do-economus\/\"><div class=\"thumbnail-container animate-lazy  size-715 \"><img decoding=\"async\" width=\"350\" height=\"250\" src=\"https:\/\/cms1.com.br\/backup\/wp-content\/plugins\/epic-news-element\/assets\/img\/jeg-empty.png\" class=\"attachment-epic-350x250 size-epic-350x250 lazyload wp-post-image\" alt=\"Vem a\u00ed o novo site do Economus!\" data-src=\"https:\/\/cms1.com.br\/backup\/wp-content\/uploads\/2026\/02\/Teaser-site-350x250.png\" data-sizes=\"auto\" data-srcset=\"https:\/\/cms1.com.br\/backup\/wp-content\/uploads\/2026\/02\/Teaser-site-350x250.png 350w, https:\/\/cms1.com.br\/backup\/wp-content\/uploads\/2026\/02\/Teaser-site-700x500.png 700w, https:\/\/cms1.com.br\/backup\/wp-content\/uploads\/2026\/02\/Teaser-site-120x86.png 120w\" data-expand=\"700\" \/><\/div><\/a>\n                    <\/div>\n                    <div class=\"jeg_postblock_content\">\n                        <h3 class=\"jeg_post_title\"><a href=\"https:\/\/cms1.com.br\/backup\/vem-ai-o-novo-site-do-economus\/\">Vem a\u00ed o novo site do Economus!<\/a><\/h3>\n                        <div class=\"jeg_post_meta\">\n                    <div class=\"jeg_meta_date\"><i class=\"fa fa-clock-o\"><\/i> 05\/02\/2026<\/div>\n                <\/div>\n                    <\/div>\n                <\/article><article class=\"jeg_post post-22398 post type-post status-publish format-standard has-post-thumbnail hentry category-eleicoes-2026 category-institucional category-noticias\">\n                    <div class=\"jeg_thumb\">\n                        \n                        <a href=\"https:\/\/cms1.com.br\/backup\/eleicoes-2026-candidaturas-serao-recebidas-ate-o-dia-20-de-fevereiro\/\"><div class=\"thumbnail-container animate-lazy  size-715 \"><img loading=\"lazy\" decoding=\"async\" width=\"350\" height=\"250\" src=\"https:\/\/cms1.com.br\/backup\/wp-content\/plugins\/epic-news-element\/assets\/img\/jeg-empty.png\" class=\"attachment-epic-350x250 size-epic-350x250 lazyload wp-post-image\" alt=\"Elei\u00e7\u00f5es 2026 \u2013 Candidaturas ser\u00e3o recebidas at\u00e9 o dia 20 de fevereiro\" data-src=\"https:\/\/cms1.com.br\/backup\/wp-content\/uploads\/2026\/02\/banner-noticia-350x250.jpg\" data-sizes=\"auto\" data-srcset=\"https:\/\/cms1.com.br\/backup\/wp-content\/uploads\/2026\/02\/banner-noticia-350x250.jpg 350w, https:\/\/cms1.com.br\/backup\/wp-content\/uploads\/2026\/02\/banner-noticia-700x500.jpg 700w, https:\/\/cms1.com.br\/backup\/wp-content\/uploads\/2026\/02\/banner-noticia-120x86.jpg 120w\" data-expand=\"700\" \/><\/div><\/a>\n                    <\/div>\n                    <div class=\"jeg_postblock_content\">\n                        <h3 class=\"jeg_post_title\"><a href=\"https:\/\/cms1.com.br\/backup\/eleicoes-2026-candidaturas-serao-recebidas-ate-o-dia-20-de-fevereiro\/\">Elei\u00e7\u00f5es 2026 \u2013 Candidaturas ser\u00e3o recebidas at\u00e9 o dia 20 de fevereiro<\/a><\/h3>\n                        <div class=\"jeg_post_meta\">\n                    <div class=\"jeg_meta_date\"><i class=\"fa fa-clock-o\"><\/i> 04\/02\/2026<\/div>\n                <\/div>\n                    <\/div>\n                <\/article><article class=\"jeg_post post-22376 post type-post status-publish format-standard has-post-thumbnail hentry category-saude category-noticias\">\n                    <div class=\"jeg_thumb\">\n                        \n                        <a href=\"https:\/\/cms1.com.br\/backup\/economus-inicia-pesquisa-de-satisfacao-2026-com-beneficiarios-dos-planos-de-saude\/\"><div class=\"thumbnail-container animate-lazy  size-715 \"><img loading=\"lazy\" decoding=\"async\" width=\"350\" height=\"250\" src=\"https:\/\/cms1.com.br\/backup\/wp-content\/plugins\/epic-news-element\/assets\/img\/jeg-empty.png\" class=\"attachment-epic-350x250 size-epic-350x250 lazyload wp-post-image\" alt=\"Economus inicia Pesquisa de Satisfa\u00e7\u00e3o 2026 com benefici\u00e1rios dos planos de sa\u00fade\" data-src=\"https:\/\/cms1.com.br\/backup\/wp-content\/uploads\/2026\/02\/Pesquisa-ANS-2026-Site-350x250.png\" data-sizes=\"auto\" data-srcset=\"https:\/\/cms1.com.br\/backup\/wp-content\/uploads\/2026\/02\/Pesquisa-ANS-2026-Site-350x250.png 350w, https:\/\/cms1.com.br\/backup\/wp-content\/uploads\/2026\/02\/Pesquisa-ANS-2026-Site-700x500.png 700w, https:\/\/cms1.com.br\/backup\/wp-content\/uploads\/2026\/02\/Pesquisa-ANS-2026-Site-120x86.png 120w\" data-expand=\"700\" \/><\/div><\/a>\n                    <\/div>\n                    <div class=\"jeg_postblock_content\">\n                        <h3 class=\"jeg_post_title\"><a href=\"https:\/\/cms1.com.br\/backup\/economus-inicia-pesquisa-de-satisfacao-2026-com-beneficiarios-dos-planos-de-saude\/\">Economus inicia Pesquisa de Satisfa\u00e7\u00e3o 2026 com benefici\u00e1rios dos planos de sa\u00fade<\/a><\/h3>\n                        <div class=\"jeg_post_meta\">\n                    <div class=\"jeg_meta_date\"><i class=\"fa fa-clock-o\"><\/i> 03\/02\/2026<\/div>\n                <\/div>\n                    <\/div>\n                <\/article><article class=\"jeg_post post-22350 post type-post status-publish format-standard has-post-thumbnail hentry category-institucional category-noticias\">\n                    <div class=\"jeg_thumb\">\n                        \n                        <a href=\"https:\/\/cms1.com.br\/backup\/atendimento-presencial-com-a-ouvidoria-veja-como-fazer-o-agendamento\/\"><div class=\"thumbnail-container animate-lazy  size-715 \"><img loading=\"lazy\" decoding=\"async\" width=\"350\" height=\"250\" src=\"https:\/\/cms1.com.br\/backup\/wp-content\/plugins\/epic-news-element\/assets\/img\/jeg-empty.png\" class=\"attachment-epic-350x250 size-epic-350x250 lazyload wp-post-image\" alt=\"Atendimento presencial com a Ouvidoria: veja como fazer o agendamento\" data-src=\"https:\/\/cms1.com.br\/backup\/wp-content\/uploads\/2026\/01\/Site-350x250.png\" data-sizes=\"auto\" data-srcset=\"https:\/\/cms1.com.br\/backup\/wp-content\/uploads\/2026\/01\/Site-350x250.png 350w, https:\/\/cms1.com.br\/backup\/wp-content\/uploads\/2026\/01\/Site-700x500.png 700w, https:\/\/cms1.com.br\/backup\/wp-content\/uploads\/2026\/01\/Site-120x86.png 120w\" data-expand=\"700\" \/><\/div><\/a>\n                    <\/div>\n                    <div class=\"jeg_postblock_content\">\n                        <h3 class=\"jeg_post_title\"><a href=\"https:\/\/cms1.com.br\/backup\/atendimento-presencial-com-a-ouvidoria-veja-como-fazer-o-agendamento\/\">Atendimento presencial com a Ouvidoria: veja como fazer o agendamento<\/a><\/h3>\n                        <div class=\"jeg_post_meta\">\n                    <div class=\"jeg_meta_date\"><i class=\"fa fa-clock-o\"><\/i> 27\/01\/2026<\/div>\n                <\/div>\n                    <\/div>\n                <\/article><article class=\"jeg_post post-22340 post type-post status-publish format-standard has-post-thumbnail hentry category-previdencia category-noticias\">\n                    <div class=\"jeg_thumb\">\n                        \n                        <a href=\"https:\/\/cms1.com.br\/backup\/alteracao-no-calculo-do-imposto-de-renda-retido-na-fonte-irrf\/\"><div class=\"thumbnail-container animate-lazy  size-715 \"><img loading=\"lazy\" decoding=\"async\" width=\"350\" height=\"250\" src=\"https:\/\/cms1.com.br\/backup\/wp-content\/plugins\/epic-news-element\/assets\/img\/jeg-empty.png\" class=\"attachment-epic-350x250 size-epic-350x250 lazyload wp-post-image\" alt=\"Altera\u00e7\u00e3o no c\u00e1lculo do Imposto de Renda Retido na Fonte (IRRF)\" data-src=\"https:\/\/cms1.com.br\/backup\/wp-content\/uploads\/2026\/01\/IRRF-350x250.png\" data-sizes=\"auto\" data-srcset=\"https:\/\/cms1.com.br\/backup\/wp-content\/uploads\/2026\/01\/IRRF-350x250.png 350w, https:\/\/cms1.com.br\/backup\/wp-content\/uploads\/2026\/01\/IRRF-700x500.png 700w, https:\/\/cms1.com.br\/backup\/wp-content\/uploads\/2026\/01\/IRRF-120x86.png 120w\" data-expand=\"700\" \/><\/div><\/a>\n                    <\/div>\n                    <div class=\"jeg_postblock_content\">\n                        <h3 class=\"jeg_post_title\"><a href=\"https:\/\/cms1.com.br\/backup\/alteracao-no-calculo-do-imposto-de-renda-retido-na-fonte-irrf\/\">Altera\u00e7\u00e3o no c\u00e1lculo do Imposto de Renda Retido na Fonte (IRRF)<\/a><\/h3>\n                        <div class=\"jeg_post_meta\">\n                    <div class=\"jeg_meta_date\"><i class=\"fa fa-clock-o\"><\/i> 22\/01\/2026<\/div>\n                <\/div>\n                    <\/div>\n                <\/article><article class=\"jeg_post post-22312 post type-post status-publish format-standard has-post-thumbnail hentry category-saude category-noticias\">\n                    <div class=\"jeg_thumb\">\n                        \n                        <a href=\"https:\/\/cms1.com.br\/backup\/ans-divulga-resultado-do-idss-2025-ano-base-2024-e-mantem-o-economus-na-faixa-de-excelencia\/\"><div class=\"thumbnail-container animate-lazy  size-715 \"><img loading=\"lazy\" decoding=\"async\" width=\"350\" height=\"250\" src=\"https:\/\/cms1.com.br\/backup\/wp-content\/plugins\/epic-news-element\/assets\/img\/jeg-empty.png\" class=\"attachment-epic-350x250 size-epic-350x250 lazyload wp-post-image\" alt=\"ANS divulga resultado do IDSS 2025 (ano-base 2024) e mant\u00e9m o Economus na faixa de excel\u00eancia\" data-src=\"https:\/\/cms1.com.br\/backup\/wp-content\/uploads\/2026\/01\/Site-IDSS-2025-350x250.png\" data-sizes=\"auto\" data-srcset=\"https:\/\/cms1.com.br\/backup\/wp-content\/uploads\/2026\/01\/Site-IDSS-2025-350x250.png 350w, https:\/\/cms1.com.br\/backup\/wp-content\/uploads\/2026\/01\/Site-IDSS-2025-700x500.png 700w, https:\/\/cms1.com.br\/backup\/wp-content\/uploads\/2026\/01\/Site-IDSS-2025-120x86.png 120w\" data-expand=\"700\" \/><\/div><\/a>\n                    <\/div>\n                    <div class=\"jeg_postblock_content\">\n                        <h3 class=\"jeg_post_title\"><a href=\"https:\/\/cms1.com.br\/backup\/ans-divulga-resultado-do-idss-2025-ano-base-2024-e-mantem-o-economus-na-faixa-de-excelencia\/\">ANS divulga resultado do IDSS 2025 (ano-base 2024) e mant\u00e9m o Economus na faixa de excel\u00eancia<\/a><\/h3>\n                        <div class=\"jeg_post_meta\">\n                    <div class=\"jeg_meta_date\"><i class=\"fa fa-clock-o\"><\/i> 14\/01\/2026<\/div>\n                <\/div>\n                    <\/div>\n                <\/article><article class=\"jeg_post post-22290 post type-post status-publish format-standard has-post-thumbnail hentry category-eleicoes-2026 category-institucional\">\n                    <div class=\"jeg_thumb\">\n                        \n                        <a href=\"https:\/\/cms1.com.br\/backup\/eleicoes-2026-comeca-hoje-o-periodo-para-inscricoes-de-candidaturas\/\"><div class=\"thumbnail-container animate-lazy  size-715 \"><img loading=\"lazy\" decoding=\"async\" width=\"350\" height=\"250\" src=\"https:\/\/cms1.com.br\/backup\/wp-content\/plugins\/epic-news-element\/assets\/img\/jeg-empty.png\" class=\"attachment-epic-350x250 size-epic-350x250 lazyload wp-post-image\" alt=\"Elei\u00e7\u00f5es 2026 \u2013 Come\u00e7a hoje o per\u00edodo para inscri\u00e7\u00f5es de candidaturas\" data-src=\"https:\/\/cms1.com.br\/backup\/wp-content\/uploads\/2026\/01\/banner-350x250.png\" data-sizes=\"auto\" data-srcset=\"https:\/\/cms1.com.br\/backup\/wp-content\/uploads\/2026\/01\/banner-350x250.png 350w, https:\/\/cms1.com.br\/backup\/wp-content\/uploads\/2026\/01\/banner-700x500.png 700w, https:\/\/cms1.com.br\/backup\/wp-content\/uploads\/2026\/01\/banner-120x86.png 120w\" data-expand=\"700\" \/><\/div><\/a>\n                    <\/div>\n                    <div class=\"jeg_postblock_content\">\n                        <h3 class=\"jeg_post_title\"><a href=\"https:\/\/cms1.com.br\/backup\/eleicoes-2026-comeca-hoje-o-periodo-para-inscricoes-de-candidaturas\/\">Elei\u00e7\u00f5es 2026 \u2013 Come\u00e7a hoje o per\u00edodo para inscri\u00e7\u00f5es de candidaturas<\/a><\/h3>\n                        <div class=\"jeg_post_meta\">\n                    <div class=\"jeg_meta_date\"><i class=\"fa fa-clock-o\"><\/i> 12\/01\/2026<\/div>\n                <\/div>\n                    <\/div>\n                <\/article>\n                    <\/div>\n                <\/div>[\/vc_column][\/vc_row]\n<\/div>","protected":false},"excerpt":{"rendered":"<p>[vc_row][vc_column width=&#8221;3\/4&#8243;][vc_empty_space height=&#8221;16px&#8221;][vc_column_text css=&#8221;&#8221;]Veja abaixo as principais regras para que uma procura\u00e7\u00e3o seja v\u00e1lida no Economus: Modelo de Procura\u00e7\u00e3o &#8211; Clique aqui para baixar![\/vc_column_text][\/vc_column][vc_column width=&#8221;1\/4&#8243; css=&#8221;.vc_custom_1545137574296{background-color: #ffffff !important;}&#8221;][vc_column_text]Empr\u00e9stimos Economus[\/vc_column_text][vc_video link=&#8221;https:\/\/www.youtube.com\/watch?v=bUpuzuQYigU&#8221; css=&#8221;.vc_custom_1547011981425{margin-bottom: 20px !important;}&#8221;][\/vc_column][\/vc_row]<\/p>\n","protected":false},"author":5,"featured_media":0,"parent":0,"menu_order":0,"comment_status":"closed","ping_status":"closed","template":"","meta":{"ngg_post_thumbnail":0,"footnotes":""},"class_list":["post-18000","page","type-page","status-publish","hentry","description-off"],"_links":{"self":[{"href":"https:\/\/cms1.com.br\/backup\/wp-json\/wp\/v2\/pages\/18000","targetHints":{"allow":["GET"]}}],"collection":[{"href":"https:\/\/cms1.com.br\/backup\/wp-json\/wp\/v2\/pages"}],"about":[{"href":"https:\/\/cms1.com.br\/backup\/wp-json\/wp\/v2\/types\/page"}],"author":[{"embeddable":true,"href":"https:\/\/cms1.com.br\/backup\/wp-json\/wp\/v2\/users\/5"}],"replies":[{"embeddable":true,"href":"https:\/\/cms1.com.br\/backup\/wp-json\/wp\/v2\/comments?post=18000"}],"version-history":[{"count":9,"href":"https:\/\/cms1.com.br\/backup\/wp-json\/wp\/v2\/pages\/18000\/revisions"}],"predecessor-version":[{"id":20516,"href":"https:\/\/cms1.com.br\/backup\/wp-json\/wp\/v2\/pages\/18000\/revisions\/20516"}],"wp:attachment":[{"href":"https:\/\/cms1.com.br\/backup\/wp-json\/wp\/v2\/media?parent=18000"}],"curies":[{"name":"wp","href":"https:\/\/api.w.org\/{rel}","templated":true}]}}