{"id":17693,"date":"2023-07-04T15:51:59","date_gmt":"2023-07-04T18:51:59","guid":{"rendered":"https:\/\/portal.economus.com.br\/?page_id=17693"},"modified":"2025-11-07T10:28:26","modified_gmt":"2025-11-07T13:28:26","slug":"pamc-e-basico","status":"publish","type":"page","link":"https:\/\/cms1.com.br\/backup\/pamc-e-basico\/","title":{"rendered":"PAMC e B\u00e1sico"},"content":{"rendered":"<div class=\"wpb-content-wrapper\">[vc_row][vc_column][vc_single_image image=&#8221;17695&#8243; img_size=&#8221;full&#8221; alignment=&#8221;center&#8221;][vc_empty_space]<div id=\"advanced-tabs-desc-wrap-4815\" class=\"ult_tabs \" style=\" \" data-tabsstyle=\"style1\"\n data-titlebg=\"#82a7b9\" data-titlecolor=\"#ffffff\" data-fullheight=\"off\"\n data-titlehoverbg=\"#ec305c\" data-titlehovercolor=\"#ffffff\"\n data-rotatetabs=\"0\" data-responsivemode=\"Both\" data-animation=\"Slide\"\ndata-activetitle=\"#ffffff\" data-activeicon=\"\" data-activebg=\"#ec305c\"  data-respmode=\"Tabs\" data-respwidth=\"400\" data-scroll = \"on\" data-activeindex=\"1\"><ul id=advanced-tabs-wrap-5891 class=\"ult_tabmenu style1 Style_4\" style=\"color:#ffffff;border-bottom-color:#ffffff;border-bottom-width:2px;border-bottom-style:solid;border-bottom-width:0px;\"><li class=\"ult_tab_li ult_tab_style_4  \" data-iconcolor=\"#74777b\" data-iconhover=\"#ffffff\" style=\"background-color:#82a7b9;border-color:#ffffff;border-width:2px;border-style:solid;border-top-left-radius:8px;\">\n\t\t\t\t\t<a href=\"#1544189567408-2-10\" id=\"1544189567408-2-10\" style=\"color:#ffffff;;  \" class=\"ult_a \">\n\t\t\t\t\t   <span class=\"ult_tab_main  Both \">\n\t\t\t\t\t    <span class=\"ult_tab_section\">\n\t\t\t\t\t  \t\t<span  data-ultimate-target='#advanced-tabs-wrap-5891 .ult-span-text'  data-responsive-json-new='{\"font-size\":\"desktop:15px;\",\"line-height\":\"\"}'  class=\"ult-span-text ult-responsive\" style=\"\">Sobre o Plano<\/span>\n\t\t\t\t\t\t   \t<span class=\"aio-icon none ult_tab_iconright\" style=\"color:#74777b;font-size:15px;\">\n\t\t\t\t\t\t   \t<i class=\"   ult_tab_icon\"  ><\/i>\n\t\t\t\t\t\t   <\/span>\n\t\t\t\t\t\t<\/span>\n\t\t\t\t\t   <\/span>\n\n\t\t\t\t\t<\/a>\n\t\t\t\t\t<\/li><li class=\"ult_tab_li ult_tab_style_4  \" data-iconcolor=\"#74777b\" data-iconhover=\"#ffffff\" style=\"background-color:#82a7b9;border-color:#ffffff;border-width:2px;border-style:solid;border-top-right-radius:8px;\">\n\t\t\t\t\t<a href=\"#1544189579145-4-6\" id=\"1544189579145-4-6\" style=\"color:#ffffff;;  \" class=\"ult_a \">\n\t\t\t\t\t   <span class=\"ult_tab_main  Both \">\n\t\t\t\t\t    <span class=\"ult_tab_section\">\n\t\t\t\t\t  \t\t<span  data-ultimate-target='#advanced-tabs-wrap-5891 .ult-span-text'  data-responsive-json-new='{\"font-size\":\"desktop:15px;\",\"line-height\":\"\"}'  class=\"ult-span-text ult-responsive\" style=\"\">Custeio<\/span>\n\t\t\t\t\t\t   \t<span class=\"aio-icon none ult_tab_iconright\" style=\"color:#74777b;font-size:15px;\">\n\t\t\t\t\t\t   \t<i class=\"   ult_tab_icon\"  ><\/i>\n\t\t\t\t\t\t   <\/span>\n\t\t\t\t\t\t<\/span>\n\t\t\t\t\t   <\/span>\n\n\t\t\t\t\t<\/a>\n\t\t\t\t\t<\/li><\/ul><div  data-ultimate-target='#advanced-tabs-desc-wrap-4815 .ult_tabcontent .ult_tab_min_contain  p'  data-responsive-json-new='{\"font-size\":\"\",\"line-height\":\"\"}' class=\"ult_tabcontent ult-responsive style1\" style=\"background-color:#ffffff;color:#74777b;\"><div class=\"ult_tab_min_contain \" >\n\t\t\t<div  class=\"ult_tabitemname\"  >\n\t\t\t\t[vc_column_text css=&#8221;.vc_custom_1762522078457{margin-bottom: 20px !important;}&#8221;]Os planos B\u00e1sico e Pamc s\u00e3o coletivos por ades\u00e3o, patrocinados pelo Banco do Brasil e registrados na ANS, respectivamente, sob os n\u00fameros 400.593\/98-7 e 400.594\/98-5. Eles foram criados antes da Lei n\u00ba 9.658, de 1998, n\u00e3o s\u00e3o adaptados e est\u00e3o fechados para novas ades\u00f5es.<\/p>\n<p><strong>A quem se destinam<\/strong><strong>&nbsp;<\/strong><\/p>\n<p>A cobertura assistencial desses planos abrange os empregados do extinto Banco Nossa Caixa, sucedido pelo Banco do Brasil, ativos (admitidos at\u00e9 1996), aposentados por invalidez, seus dependentes e pensionistas, assim como os aposentados por tempo de servi\u00e7o assistidos pelos planos de previd\u00eancia dos grupos A e S (ex-servidores aut\u00e1rquicos), seus dependentes e pensionistas.<\/p>\n<p><strong>Abrang\u00eancia<\/strong><\/p>\n<p>Ambos s\u00e3o de abrang\u00eancia no estado de S\u00e3o Paulo, sendo que o plano B\u00e1sico abrange os residentes na cidade de S\u00e3o Paulo, enquanto o Pamc \u00e9 destinado aos residentes do interior do Estado. O atendimento fora das regi\u00f5es de origem \u00e9 assegurado somente em casos de urg\u00eancia e emerg\u00eancia.<\/p>\n<p><strong>Procedimentos Cobertos e Acomoda\u00e7\u00e3o<\/strong><\/p>\n<p>Os planos preveem assist\u00eancia m\u00e9dica, nas modalidades ambulatorial e hospitalar com obstetr\u00edcia, dentro do previsto no Rol de Procedimentos e Eventos da ANS, vigente \u00e0 \u00e9poca do evento.<\/p>\n<p>O B\u00e1sico oferece acomoda\u00e7\u00e3o em enfermaria, enquanto o Pamc possui acomoda\u00e7\u00e3o em apartamento. Ambos oferecem direito a acompanhante, de acordo com legisla\u00e7\u00e3o espec\u00edfica em vigor.<\/p>\n<p><strong>Rede de Credenciados<\/strong><\/p>\n<p>A rede de credenciados do plano B\u00e1sico \u00e9 espec\u00edfica e pode ser consultada <a href=\"https:\/\/economus.bennercloud.com.br\/RDC_Benner\/Plano\" target=\"_blank\" rel=\"noopener\"><em><u>clicando aqui<\/u><\/em><\/a>. O plano Pamc oferece a rede de credenciados do interior do estado de S\u00e3o Paulo.[\/vc_column_text]\n\t\t\t<\/div>\n\t\t\t<div  class=\"ult_tabitemname\"  >\n\t\t\t\t[vc_column_text]<strong>Contribui\u00e7\u00e3o<\/strong><\/p>\n<p>N\u00e3o h\u00e1 contribui\u00e7\u00e3o mensal nos planos B\u00e1sico e Pamc. O custeio das despesas \u00e9 de responsabilidade do patrocinador dos planos.<\/p>\n<p><strong>Coparticipa\u00e7\u00e3o<\/strong><\/p>\n<p>No plano B\u00e1sico n\u00e3o h\u00e1 cobran\u00e7a de coparticipa\u00e7\u00e3o.<\/p>\n<p>No Plano Pamc \u00e9 cobrada coparticipa\u00e7\u00e3o de 10% a 30% sobre a despesa, de acordo com a faixa salarial, conforme tabela a seguir:<\/p>\n<p><img fetchpriority=\"high\" decoding=\"async\" class=\"alignnone size-full wp-image-17703\" src=\"https:\/\/cms1.com.br\/backup\/\/wp-content\/uploads\/2023\/07\/pamc.png\" alt=\"\" width=\"584\" height=\"266\" srcset=\"https:\/\/cms1.com.br\/backup\/wp-content\/uploads\/2023\/07\/pamc.png 584w, https:\/\/cms1.com.br\/backup\/wp-content\/uploads\/2023\/07\/pamc-300x137.png 300w\" sizes=\"(max-width: 584px) 100vw, 584px\" \/>[\/vc_column_text]\n\t\t\t<\/div><\/div><\/div><\/div><div class=\"ult_acord advanced-tabs-desc-wrap-4815\">\n   <div class=\"ult-tabto-accordion \" style=\"width:;\"\n    data-titlecolor=\"#ffffff\"  data-titlebg=\"#82a7b9\"\n     data-titlehoverbg=\"#ec305c\" data-titlehovercolor=\"#ffffff\" data-animation=\"Slide\"\n     data-activetitle=\"#ffffff\" data-activeicon=\"\" data-activebg=\"#ec305c\" data-scroll = \"on\" data-activeindex=\"1\" >\n     <dl><dt class=\"\">\n        \t<a class=\"ult-tabto-actitle withBorder ult_a\" id=\"1544189567408-2-10\" style=\"color:#ffffff;;background-color:#82a7b9;border-bottom-color:#ffffff;border-bottom-width:2px;border-bottom-style:solid;\" href=\"#1544189567408-2-10\">\n        \t\t<i class=\"accordion-icon\"><\/i>\n        \t\t\t<span class=\"ult_tab_main ult_ac_mainBoth\">\n\t\t\t\t\t   <span  data-ultimate-target='#advanced-tabs-wrap-5891 .ult-span-text'  data-responsive-json-new='{\"font-size\":\"desktop:15px;\",\"line-height\":\"\"}'  class=\"ult-span-text ult_acordian-text ult-responsive\" style=\";color:inherit \" >Sobre o Plano<\/span>\n\t\t\t\t\t<\/span>\n\t\t\t\t\t   <div class=\"aio-icon none \" style=\"color:#74777b;font-size:15px;\" data-iconcolor=\"#74777b\" data-iconhover=\"#ffffff\">\n\t\t\t\t\t   <i class=\"    ult_tab_icon\"  ><\/i>\n\t\t\t\t\t   <\/div>\n\t\t\t\t\t<\/a><\/dt>\n            \t\t<dd class=\"ult-tabto-accordionItem ult-tabto-accolapsed\">\n\t\t\t            <div class=\"ult-tabto-acontent\" style=\"background-color:#ffffff;color:#74777b;\">\n\t\t\t               [vc_column_text css=&#8221;.vc_custom_1762522078457{margin-bottom: 20px !important;}&#8221;]Os planos B\u00e1sico e Pamc s\u00e3o coletivos por ades\u00e3o, patrocinados pelo Banco do Brasil e registrados na ANS, respectivamente, sob os n\u00fameros 400.593\/98-7 e 400.594\/98-5. Eles foram criados antes da Lei n\u00ba 9.658, de 1998, n\u00e3o s\u00e3o adaptados e est\u00e3o fechados para novas ades\u00f5es.<\/p>\n<p><strong>A quem se destinam<\/strong><strong>&nbsp;<\/strong><\/p>\n<p>A cobertura assistencial desses planos abrange os empregados do extinto Banco Nossa Caixa, sucedido pelo Banco do Brasil, ativos (admitidos at\u00e9 1996), aposentados por invalidez, seus dependentes e pensionistas, assim como os aposentados por tempo de servi\u00e7o assistidos pelos planos de previd\u00eancia dos grupos A e S (ex-servidores aut\u00e1rquicos), seus dependentes e pensionistas.<\/p>\n<p><strong>Abrang\u00eancia<\/strong><\/p>\n<p>Ambos s\u00e3o de abrang\u00eancia no estado de S\u00e3o Paulo, sendo que o plano B\u00e1sico abrange os residentes na cidade de S\u00e3o Paulo, enquanto o Pamc \u00e9 destinado aos residentes do interior do Estado. O atendimento fora das regi\u00f5es de origem \u00e9 assegurado somente em casos de urg\u00eancia e emerg\u00eancia.<\/p>\n<p><strong>Procedimentos Cobertos e Acomoda\u00e7\u00e3o<\/strong><\/p>\n<p>Os planos preveem assist\u00eancia m\u00e9dica, nas modalidades ambulatorial e hospitalar com obstetr\u00edcia, dentro do previsto no Rol de Procedimentos e Eventos da ANS, vigente \u00e0 \u00e9poca do evento.<\/p>\n<p>O B\u00e1sico oferece acomoda\u00e7\u00e3o em enfermaria, enquanto o Pamc possui acomoda\u00e7\u00e3o em apartamento. Ambos oferecem direito a acompanhante, de acordo com legisla\u00e7\u00e3o espec\u00edfica em vigor.<\/p>\n<p><strong>Rede de Credenciados<\/strong><\/p>\n<p>A rede de credenciados do plano B\u00e1sico \u00e9 espec\u00edfica e pode ser consultada <a href=\"https:\/\/economus.bennercloud.com.br\/RDC_Benner\/Plano\" target=\"_blank\" rel=\"noopener\"><em><u>clicando aqui<\/u><\/em><\/a>. O plano Pamc oferece a rede de credenciados do interior do estado de S\u00e3o Paulo.[\/vc_column_text]\n\t\t\t            <\/div>\n        \t<\/dd><dt class=\"\">\n        \t<a class=\"ult-tabto-actitle withBorder ult_a\" id=\"1544189579145-4-6\" style=\"color:#ffffff;;background-color:#82a7b9;border-bottom-color:#ffffff;border-bottom-width:2px;border-bottom-style:solid;border-bottom-color:#ffffff;border-bottom-width:2px;border-bottom-style:solid;\" href=\"#1544189579145-4-6\">\n        \t\t<i class=\"accordion-icon\"><\/i>\n        \t\t\t<span class=\"ult_tab_main ult_ac_mainBoth\">\n\t\t\t\t\t   <span  data-ultimate-target='#advanced-tabs-wrap-5891 .ult-span-text'  data-responsive-json-new='{\"font-size\":\"desktop:15px;\",\"line-height\":\"\"}'  class=\"ult-span-text ult_acordian-text ult-responsive\" style=\";color:inherit \" >Custeio<\/span>\n\t\t\t\t\t<\/span>\n\t\t\t\t\t   <div class=\"aio-icon none \" style=\"color:#74777b;font-size:15px;\" data-iconcolor=\"#74777b\" data-iconhover=\"#ffffff\">\n\t\t\t\t\t   <i class=\"    ult_tab_icon\"  ><\/i>\n\t\t\t\t\t   <\/div>\n\t\t\t\t\t<\/a><\/dt>\n            \t\t<dd class=\"ult-tabto-accordionItem ult-tabto-accolapsed\">\n\t\t\t            <div class=\"ult-tabto-acontent\" style=\"background-color:#ffffff;color:#74777b;\">\n\t\t\t               [vc_column_text]<strong>Contribui\u00e7\u00e3o<\/strong><\/p>\n<p>N\u00e3o h\u00e1 contribui\u00e7\u00e3o mensal nos planos B\u00e1sico e Pamc. O custeio das despesas \u00e9 de responsabilidade do patrocinador dos planos.<\/p>\n<p><strong>Coparticipa\u00e7\u00e3o<\/strong><\/p>\n<p>No plano B\u00e1sico n\u00e3o h\u00e1 cobran\u00e7a de coparticipa\u00e7\u00e3o.<\/p>\n<p>No Plano Pamc \u00e9 cobrada coparticipa\u00e7\u00e3o de 10% a 30% sobre a despesa, de acordo com a faixa salarial, conforme tabela a seguir:<\/p>\n<p><img fetchpriority=\"high\" decoding=\"async\" class=\"alignnone size-full wp-image-17703\" src=\"https:\/\/cms1.com.br\/backup\/\/wp-content\/uploads\/2023\/07\/pamc.png\" alt=\"\" width=\"584\" height=\"266\" srcset=\"https:\/\/cms1.com.br\/backup\/wp-content\/uploads\/2023\/07\/pamc.png 584w, https:\/\/cms1.com.br\/backup\/wp-content\/uploads\/2023\/07\/pamc-300x137.png 300w\" sizes=\"(max-width: 584px) 100vw, 584px\" \/>[\/vc_column_text]\n\t\t\t            <\/div>\n        \t<\/dd>\n    \t<\/dl>\n    <!--<div class=\"extraborder\" style=\"background-color:#ec305c\"><\/div>-->\n<\/div>\n\n<\/div>[\/vc_column][\/vc_row]\n<\/div>","protected":false},"excerpt":{"rendered":"<p>[vc_row][vc_column][vc_single_image image=&#8221;17695&#8243; img_size=&#8221;full&#8221; alignment=&#8221;center&#8221;][vc_empty_space][\/vc_column][\/vc_row]<\/p>\n","protected":false},"author":5,"featured_media":0,"parent":0,"menu_order":0,"comment_status":"closed","ping_status":"closed","template":"","meta":{"ngg_post_thumbnail":0,"footnotes":""},"class_list":["post-17693","page","type-page","status-publish","hentry","description-off"],"_links":{"self":[{"href":"https:\/\/cms1.com.br\/backup\/wp-json\/wp\/v2\/pages\/17693","targetHints":{"allow":["GET"]}}],"collection":[{"href":"https:\/\/cms1.com.br\/backup\/wp-json\/wp\/v2\/pages"}],"about":[{"href":"https:\/\/cms1.com.br\/backup\/wp-json\/wp\/v2\/types\/page"}],"author":[{"embeddable":true,"href":"https:\/\/cms1.com.br\/backup\/wp-json\/wp\/v2\/users\/5"}],"replies":[{"embeddable":true,"href":"https:\/\/cms1.com.br\/backup\/wp-json\/wp\/v2\/comments?post=17693"}],"version-history":[{"count":7,"href":"https:\/\/cms1.com.br\/backup\/wp-json\/wp\/v2\/pages\/17693\/revisions"}],"predecessor-version":[{"id":22057,"href":"https:\/\/cms1.com.br\/backup\/wp-json\/wp\/v2\/pages\/17693\/revisions\/22057"}],"wp:attachment":[{"href":"https:\/\/cms1.com.br\/backup\/wp-json\/wp\/v2\/media?parent=17693"}],"curies":[{"name":"wp","href":"https:\/\/api.w.org\/{rel}","templated":true}]}}