{"id":16085,"date":"2022-06-16T18:07:13","date_gmt":"2022-06-16T21:07:13","guid":{"rendered":"https:\/\/portal.economus.com.br\/?page_id=16085"},"modified":"2025-07-15T09:40:53","modified_gmt":"2025-07-15T12:40:53","slug":"atualizacao-das-informacoes-sobre-o-historico-e-a-performance-dos-planos-de-saude","status":"publish","type":"page","link":"https:\/\/cms1.com.br\/backup\/atualizacao-das-informacoes-sobre-o-historico-e-a-performance-dos-planos-de-saude\/","title":{"rendered":"ATUALIZA\u00c7\u00c3O DAS INFORMA\u00c7\u00d5ES SOBRE O HIST\u00d3RICO E A PERFORMANCE DOS PLANOS DE SA\u00daDE"},"content":{"rendered":"<div class=\"wpb-content-wrapper\">[vc_row][vc_column][vc_column_text css=&#8221;&#8221;]<img fetchpriority=\"high\" decoding=\"async\" class=\"alignnone size-full wp-image-11413\" src=\"https:\/\/cms1.com.br\/backup\/\/wp-content\/uploads\/2020\/09\/banner_hist_perf.png\" alt=\"\" width=\"800\" height=\"500\" srcset=\"https:\/\/cms1.com.br\/backup\/wp-content\/uploads\/2020\/09\/banner_hist_perf.png 800w, https:\/\/cms1.com.br\/backup\/wp-content\/uploads\/2020\/09\/banner_hist_perf-300x188.png 300w, https:\/\/cms1.com.br\/backup\/wp-content\/uploads\/2020\/09\/banner_hist_perf-768x480.png 768w, https:\/\/cms1.com.br\/backup\/wp-content\/uploads\/2020\/09\/banner_hist_perf-750x469.png 750w\" sizes=\"(max-width: 800px) 100vw, 800px\" \/><\/p>\n<p>Hist\u00f3rico e performance dos planos de sa\u00fade, confira:<\/p>\n<p>Hist\u00f3rico \u2013 <a href=\"https:\/\/cms1.com.br\/backup\/\/wp-content\/uploads\/2023\/02\/Historico-sobre-os-planos-de-saude-revisado.pdf\" target=\"_blank\" rel=\"noopener\"><strong>clique aqui<\/strong><\/a>.<br \/>\nPerformance &#8211; <strong><a href=\"https:\/\/cms1.com.br\/backup\/\/wp-content\/uploads\/2025\/07\/Performance.Julho_.2025-1.pdf\" target=\"_blank\" rel=\"noopener\">clique aqui<\/a>.<\/strong>[\/vc_column_text][\/vc_column][\/vc_row]\n<\/div>","protected":false},"excerpt":{"rendered":"<p>[vc_row][vc_column][vc_column_text css=&#8221;&#8221;] Hist\u00f3rico e performance dos planos de sa\u00fade, confira: Hist\u00f3rico \u2013 clique aqui. Performance &#8211; clique aqui.[\/vc_column_text][\/vc_column][\/vc_row]<\/p>\n","protected":false},"author":9,"featured_media":0,"parent":0,"menu_order":0,"comment_status":"closed","ping_status":"closed","template":"","meta":{"ngg_post_thumbnail":0,"footnotes":""},"class_list":["post-16085","page","type-page","status-publish","hentry","description-off"],"_links":{"self":[{"href":"https:\/\/cms1.com.br\/backup\/wp-json\/wp\/v2\/pages\/16085","targetHints":{"allow":["GET"]}}],"collection":[{"href":"https:\/\/cms1.com.br\/backup\/wp-json\/wp\/v2\/pages"}],"about":[{"href":"https:\/\/cms1.com.br\/backup\/wp-json\/wp\/v2\/types\/page"}],"author":[{"embeddable":true,"href":"https:\/\/cms1.com.br\/backup\/wp-json\/wp\/v2\/users\/9"}],"replies":[{"embeddable":true,"href":"https:\/\/cms1.com.br\/backup\/wp-json\/wp\/v2\/comments?post=16085"}],"version-history":[{"count":35,"href":"https:\/\/cms1.com.br\/backup\/wp-json\/wp\/v2\/pages\/16085\/revisions"}],"predecessor-version":[{"id":21504,"href":"https:\/\/cms1.com.br\/backup\/wp-json\/wp\/v2\/pages\/16085\/revisions\/21504"}],"wp:attachment":[{"href":"https:\/\/cms1.com.br\/backup\/wp-json\/wp\/v2\/media?parent=16085"}],"curies":[{"name":"wp","href":"https:\/\/api.w.org\/{rel}","templated":true}]}}