{"id":16027,"date":"2022-06-06T12:37:23","date_gmt":"2022-06-06T15:37:23","guid":{"rendered":"https:\/\/portal.economus.com.br\/?page_id=16027"},"modified":"2022-09-09T11:02:38","modified_gmt":"2022-09-09T14:02:38","slug":"perguntas-e-respostas-fundo-feas-planos-feas-e-a-judicializacao","status":"publish","type":"page","link":"https:\/\/cms1.com.br\/backup\/perguntas-e-respostas-fundo-feas-planos-feas-e-a-judicializacao\/","title":{"rendered":"Perguntas e Respostas &#8211; Fundo FEAS, planos Feas e a judicializa\u00e7\u00e3o"},"content":{"rendered":"<div class=\"wpb-content-wrapper\">[vc_row][vc_column][vc_single_image image=&#8221;15986&#8243; img_size=&#8221;full&#8221;][vc_empty_space][vc_column_text]Confira abaixo as perguntas e respostas sobre a judicializa\u00e7\u00e3o envolvendo os planos de sa\u00fade ligados ao Fundo FEAS e como a situa\u00e7\u00e3o afeta o Economus e seus participantes.[\/vc_column_text]<style >@media (min-width:992px){.empty_space69d0fdcfe49b8 {padding-top: 32px;}}@media (max-width:991px){.empty_space69d0fdcfe49b8 {padding-top: 60px;}}@media (max-width:600px){.empty_space69d0fdcfe49b8 {padding-top: 30px;}}<\/style><div class=\"pt-plus-empty-space empty_space69d0fdcfe49b8 \" data-uid=\"empty_space69d0fdcfe49b8\" ><\/div><style >.tstp_accordion69d0fdcfe4ee3.pt_plus_tabs_block .accordion-style-1 .vc_tta-panels-container .vc_tta-panel.vc_active .vc_tta-panel-heading a{color: #ff214f;}.tstp_accordion69d0fdcfe4ee3.pt_plus_tabs_block .accordion-style-1 .vc_tta-panels-container .vc_tta-panel .vc_tta-panel-heading a{color: #6d6d6d;}.tstp_accordion69d0fdcfe4ee3.pt_plus_tabs_block .accordion-style-1 .vc_tta-panels-container .vc_tta-panel a .vc_tta-controls-icon{font-size: 14px;}.tstp_accordion69d0fdcfe4ee3.pt_plus_tabs_block .accordion-style-1 .vc_tta-panels-container .vc_tta-panel a {font-size: 14px ;font-family:Roboto; font-weight:400; font-style:normal; }.tstp_accordion69d0fdcfe4ee3.pt_plus_tabs_block .accordion-style-1 .vc_tta-panels-container .vc_tta-panel.vc_active .vc_tta-panel-heading{background: #ffffff;}.tstp_accordion69d0fdcfe4ee3.pt_plus_tabs_block .accordion-style-1 .vc_tta-panels-container .vc_tta-panel .vc_tta-panel-heading{background: #ffffff;}.tstp_accordion69d0fdcfe4ee3.pt_plus_tabs_block .accordion-style-1.vc_tta-o-no-fill .vc_tta-panels-container .vc_tta-panel .vc_tta-panel-body{background: #ff214f;}.tstp_accordion69d0fdcfe4ee3.pt_plus_tabs_block .accordion-style-1 .vc_tta-panels-container .vc_tta-panel.vc_active .vc_tta-panel-heading {border: 1px solid #ff214f;}.tstp_accordion69d0fdcfe4ee3.pt_plus_tabs_block .accordion-style-1 .vc_tta-panels-container .vc_tta-panel .vc_tta-panel-heading {border: 1px solid #888888;}<\/style><div class=\"pt_plus_tabs_block  animate-general tstp_accordion69d0fdcfe4ee3\" id=\"tabid_69d0fdcfe4a98\" data-animate-type=\"transition.slideDownIn\" data-animate-delay=\"50\" data-uid=\"tstp_accordion69d0fdcfe4ee3\" ><div class=\"vc_tta-container\" data-vc-action=\"collapse\"><div class=\"vc_general vc_tta vc_tta-accordion vc_tta-spacing-5 vc_tta-controls-align-left accordion-style-1\"><div class=\"vc_tta-panels-container\" ><div class=\"vc_tta-panels\">[vc_tta_section title=&#8221;1) Qual \u00e9 a situa\u00e7\u00e3o do Fundo Economus de Assist\u00eancia \u00e0 Sa\u00fade (Fundo FEAS)?&#8221; tab_id=&#8221;1501049077285-3ca7e677-6f54f26b-27e3&#8243;]<style>.adv_text_block69d0fdcfe4b3d .text-content-block,.adv_text_block69d0fdcfe4b3d .text-content-block p{color:#888;font-size:14px;line-height:30px;font-weight:400;}@media (max-width:1200px){.adv_text_block69d0fdcfe4b3d .text-content-block,.adv_text_block69d0fdcfe4b3d .text-content-block p{}}@media (max-width:991px){.adv_text_block69d0fdcfe4b3d .text-content-block,.adv_text_block69d0fdcfe4b3d .text-content-block p{font-size:14px !important;line-height:30px !important;}}@media (max-width:600px){.adv_text_block69d0fdcfe4b3d .text-content-block,.adv_text_block69d0fdcfe4b3d .text-content-block p{font-size:14px !important;line-height:30px !important;}}<\/style><div class=\"pt-plus-text-block-wrapper    \"><div class=\"text_block_parallax \" ><div class=\"pt_plus_adv_text_block   adv_text_block69d0fdcfe4b3d   \" data-animate-type=\"\" data-animate-delay=\"\"><div class=\"text-content-block\"><p>Ap\u00f3s quase 17 anos do fim da \u201cEconomus Corretora\u201d (2005), principal fonte de recursos do Fundo FEAS, o cen\u00e1rio de desequil\u00edbrio financeiro dos Planos Feas ficou agravado em fun\u00e7\u00e3o das a\u00e7\u00f5es judiciais individuais e em grupos que garantiram a isen\u00e7\u00e3o no pagamento das contribui\u00e7\u00f5es para parte da popula\u00e7\u00e3o assistida e da A\u00e7\u00e3o Coletiva, movida por Associa\u00e7\u00e3o dos Aposentados, que prev\u00ea a devolu\u00e7\u00e3o aos benefici\u00e1rios dos valores arrecadados pelo Instituto. Dessa forma, considerando constitui\u00e7\u00e3o das provis\u00f5es contingenciais para a referida A\u00e7\u00e3o Coletiva, em junho\/2022, o patrim\u00f4nio do Fundo FEAS ficou negativo em R$ 56,9 milh\u00f5es, conforme demonstrado na aba \u201cPerformance\u201d, do <a href=\"https:\/\/cms1.com.br\/backup\/\/hotsite-feas\/#1591305383434-5-9\" target=\"_blank\" rel=\"noopener\">hotsite do FEAS<\/a>.<\/p>\n<\/div><\/div><\/div><\/div>[\/vc_tta_section][vc_tta_section title=&#8221;2) Qual a situa\u00e7\u00e3o do Plano Novo Feas?&#8221; tab_id=&#8221;1501049077467-ad5cb472-49e6f26b-27e3&#8243;]<style>.adv_text_block69d0fdcfe4b96 .text-content-block,.adv_text_block69d0fdcfe4b96 .text-content-block p{color:#888;font-size:14px;line-height:30px;font-weight:400;}@media (max-width:1200px){.adv_text_block69d0fdcfe4b96 .text-content-block,.adv_text_block69d0fdcfe4b96 .text-content-block p{}}@media (max-width:991px){.adv_text_block69d0fdcfe4b96 .text-content-block,.adv_text_block69d0fdcfe4b96 .text-content-block p{font-size:14px !important;line-height:30px !important;}}@media (max-width:600px){.adv_text_block69d0fdcfe4b96 .text-content-block,.adv_text_block69d0fdcfe4b96 .text-content-block p{font-size:14px !important;line-height:30px !important;}}<\/style><div class=\"pt-plus-text-block-wrapper    \"><div class=\"text_block_parallax \" ><div class=\"pt_plus_adv_text_block   adv_text_block69d0fdcfe4b96   \" data-animate-type=\"\" data-animate-delay=\"\"><div class=\"text-content-block\"><p>O Plano Novo Feas apresenta uma situa\u00e7\u00e3o de desequil\u00edbrio econ\u00f4mico e tem gerado d\u00e9ficits mensais recorrentes. Desde janeiro\/2022, o resultado negativo do plano foi superior a R$ 1 milh\u00e3o por m\u00eas, conforme demonstrado nos <a href=\"https:\/\/cms1.com.br\/backup\/\/previdencia\/boletins-de-resultados\/\" target=\"_blank\" rel=\"noopener\">boletins da sa\u00fade<\/a>. Neste cen\u00e1rio, foi imprescind\u00edvel encerrar esse plano, sob pena de afetar <u>toda<\/u> a opera\u00e7\u00e3o do Economus. As decis\u00f5es judiciais que impedem o encerramento e a revis\u00e3o do percentual de contribui\u00e7\u00e3o agravam ainda mais a situa\u00e7\u00e3o do Novo Feas, j\u00e1 delicada.<\/p>\n<\/div><\/div><\/div><\/div>[\/vc_tta_section][vc_tta_section title=&#8221;3) Quais a\u00e7\u00f5es de gest\u00e3o t\u00eam sido adotadas pelo Economus na opera\u00e7\u00e3o dos planos de sa\u00fade?&#8221; tab_id=&#8221;1501049077669-49ab4f95-891df26b-27e3&#8243;]<style>.adv_text_block69d0fdcfe4bec .text-content-block,.adv_text_block69d0fdcfe4bec .text-content-block p{color:#888;font-size:14px;line-height:30px;font-weight:400;}@media (max-width:1200px){.adv_text_block69d0fdcfe4bec .text-content-block,.adv_text_block69d0fdcfe4bec .text-content-block p{}}@media (max-width:991px){.adv_text_block69d0fdcfe4bec .text-content-block,.adv_text_block69d0fdcfe4bec .text-content-block p{font-size:14px !important;line-height:30px !important;}}@media (max-width:600px){.adv_text_block69d0fdcfe4bec .text-content-block,.adv_text_block69d0fdcfe4bec .text-content-block p{font-size:14px !important;line-height:30px !important;}}<\/style><div class=\"pt-plus-text-block-wrapper    \"><div class=\"text_block_parallax \" ><div class=\"pt_plus_adv_text_block   adv_text_block69d0fdcfe4bec   \" data-animate-type=\"\" data-animate-delay=\"\"><div class=\"text-content-block\"><p>Desde 2020, v\u00eam sendo adotadas a\u00e7\u00f5es para conter a evolu\u00e7\u00e3o das despesas assistenciais e melhorar a efici\u00eancia na gest\u00e3o dos planos de sa\u00fade, que geraram R$ 35 milh\u00f5es de economia\/ano, destacando-se:<\/p>\n<ol>\n<li>a) Implanta\u00e7\u00e3o da Auditoria <em>in loco<\/em> terceirizada (em 28 hospitais prestadores);<\/li>\n<li>b) Implanta\u00e7\u00e3o de plataforma de cota\u00e7\u00f5es para aquisi\u00e7\u00e3o de insumos (OPME);<\/li>\n<li>c) Implanta\u00e7\u00e3o de aplicativo de gest\u00e3o de informa\u00e7\u00f5es da opera\u00e7\u00e3o sa\u00fade, que possibilita acompanhar os indicadores e atuar para a redu\u00e7\u00e3o de glosas e ganho de efici\u00eancia operacional;<\/li>\n<li>d) Implanta\u00e7\u00e3o de sistema para autoriza\u00e7\u00e3o eletr\u00f4nica de procedimentos de baixa complexidade;<\/li>\n<li>e) Utiliza\u00e7\u00e3o de Junta M\u00e9dica para procedimentos que necessitam de autoriza\u00e7\u00e3o pr\u00e9via pela operadora;<\/li>\n<li>f) Negocia\u00e7\u00f5es com prestadores para ado\u00e7\u00e3o de di\u00e1ria global e pacotes de servi\u00e7os;<\/li>\n<li>g) Renegocia\u00e7\u00e3o de contratos com prestadores com troca de \u00edndices e aplica\u00e7\u00e3o de deflatores nas tabelas de materiais;<\/li>\n<li>h) Ado\u00e7\u00e3o de estudo de inadimpl\u00eancia para diminui\u00e7\u00e3o do percentual de c\u00e1lculo da margem de solv\u00eancia, reduzindo a exig\u00eancia de reserva de capital nos Planos Feas de R$ 20,9 milh\u00f5es para R$ 4,2 milh\u00f5es, permitindo otimizar a\u00e7\u00f5es voltadas para sa\u00fade.<\/li>\n<\/ol>\n<\/div><\/div><\/div><\/div>[\/vc_tta_section][vc_tta_section title=&#8221;4) Como a judicializa\u00e7\u00e3o afeta o Economus?&#8221; tab_id=&#8221;1501049077872-ad8229b2-c6edf26b-27e3&#8243;]<style>.adv_text_block69d0fdcfe4c8c .text-content-block,.adv_text_block69d0fdcfe4c8c .text-content-block p{color:#888;font-size:14px;line-height:30px;font-weight:400;}@media (max-width:1200px){.adv_text_block69d0fdcfe4c8c .text-content-block,.adv_text_block69d0fdcfe4c8c .text-content-block p{}}@media (max-width:991px){.adv_text_block69d0fdcfe4c8c .text-content-block,.adv_text_block69d0fdcfe4c8c .text-content-block p{font-size:14px !important;line-height:30px !important;}}@media (max-width:600px){.adv_text_block69d0fdcfe4c8c .text-content-block,.adv_text_block69d0fdcfe4c8c .text-content-block p{font-size:14px !important;line-height:30px !important;}}<\/style><div class=\"pt-plus-text-block-wrapper    \"><div class=\"text_block_parallax \" ><div class=\"pt_plus_adv_text_block   adv_text_block69d0fdcfe4c8c   \" data-animate-type=\"\" data-animate-delay=\"\"><div class=\"text-content-block\"><p>O Economus n\u00e3o tem fins lucrativos e todas as despesas incorridas s\u00e3o divididas entre os benefici\u00e1rios.<\/p>\n<p>Desde 2010, a grande maioria das a\u00e7\u00f5es foi e vem sendo movida contra o Banco do Brasil e contra o Economus, conjuntamente na condi\u00e7\u00e3o de \u201cco-r\u00e9us\u201d. Apesar dos esfor\u00e7os em nossa defesa, as decis\u00f5es judiciais t\u00eam condenado o Banco do Brasil e o Economus solidariamente, como se observa no trecho abaixo, transcrito de uma das a\u00e7\u00f5es, a t\u00edtulo de exemplo:<\/p>\n<p><em>\u201cAnte o exposto, face do direito e de tudo o quanto mais consta dos autos da a\u00e7\u00e3o trabalhista, julgo procedente o pedido e\u00a0<u>condeno as reclamadas, solidariamente<\/u>, a manterem as condi\u00e7\u00f5es do plano de sa\u00fade FEAS originalmente concedido \u00e0 reclamante, nos termos da fundamenta\u00e7\u00e3o acima.\u201d\u00a0<\/em>(grifo nosso)<\/p>\n<p>As obriga\u00e7\u00f5es impostas pelo Poder Judici\u00e1rio possuem efic\u00e1cia obrigat\u00f3ria e tiveram de ser cumpridas pelo Economus, na qualidade de respons\u00e1vel pelos planos, sob pena de serem determinadas san\u00e7\u00f5es processuais, inclusive pecuni\u00e1rias (tais como multas), que poderiam agravar ainda mais a situa\u00e7\u00e3o.<\/p>\n<p>No final de 2021, ao julgar uma a\u00e7\u00e3o coletiva protocolada em 2011, tamb\u00e9m movida contra o Banco do Brasil e o Economus, a decis\u00e3o judicial foi novamente de car\u00e1ter solid\u00e1rio, abrangendo ambos os \u201cco-r\u00e9us\u201d. Neste caso, houve ainda a condena\u00e7\u00e3o para devolver as mensalidades cobradas nos \u00faltimos 12 (doze) anos, num total estimado em R$ 135 milh\u00f5es.<\/p>\n<p><em>\u201cDiante do exposto, DECIDE a 47\u00aa Vara do Trabalho de S\u00e3o Paulo, nos autos do processo [\u2026] em face de BANCO DO BRASIL S\/A E ECONOMUS \u2013 INSTITUTO DE SEGURIDADE SOCIAL, a fim de conden\u00e1-las solidariamente a satisfazer:<\/em><\/p>\n<ol>\n<li><em>a obriga\u00e7\u00e3o de fazer de manterem todas as condi\u00e7\u00f5es do plano FEAS originariamente concedidas aos associados da AFACEESP, bem como seus dependentes e agregados, mantendo todas as vantagens e condi\u00e7\u00f5es contratuais at\u00e9 ent\u00e3o estabelecidas no Regulamento antigo, sem contribui\u00e7\u00e3o mensal unilateral dos associados;<\/em><\/li>\n<li><em>a devolver os valores j\u00e1 pagos pelos associados da parte autora para permanecerem usufruindo do Plano Feas desde fevereiro\/2010, apurado em fase regular de liquida\u00e7\u00e3o de senten\u00e7a;\u201d<\/em><\/li>\n<\/ol>\n<p>Nos recursos judiciais apresentados para defesa do Economus, foi refor\u00e7ado o car\u00e1ter de entidade sem fins lucrativos. Por\u00e9m, na vis\u00e3o da Justi\u00e7a, n\u00e3o h\u00e1 a figura de devedor principal e todos s\u00e3o respons\u00e1veis pelo pagamento da obriga\u00e7\u00e3o, conforme foi destacado em decis\u00e3o recente, proferida pelo Tribunal Regional do Trabalho da 2\u00aa. Regi\u00e3o, cujo trecho est\u00e1 transcrito a seguir<\/p>\n<p><em>\u201cPortanto, numa an\u00e1lise prefacial, facilmente se constata que a responsabilidade das executadas \u00e9 solid\u00e1ria e, assim,\u00a0<u>n\u00e3o h\u00e1 falar-se em devedor principal<\/u>, bem como fora determinado \u00e0 entidade credora que apresentasse lista atualizada dos benefici\u00e1rios com os dados indicados na senten\u00e7a.<\/em><\/p>\n<p><em>[\u2026] Ante o exposto, INDEFIRO A LIMINAR postulada pela impetrante e mantenho inalterada a decis\u00e3o proferida nos autos da Execu\u00e7\u00e3o Provis\u00f3ria n\u00ba 0001888-27.2013.5.02.0047. Cumpra-se.\u201d\u00a0<\/em>(grifo nosso)<\/p>\n<p>Assim, nos meses de maio e junho\/2022, o Instituto teve que registrar provis\u00e3o cont\u00e1bil relativa \u00e0 parte solid\u00e1ria que lhe cabe na devolu\u00e7\u00e3o das mensalidades. Como o valor da provis\u00e3o foi superior aos ativos da opera\u00e7\u00e3o de sa\u00fade, o patrim\u00f4nio l\u00edquido do Economus ficou negativo em R$ 12 milh\u00f5es em junho\/2022.<\/p>\n<p>Nesse contexto, o acordo firmado com o Banco do Brasil, envolvendo o ressarcimento de 50% das despesas dos benefici\u00e1rios abrangidos pelas condena\u00e7\u00f5es solid\u00e1rias das a\u00e7\u00f5es judiciais transitadas em julgado, foi essencial para regularizar a situa\u00e7\u00e3o patrimonial e evitar impactos que poderiam inviabilizar a opera\u00e7\u00e3o de sa\u00fade do Economus e prejudicar a continuidade da assist\u00eancia m\u00e9dica a milhares de benefici\u00e1rios e dependentes.<\/p>\n<\/div><\/div><\/div><\/div>[\/vc_tta_section][vc_tta_section title=&#8221;5) Como fica o papel do Banco do Brasil nas condena\u00e7\u00f5es solid\u00e1rias?&#8221; tab_id=&#8221;1564681807063-be442c8f-620e&#8221;]<style>.adv_text_block69d0fdcfe4dae .text-content-block,.adv_text_block69d0fdcfe4dae .text-content-block p{color:#888;font-size:14px;line-height:30px;font-weight:400;}@media (max-width:1200px){.adv_text_block69d0fdcfe4dae .text-content-block,.adv_text_block69d0fdcfe4dae .text-content-block p{}}@media (max-width:991px){.adv_text_block69d0fdcfe4dae .text-content-block,.adv_text_block69d0fdcfe4dae .text-content-block p{font-size:14px !important;line-height:30px !important;}}@media (max-width:600px){.adv_text_block69d0fdcfe4dae .text-content-block,.adv_text_block69d0fdcfe4dae .text-content-block p{font-size:14px !important;line-height:30px !important;}}<\/style><div class=\"pt-plus-text-block-wrapper    \"><div class=\"text_block_parallax \" ><div class=\"pt_plus_adv_text_block   adv_text_block69d0fdcfe4dae   \" data-animate-type=\"\" data-animate-delay=\"\"><div class=\"text-content-block\"><p>O Economus busca constantemente solu\u00e7\u00f5es para os casos das condena\u00e7\u00f5es solid\u00e1rias, tendo feito isso por v\u00e1rios mecanismos, inclusive notifica\u00e7\u00e3o extrajudicial. Na esfera jur\u00eddica, h\u00e1 duas linhas principais para a quest\u00e3o da solidariedade: trabalhista ou c\u00edvel.<\/p>\n<p>Na esfera trabalhista, uma das op\u00e7\u00f5es \u00e9 por meio de a\u00e7\u00f5es revisionais, visto que o Economus n\u00e3o tem como acionar diretamente o co-devedor. Assim, em junho\/2021, o Economus deu in\u00edcio a 126 a\u00e7\u00f5es revisionais, que buscam demonstrar a situa\u00e7\u00e3o dos planos Feas, a incapacidade financeira do Economus e o acionamento do co-r\u00e9u Banco do Brasil.<\/p>\n<p>Na esfera c\u00edvel, uma das op\u00e7\u00f5es \u00e9 por meio de a\u00e7\u00e3o de regresso, com base no Artigo 283 do C\u00f3digo Civil, abaixo transcrito, e que prev\u00ea a forma de distribui\u00e7\u00e3o do \u00f4nus entre devedores:<\/p>\n<p><em><u>\u201cArt. 283. O devedor que satisfez a d\u00edvida por inteiro tem direito a exigir de cada um dos co-devedores a sua quota<\/u><\/em><em>, dividindo-se igualmente por todos a do insolvente, se o houver,\u00a0<u>presumindo-se iguais, no d\u00e9bito, as partes de todos os co-devedores<\/u>.\u201d\u00a0<\/em>(grifo nosso)<\/p>\n<p>Ambas as esferas (trabalhista ou c\u00edvel) passam por todo o processo judicial de peti\u00e7\u00f5es, cita\u00e7\u00f5es, defesas, recursos etc., tornando complexo prever o resultado e o tempo necess\u00e1rio at\u00e9 o encerramento da disputa.<\/p>\n<p>Diante desse cen\u00e1rio, o Economus manteve tratativas com o BB na busca de solu\u00e7\u00f5es pela via administrativa. Com a evolu\u00e7\u00e3o das negocia\u00e7\u00f5es, em mar\u00e7o\/2022, o Banco do Brasil formalizou compromisso de custear 50% das despesas dos benefici\u00e1rios abrangidos pelas condena\u00e7\u00f5es solid\u00e1rias das\u00a0a\u00e7\u00f5es judiciais transitadas em julgado, que vinham sendo cumpridas exclusivamente pelo Economus. Isso viabilizou o recebimento pelo Economus, em 21.03.2022, de primeiro aporte de recursos referente ao per\u00edodo de janeiro\/2021 e mais recentemente o ressarcimento do valor relativo ao per\u00edodo de janeiro\/2010 a dezembro\/2020.<\/p>\n<\/div><\/div><\/div><\/div>[\/vc_tta_section][vc_tta_section title=&#8221;6) Quais outros impactos de a\u00e7\u00f5es na justi\u00e7a contra o Economus?&#8221; tab_id=&#8221;1564681806647-a9fa7874-76f5&#8243;]<style>.adv_text_block69d0fdcfe4e1e .text-content-block,.adv_text_block69d0fdcfe4e1e .text-content-block p{color:#888;font-size:14px;line-height:30px;font-weight:400;}@media (max-width:1200px){.adv_text_block69d0fdcfe4e1e .text-content-block,.adv_text_block69d0fdcfe4e1e .text-content-block p{}}@media (max-width:991px){.adv_text_block69d0fdcfe4e1e .text-content-block,.adv_text_block69d0fdcfe4e1e .text-content-block p{font-size:14px !important;line-height:30px !important;}}@media (max-width:600px){.adv_text_block69d0fdcfe4e1e .text-content-block,.adv_text_block69d0fdcfe4e1e .text-content-block p{font-size:14px !important;line-height:30px !important;}}<\/style><div class=\"pt-plus-text-block-wrapper    \"><div class=\"text_block_parallax \" ><div class=\"pt_plus_adv_text_block   adv_text_block69d0fdcfe4e1e   \" data-animate-type=\"\" data-animate-delay=\"\"><div class=\"text-content-block\"><p>Ainda h\u00e1 quest\u00f5es judiciais complexas a serem superadas, como \u00e9 o caso das liminares que impedem o encerramento do plano Novo Feas e a aplica\u00e7\u00e3o de reajuste do plano para um grupo de benefici\u00e1rios.<\/p>\n<p>H\u00e1 outros questionamentos judiciais importantes, com maiores informa\u00e7\u00f5es no RAI e nas demonstra\u00e7\u00f5es cont\u00e1beis de dezembro\/2021. Em todos os casos, o Economus vem buscando meios de se defender ou de viabilizar acordos em rela\u00e7\u00e3o aos questionamentos.<\/p>\n<\/div><\/div><\/div><\/div>[\/vc_tta_section]<\/div><\/div><\/div><\/div><\/div>[vc_empty_space][\/vc_column][\/vc_row]\n<\/div>","protected":false},"excerpt":{"rendered":"<p>[vc_row][vc_column][vc_single_image image=&#8221;15986&#8243; img_size=&#8221;full&#8221;][vc_empty_space][vc_column_text]Confira abaixo as perguntas e respostas sobre a judicializa\u00e7\u00e3o envolvendo os planos de sa\u00fade ligados ao Fundo FEAS e como a situa\u00e7\u00e3o afeta o Economus e seus participantes.[\/vc_column_text][vc_empty_space][\/vc_column][\/vc_row]<\/p>\n","protected":false},"author":9,"featured_media":15986,"parent":0,"menu_order":0,"comment_status":"closed","ping_status":"closed","template":"","meta":{"ngg_post_thumbnail":0,"footnotes":""},"class_list":["post-16027","page","type-page","status-publish","has-post-thumbnail","hentry","description-off"],"_links":{"self":[{"href":"https:\/\/cms1.com.br\/backup\/wp-json\/wp\/v2\/pages\/16027","targetHints":{"allow":["GET"]}}],"collection":[{"href":"https:\/\/cms1.com.br\/backup\/wp-json\/wp\/v2\/pages"}],"about":[{"href":"https:\/\/cms1.com.br\/backup\/wp-json\/wp\/v2\/types\/page"}],"author":[{"embeddable":true,"href":"https:\/\/cms1.com.br\/backup\/wp-json\/wp\/v2\/users\/9"}],"replies":[{"embeddable":true,"href":"https:\/\/cms1.com.br\/backup\/wp-json\/wp\/v2\/comments?post=16027"}],"version-history":[{"count":9,"href":"https:\/\/cms1.com.br\/backup\/wp-json\/wp\/v2\/pages\/16027\/revisions"}],"predecessor-version":[{"id":16031,"href":"https:\/\/cms1.com.br\/backup\/wp-json\/wp\/v2\/pages\/16027\/revisions\/16031"}],"wp:featuredmedia":[{"embeddable":true,"href":"https:\/\/cms1.com.br\/backup\/wp-json\/wp\/v2\/media\/15986"}],"wp:attachment":[{"href":"https:\/\/cms1.com.br\/backup\/wp-json\/wp\/v2\/media?parent=16027"}],"curies":[{"name":"wp","href":"https:\/\/api.w.org\/{rel}","templated":true}]}}