{"id":13738,"date":"2021-12-10T10:39:41","date_gmt":"2021-12-10T13:39:41","guid":{"rendered":"https:\/\/portal.economus.com.br\/?page_id=13738"},"modified":"2022-05-12T13:21:23","modified_gmt":"2022-05-12T16:21:23","slug":"dependentes-de-participantes-do-grupo-b-blinha","status":"publish","type":"page","link":"https:\/\/cms1.com.br\/backup\/dependentes-de-participantes-do-grupo-b-blinha\/","title":{"rendered":"Dependentes de Participantes do Grupo B&#8217; (Blinha)"},"content":{"rendered":"<div class=\"wpb-content-wrapper\">[vc_row][vc_column][vc_column_text]<img fetchpriority=\"high\" decoding=\"async\" class=\"size-full wp-image-13652 aligncenter\" src=\"https:\/\/cms1.com.br\/backup\/\/wp-content\/uploads\/2021\/11\/grupob.png\" alt=\"\" width=\"1086\" height=\"250\" srcset=\"https:\/\/cms1.com.br\/backup\/wp-content\/uploads\/2021\/11\/grupob.png 1086w, https:\/\/cms1.com.br\/backup\/wp-content\/uploads\/2021\/11\/grupob-300x69.png 300w, https:\/\/cms1.com.br\/backup\/wp-content\/uploads\/2021\/11\/grupob-768x177.png 768w, https:\/\/cms1.com.br\/backup\/wp-content\/uploads\/2021\/11\/grupob-1024x236.png 1024w, https:\/\/cms1.com.br\/backup\/wp-content\/uploads\/2021\/11\/grupob-750x173.png 750w\" sizes=\"(max-width: 1086px) 100vw, 1086px\" \/>[\/vc_column_text][vc_empty_space][vc_column_text]S\u00e3o os dependentes legais de empregados do extinto Banco Nossa Caixa S.A., admitidos pelo regime CLT at\u00e9 13 de maio de 1974, sendo o plano regulamentado pelas Leis Estaduais n\u00ba 1.386\/51 e n\u00ba 4.819\/58, conforme regulamento complementar n\u00ba 1 \u2013 Grupo B.<\/p>\n<p>Os participantes pertencentes ao grupo B\u2019 s\u00e3o aqueles admitidos no per\u00edodo de 22\/01 a 13\/05\/74 e tem a pens\u00e3o custeada pelo Banco do Brasil.<\/p>\n<ul>\n<li><strong>Inscritos no Plano de Sa\u00fade Feas Pamc ou Feas B\u00e1sico <\/strong><\/li>\n<\/ul>\n<p>Para os dependentes eleg\u00edveis \u00e0 pens\u00e3o por morte custeadas pelo Economus, em que o titular falecido possu\u00eda o plano de sa\u00fade Feas Pamc ou Feas B\u00e1sico, ser\u00e1 mantido este plano, n\u00e3o sendo permitida a inscri\u00e7\u00e3o de nenhum outro dependente, al\u00e9m daqueles j\u00e1 inscritos.<\/p>\n<p><strong><u>Planos do titular e custeio: <\/u><\/strong><\/p>\n<ul>\n<li>O custeio da mensalidade por dependente vigente em 09\/2021, ser\u00e1 de 22,5% sobre o valor dos proventos brutos mensais, considerando um valor m\u00ednimo de mensalidade de R$ 600,00 (seiscentos reais) com o teto de R$ 4.500,00, enquanto permanecer inscrito no plano. A coparticipa\u00e7\u00e3o \u00e9 de 30% (trinta por cento) sobre o valor da Tabela Padr\u00e3o Economus (TPE), limite mensal de desconto de 5% sobre o valor dos proventos brutos.<\/li>\n<li>A base de c\u00e1lculo ser\u00e1 o valor da pens\u00e3o por morte, na aus\u00eancia de comprova\u00e7\u00e3o do valor do benef\u00edcio, ser\u00e1 utilizado o sal\u00e1rio bruto do titular falecido.<\/li>\n<\/ul>\n<p><strong><u>IMPORTANTE: Para a manuten\u00e7\u00e3o do plano de sa\u00fade, os dependentes eleg\u00edveis dever\u00e3o apresentar os seguintes documentos:<\/u><\/strong><\/p>\n<ul>\n<li>Carta de concess\u00e3o da pens\u00e3o por morte aos dependentes do plano de sa\u00fade emitido pela INSS;<\/li>\n<li>Demonstrativo de pagamento da pens\u00e3o por morte para compor a base de c\u00e1lculo da mensalidade do plano de sa\u00fade;<\/li>\n<li>Termo de ades\u00e3o ao plano de sa\u00fade (clique <a href=\"https:\/\/cms1.com.br\/backup\/\/wp-content\/uploads\/2018\/12\/2.Termo-de-Ades%C3%A3o-plano-de-saude.pdf\" target=\"_blank\" rel=\"noopener\">aqui<\/a>);<\/li>\n<li>C\u00f3pias simples de RG, CPF e comprovante de endere\u00e7o dos dependentes eleg\u00edveis;<\/li>\n<li>Certid\u00e3o de casamento, se o pensionista for o C\u00f4njuge;<\/li>\n<li>Certid\u00e3o de nascimento para filhos menores;<\/li>\n<li>Termo de Ades\u00e3o ao Conv\u00eanio Reciprocidade para os casos de Unimed e Cassi (clique <a href=\"https:\/\/cms1.com.br\/backup\/\/wp-content\/uploads\/2018\/12\/5.Termo-de-Ades%C3%A3o-ao-Conv%C3%AAnio-Reciprocidade.pdf\" target=\"_blank\" rel=\"noopener\">aqui<\/a>).<\/li>\n<\/ul>\n<p>Para a manuten\u00e7\u00e3o do plano de sa\u00fade aos dependentes eleg\u00edveis, conforme condi\u00e7\u00f5es estabelecidas, \u00e9 importante o envio da documenta\u00e7\u00e3o completa.<\/p>\n<p>Esta documenta\u00e7\u00e3o pode ser enviada por c\u00f3pias digitalizadas, em arquivo PDF, pelo nosso site <a href=\"https:\/\/cms1.com.br\/backup\/\">portal.economus.com.br<\/a>, aba Relacionamento, Fale Conosco.[\/vc_column_text][\/vc_column][\/vc_row]\n<\/div>","protected":false},"excerpt":{"rendered":"<p>[vc_row][vc_column][vc_column_text][\/vc_column_text][vc_empty_space][vc_column_text]S\u00e3o os dependentes legais de empregados do extinto Banco Nossa Caixa S.A., admitidos pelo regime CLT at\u00e9 13 de maio de 1974, sendo o plano regulamentado pelas Leis Estaduais n\u00ba 1.386\/51 e n\u00ba 4.819\/58, conforme regulamento complementar n\u00ba 1 \u2013 Grupo B. Os participantes pertencentes ao grupo B\u2019 s\u00e3o aqueles admitidos no per\u00edodo de 22\/01&hellip;<\/p>\n","protected":false},"author":5,"featured_media":0,"parent":0,"menu_order":0,"comment_status":"closed","ping_status":"closed","template":"","meta":{"ngg_post_thumbnail":0,"footnotes":""},"class_list":["post-13738","page","type-page","status-publish","hentry","description-off"],"_links":{"self":[{"href":"https:\/\/cms1.com.br\/backup\/wp-json\/wp\/v2\/pages\/13738","targetHints":{"allow":["GET"]}}],"collection":[{"href":"https:\/\/cms1.com.br\/backup\/wp-json\/wp\/v2\/pages"}],"about":[{"href":"https:\/\/cms1.com.br\/backup\/wp-json\/wp\/v2\/types\/page"}],"author":[{"embeddable":true,"href":"https:\/\/cms1.com.br\/backup\/wp-json\/wp\/v2\/users\/5"}],"replies":[{"embeddable":true,"href":"https:\/\/cms1.com.br\/backup\/wp-json\/wp\/v2\/comments?post=13738"}],"version-history":[{"count":3,"href":"https:\/\/cms1.com.br\/backup\/wp-json\/wp\/v2\/pages\/13738\/revisions"}],"predecessor-version":[{"id":15875,"href":"https:\/\/cms1.com.br\/backup\/wp-json\/wp\/v2\/pages\/13738\/revisions\/15875"}],"wp:attachment":[{"href":"https:\/\/cms1.com.br\/backup\/wp-json\/wp\/v2\/media?parent=13738"}],"curies":[{"name":"wp","href":"https:\/\/api.w.org\/{rel}","templated":true}]}}