{"id":13639,"date":"2021-11-26T13:45:00","date_gmt":"2021-11-26T16:45:00","guid":{"rendered":"https:\/\/portal.economus.com.br\/?page_id=13639"},"modified":"2022-05-12T13:39:55","modified_gmt":"2022-05-12T16:39:55","slug":"dependentes-de-participantes-do-grupo-a","status":"publish","type":"page","link":"https:\/\/cms1.com.br\/backup\/dependentes-de-participantes-do-grupo-a\/","title":{"rendered":"Dependentes de Participantes do Grupo A"},"content":{"rendered":"<div class=\"wpb-content-wrapper\">[vc_row][vc_column][vc_column_text]<img fetchpriority=\"high\" decoding=\"async\" class=\"size-full wp-image-13649 aligncenter\" src=\"https:\/\/cms1.com.br\/backup\/\/wp-content\/uploads\/2021\/11\/grupoa.png\" alt=\"\" width=\"1086\" height=\"250\" srcset=\"https:\/\/cms1.com.br\/backup\/wp-content\/uploads\/2021\/11\/grupoa.png 1086w, https:\/\/cms1.com.br\/backup\/wp-content\/uploads\/2021\/11\/grupoa-300x69.png 300w, https:\/\/cms1.com.br\/backup\/wp-content\/uploads\/2021\/11\/grupoa-768x177.png 768w, https:\/\/cms1.com.br\/backup\/wp-content\/uploads\/2021\/11\/grupoa-1024x236.png 1024w, https:\/\/cms1.com.br\/backup\/wp-content\/uploads\/2021\/11\/grupoa-750x173.png 750w\" sizes=\"(max-width: 1086px) 100vw, 1086px\" \/>[\/vc_column_text][vc_empty_space][vc_column_text]S\u00e3o os dependentes legais de empregados do extinto Banco Nossa Caixa S.A. optantes pelo regime CLT, na forma prevista pela Lei Estadual n\u00ba 10.430\/71 e Decreto n\u00ba 7.711\/76, conforme regulamento complementar n\u00ba 2 \u2013 Grupo A.<\/p>\n<p>Os benef\u00edcios de pens\u00e3o por morte s\u00e3o custeados pela Secretaria da Fazenda do Estado de S\u00e3o Paulo \u2013 SEFAZ.<\/p>\n<ul>\n<li><strong>Inscritos no Plano de Sa\u00fade Plus<\/strong><\/li>\n<\/ul>\n<p>Para os dependentes eleg\u00edveis \u00e0 pens\u00e3o por morte, benef\u00edcio esse autorizado pela Secretaria da Fazenda, em que o titular falecido possu\u00eda o plano de sa\u00fade Plus, ser\u00e1 mantido este plano, n\u00e3o sendo permitida a inscri\u00e7\u00e3o de nenhum outro dependente, al\u00e9m daqueles j\u00e1 inscritos.<\/p>\n<p><strong><u>Plano do titular e custeio: <\/u><\/strong><\/p>\n<p>Se o participante falecido estava inscrito no plano Plus, o custeio ser\u00e1: mensalidade de 1,5% (um e meio por cento) sobre o sal\u00e1rio bruto e coparticipa\u00e7\u00e3o de 10% (dez por cento) no custeio de cada consulta e exame de baixo custo, limitada a 5% (cinco por cento) do sal\u00e1rio bruto. A base de c\u00e1lculo ser\u00e1 o valor da pens\u00e3o por morte, na aus\u00eancia de comprova\u00e7\u00e3o do valor do benef\u00edcio, ser\u00e1 utilizado o sal\u00e1rio bruto do titular falecido.<\/p>\n<p><strong><u>IMPORTANTE: Para a manuten\u00e7\u00e3o do plano de sa\u00fade, os dependentes eleg\u00edveis dever\u00e3o apresentar os seguintes documentos:<\/u><\/strong><\/p>\n<ul>\n<li>Carta de concess\u00e3o da pens\u00e3o por morte aos dependentes do plano de sa\u00fade emitida pela SEFAZ- Secretaria da Fazenda;<\/li>\n<li>Demonstrativo de pagamento da pens\u00e3o por morte para compor a base de c\u00e1lculo da mensalidade do plano de sa\u00fade;<\/li>\n<li>Termo de ades\u00e3o ao plano de sa\u00fade (clique <a href=\"https:\/\/cms1.com.br\/backup\/\/wp-content\/uploads\/2018\/12\/2.Termo-de-Ades%C3%A3o-plano-de-saude.pdf\" target=\"_blank\" rel=\"noopener\">aqui<\/a>);<\/li>\n<li>C\u00f3pias simples de RG, CPF e comprovante de endere\u00e7o dos dependentes eleg\u00edveis;<\/li>\n<li>Certid\u00e3o de casamento, se o pensionista for o C\u00f4njuge;<\/li>\n<li>Certid\u00e3o de nascimento para filhos menores;<\/li>\n<li>Termo de Ades\u00e3o ao Conv\u00eanio Reciprocidade para os conv\u00eanios Unimed e Cassi (clique <a href=\"https:\/\/cms1.com.br\/backup\/\/wp-content\/uploads\/2018\/12\/5.Termo-de-Ades%C3%A3o-ao-Conv%C3%AAnio-Reciprocidade.pdf\" target=\"_blank\" rel=\"noopener\">aqui<\/a>).<\/li>\n<\/ul>\n<p>Para a manuten\u00e7\u00e3o do plano de sa\u00fade aos dependentes eleg\u00edveis, conforme condi\u00e7\u00f5es estabelecidas, \u00e9 importante o envio da documenta\u00e7\u00e3o completa.<\/p>\n<p>Esta documenta\u00e7\u00e3o pode ser enviada por c\u00f3pias digitalizadas, em arquivo PDF, pelo nosso site <a href=\"https:\/\/cms1.com.br\/backup\/\">portal.economus.com.br<\/a>, aba Relacionamento, Fale Conosco.[\/vc_column_text][\/vc_column][\/vc_row]\n<\/div>","protected":false},"excerpt":{"rendered":"<p>[vc_row][vc_column][vc_column_text][\/vc_column_text][vc_empty_space][vc_column_text]S\u00e3o os dependentes legais de empregados do extinto Banco Nossa Caixa S.A. optantes pelo regime CLT, na forma prevista pela Lei Estadual n\u00ba 10.430\/71 e Decreto n\u00ba 7.711\/76, conforme regulamento complementar n\u00ba 2 \u2013 Grupo A. Os benef\u00edcios de pens\u00e3o por morte s\u00e3o custeados pela Secretaria da Fazenda do Estado de S\u00e3o Paulo \u2013 SEFAZ.&hellip;<\/p>\n","protected":false},"author":5,"featured_media":0,"parent":0,"menu_order":0,"comment_status":"closed","ping_status":"closed","template":"","meta":{"ngg_post_thumbnail":0,"footnotes":""},"class_list":["post-13639","page","type-page","status-publish","hentry","description-off"],"_links":{"self":[{"href":"https:\/\/cms1.com.br\/backup\/wp-json\/wp\/v2\/pages\/13639","targetHints":{"allow":["GET"]}}],"collection":[{"href":"https:\/\/cms1.com.br\/backup\/wp-json\/wp\/v2\/pages"}],"about":[{"href":"https:\/\/cms1.com.br\/backup\/wp-json\/wp\/v2\/types\/page"}],"author":[{"embeddable":true,"href":"https:\/\/cms1.com.br\/backup\/wp-json\/wp\/v2\/users\/5"}],"replies":[{"embeddable":true,"href":"https:\/\/cms1.com.br\/backup\/wp-json\/wp\/v2\/comments?post=13639"}],"version-history":[{"count":5,"href":"https:\/\/cms1.com.br\/backup\/wp-json\/wp\/v2\/pages\/13639\/revisions"}],"predecessor-version":[{"id":15878,"href":"https:\/\/cms1.com.br\/backup\/wp-json\/wp\/v2\/pages\/13639\/revisions\/15878"}],"wp:attachment":[{"href":"https:\/\/cms1.com.br\/backup\/wp-json\/wp\/v2\/media?parent=13639"}],"curies":[{"name":"wp","href":"https:\/\/api.w.org\/{rel}","templated":true}]}}