{"id":13637,"date":"2021-11-26T13:41:22","date_gmt":"2021-11-26T16:41:22","guid":{"rendered":"https:\/\/portal.economus.com.br\/?page_id=13637"},"modified":"2023-06-21T17:45:30","modified_gmt":"2023-06-21T20:45:30","slug":"pensionistas-saude","status":"publish","type":"page","link":"https:\/\/cms1.com.br\/backup\/pensionistas-saude\/","title":{"rendered":"Assist\u00eancia ao Dependente &#8211; Planos de Sa\u00fade"},"content":{"rendered":"<div class=\"wpb-content-wrapper\">[vc_row][vc_column][vc_column_text]<img fetchpriority=\"high\" decoding=\"async\" class=\"size-full wp-image-13647 aligncenter\" src=\"https:\/\/cms1.com.br\/backup\/\/wp-content\/uploads\/2021\/11\/saud.png\" alt=\"\" width=\"1086\" height=\"250\" srcset=\"https:\/\/cms1.com.br\/backup\/wp-content\/uploads\/2021\/11\/saud.png 1086w, https:\/\/cms1.com.br\/backup\/wp-content\/uploads\/2021\/11\/saud-300x69.png 300w, https:\/\/cms1.com.br\/backup\/wp-content\/uploads\/2021\/11\/saud-768x177.png 768w, https:\/\/cms1.com.br\/backup\/wp-content\/uploads\/2021\/11\/saud-1024x236.png 1024w, https:\/\/cms1.com.br\/backup\/wp-content\/uploads\/2021\/11\/saud-750x173.png 750w\" sizes=\"(max-width: 1086px) 100vw, 1086px\" \/>[\/vc_column_text][vc_empty_space][vc_column_text]Reunimos aqui os par\u00e2metros e condi\u00e7\u00f5es para a manuten\u00e7\u00e3o do plano de sa\u00fade aos dependentes de titulares falecidos.<\/p>\n<p>Nesse espa\u00e7o, voc\u00ea encontrar\u00e1 informa\u00e7\u00f5es sobre:<\/p>\n<ul>\n<li>O\u00a0<u>grupo do participante<\/u> falecido e o plano previdenci\u00e1rio a que pertencia.<\/li>\n<li>Os <u>benefici\u00e1rios eleg\u00edveis<\/u> de acordo com o plano previdenci\u00e1rio do participante.<\/li>\n<li>As condi\u00e7\u00f5es para a manuten\u00e7\u00e3o do plano de sa\u00fade e o custeio do plano.<\/li>\n<li>Os\u00a0<u>documentos\u00a0<\/u>necess\u00e1rios para a manuten\u00e7\u00e3o do plano de sa\u00fade.<\/li>\n<\/ul>\n<p>Navegue pelas abas abaixo:[\/vc_column_text][vc_empty_space][\/vc_column][\/vc_row][vc_row][vc_column]<style >.tstp_accordion69d0a96c50362.pt_plus_tabs_block .accordion-style-1 .vc_tta-panels-container .vc_tta-panel.vc_active .vc_tta-panel-heading a{color: #ff214f;}.tstp_accordion69d0a96c50362.pt_plus_tabs_block .accordion-style-1 .vc_tta-panels-container .vc_tta-panel .vc_tta-panel-heading a{color: #ffffff;}.tstp_accordion69d0a96c50362.pt_plus_tabs_block .accordion-style-1 .vc_tta-panels-container .vc_tta-panel a .vc_tta-controls-icon{font-size: 14px;}.tstp_accordion69d0a96c50362.pt_plus_tabs_block .accordion-style-1 .vc_tta-panels-container .vc_tta-panel a {font-size: 16px ;font-family:;font-weight:600;}.tstp_accordion69d0a96c50362.pt_plus_tabs_block .accordion-style-1 .vc_tta-panels-container .vc_tta-panel.vc_active .vc_tta-panel-heading{background: #ffffff;}.tstp_accordion69d0a96c50362.pt_plus_tabs_block .accordion-style-1 .vc_tta-panels-container .vc_tta-panel .vc_tta-panel-heading{background: #ee2e5d;}.tstp_accordion69d0a96c50362.pt_plus_tabs_block .accordion-style-1.vc_tta-o-no-fill .vc_tta-panels-container .vc_tta-panel .vc_tta-panel-body{background: #ff214f;}.tstp_accordion69d0a96c50362.pt_plus_tabs_block .accordion-style-1 .vc_tta-panels-container .vc_tta-panel.vc_active .vc_tta-panel-heading {border: 1px solid #ff214f;}.tstp_accordion69d0a96c50362.pt_plus_tabs_block .accordion-style-1 .vc_tta-panels-container .vc_tta-panel .vc_tta-panel-heading {border: 1px solid #ffffff;}<\/style><div class=\"pt_plus_tabs_block   tstp_accordion69d0a96c50362\" id=\"tabid_69d0a96c50274\" data-animate-type=\"\" data-animate-delay=\"\" data-uid=\"tstp_accordion69d0a96c50362\" ><div class=\"vc_tta-container\" data-vc-action=\"collapseAll\"><div class=\"vc_general vc_tta vc_tta-accordion vc_tta-o-shape-group vc_tta-controls-align-left vc_tta-o-all-clickable accordion-style-1\"><div class=\"vc_tta-panels-container\" ><div class=\"vc_tta-panels\">[vc_tta_section title=&#8221;O grupo do participante falecido e o plano previdenci\u00e1rio a que pertencia.&#8221; tab_id=&#8221;1628791680931-c591f7ad-3c92&#8243;][vc_column_text]O Economus administra quatro planos previdenci\u00e1rios, conforme o grupo do participante:<\/p>\n<ul>\n<li>Plano previdenci\u00e1rio para o Grupo A \u2013 refere-se ao Regulamento Complementar n\u00ba 2 (BD)<\/li>\n<li>Plano previdenci\u00e1rio para o Grupo B e B&#8217; \u2013 refere-se ao Regulamento Complementar n\u00ba 1 (BD)<\/li>\n<li>Plano previdenci\u00e1rio para o Grupo C \u2013 refere-se ao Regulamento Geral (RG) (BD)<\/li>\n<li>Plano previdenci\u00e1rio PrevMais \u2013 refere-se ao Regulamento PrevMais<\/li>\n<\/ul>\n<p>Cada plano possui caracter\u00edsticas e benef\u00edcios pr\u00f3prios, conforme o seu respectivo regulamento.<\/p>\n<p>Por isso, \u00e9 importante identificar o plano previdenci\u00e1rio do participante titular para conhecer os benef\u00edcios que os dependentes t\u00eam direito.<\/p>\n<p>Veja agora, de acordo com cada regulamento e regime de contrata\u00e7\u00e3o no antigo Banco Nossa Caixa, em qual grupo o participante se enquadra:<\/p>\n<p>&nbsp;<\/p>\n<table border=\"1px\" width=\"649\">\n<tbody>\n<tr>\n<td width=\"210\"><strong>Grupo <\/strong><\/td>\n<td width=\"240\"><strong>Refer\u00eancia<\/strong><\/td>\n<td width=\"199\"><strong>Plano\/Regulamento<\/strong><\/td>\n<\/tr>\n<tr>\n<td width=\"210\"><strong>Grupo A<\/strong><\/p>\n<p>&nbsp;<\/td>\n<td width=\"240\">Destina-se aos empregados do extinto Banco Nossa Caixa S.A. optantes pelo regime CLT, na forma prevista pela Lei Estadual n\u00ba 10.430\/71 e Decreto n\u00ba 7.711\/76.<\/p>\n<p>Participantes do Grupo A recebem benef\u00edcios pela Secretaria da Fazenda.<\/td>\n<td width=\"199\">Regulamento Complementar n\u00ba 2<\/td>\n<\/tr>\n<tr>\n<td width=\"210\"><strong>Grupo B<\/strong><\/td>\n<td width=\"240\">Destina-se aos empregados do extinto Banco Nossa Caixa S.A., admitidos pelo regime CLT at\u00e9 13 de maio de 1974, sendo o plano regulamentado pelas Leis Estaduais n\u00ba 1.386\/51 e n\u00ba 4.819\/58.<\/td>\n<td width=\"199\">Regulamento Complementar n\u00ba 1<\/td>\n<\/tr>\n<tr>\n<td width=\"210\"><strong>Grupo B&#8217; (l\u00ea-se &#8220;B linha&#8221;)<\/strong><\/td>\n<td width=\"240\">Igual ao grupo B, por\u00e9m diz respeito a um grupo espec\u00edfico de participantes admitidos pelo regime CLT no per\u00edodo entre \u00a022\/01\/74 at\u00e9 13\/05\/74<\/td>\n<td width=\"199\">Regulamento Complementar n\u00ba 1<\/td>\n<\/tr>\n<tr>\n<td width=\"210\"><strong>Grupo C<\/strong><\/p>\n<p><strong>\u00a0<\/strong><\/td>\n<td width=\"240\">Destina-se aos empregados do extinto Banco Nossa Caixa S.A. admitidos a partir de 13 de maio de 1974, contratados pelo regime CLT.<\/td>\n<td width=\"199\">Regulamento Geral (RG)<\/td>\n<\/tr>\n<tr>\n<td width=\"210\"><strong>PrevMais<\/strong><\/p>\n<p>Regulamento PrevMais<\/td>\n<td width=\"240\">Criado exclusivamente para ex-funcion\u00e1rios do Banco Nossa Caixa, atual Banco do Brasil, e empregados do Economus, pertencentes ao Grupo C.<\/td>\n<td width=\"199\">Regulamento PrevMais<\/td>\n<\/tr>\n<\/tbody>\n<\/table>\n<p>&nbsp;<\/p>\n<p>Caso o dependente n\u00e3o conhe\u00e7a o plano previdenci\u00e1rio do participante falecido, pedimos entrar em contato com a nossa <a href=\"https:\/\/cms1.com.br\/backup\/\/central-economus\/\" target=\"_blank\" rel=\"noopener\">Central de Relacionamento<\/a> para obter a informa\u00e7\u00e3o.[\/vc_column_text][\/vc_tta_section][vc_tta_section title=&#8221;Os dependentes eleg\u00edveis \u00e0 Pens\u00e3o no regulamento de cada plano previdenci\u00e1rio.&#8221; tab_id=&#8221;1628791680953-b5aa917d-ded2&#8243;][vc_column_text]\n<table border=\"1px\">\n<tbody>\n<tr>\n<td width=\"156\"><strong>Grupos<\/strong><\/td>\n<td width=\"458\"><strong>Dependentes Legais<\/strong><\/td>\n<\/tr>\n<tr>\n<td width=\"156\">Grupo A<\/td>\n<td width=\"458\">Os dependentes legais (c\u00f4njuge ou filhos menores de 21 anos) quando reconhecidos e habilitados pela Secretaria da Fazenda &#8211; SEFAZ.<\/td>\n<\/tr>\n<tr>\n<td width=\"156\">Grupo B<\/td>\n<td width=\"458\">Os dependentes legais (c\u00f4njuge ou filhos menores de 21 anos) do participante falecido habilitados\/reconhecidos pelo INSS.<\/td>\n<\/tr>\n<tr>\n<td width=\"156\">Grupo C<\/td>\n<td width=\"458\">Os dependentes legais (c\u00f4njuge ou filhos menores de 21 anos) habilitados\/reconhecidos pelo INSS devem receber benef\u00edcio an\u00e1logo da Previd\u00eancia Social.<\/td>\n<\/tr>\n<tr>\n<td width=\"156\">PrevMais<\/td>\n<td width=\"458\">Os dependentes legais (c\u00f4njuge, filhos menores de 21 anos, filhos inv\u00e1lidos sem limite de idade). Na aus\u00eancia destes, os benefici\u00e1rios indicados do participante Ativo ou Assistido que vier a falecer.<\/p>\n<p>Para participante Ativo, ser\u00e1 exigido pelo menos 01 (um) ano de contribui\u00e7\u00e3o, exceto em caso de acidente de trabalho.<\/td>\n<\/tr>\n<\/tbody>\n<\/table>\n<p>Importante que os pensionistas eleg\u00edveis deem entrada no INSS logo ap\u00f3s o \u00f3bito do participante.[\/vc_column_text][\/vc_tta_section]<\/div><\/div><\/div><\/div><\/div>[vc_column_text]Agora que voc\u00ea j\u00e1 sabe o grupo e o plano benefici\u00e1rio, clique em um dos bot\u00f5es abaixo, veja as condi\u00e7\u00f5es para a manuten\u00e7\u00e3o do plano de sa\u00fade aos dependentes legais e os documentos necess\u00e1rios:<\/p>\n<ul>\n<li><a href=\"https:\/\/cms1.com.br\/backup\/\/dependentes-de-participantes-do-grupo-a\/\" target=\"_blank\" rel=\"noopener\">Dependentes de Participantes do Grupo A<\/a><\/li>\n<li><a href=\"https:\/\/cms1.com.br\/backup\/\/dependentes-de-participantes-do-grupo-b\/\" target=\"_blank\" rel=\"noopener\">Dependentes de Participantes do Grupo B<\/a><\/li>\n<li><a href=\"https:\/\/cms1.com.br\/backup\/\/dependentes-de-participantes-do-grupo-b-blinha\/\" target=\"_blank\" rel=\"noopener\">Dependentes de Participantes do Grupo B&#8217; (Blinha)<\/a><\/li>\n<li><a href=\"https:\/\/cms1.com.br\/backup\/\/dependentes-de-participantes-do-grupo-c-e-prevmais\/\" target=\"_blank\" rel=\"noopener\">Dependentes de Participantes do Grupo C e PrevMais<\/a><\/li>\n<\/ul>\n[\/vc_column_text][vc_empty_space][vc_column_text]Para a manuten\u00e7\u00e3o do plano de sa\u00fade aos dependentes eleg\u00edveis, conforme condi\u00e7\u00f5es estabelecidas, \u00e9 importante o envio da documenta\u00e7\u00e3o completa.[\/vc_column_text][\/vc_column][\/vc_row]\n<\/div>","protected":false},"excerpt":{"rendered":"<p>[vc_row][vc_column][vc_column_text][\/vc_column_text][vc_empty_space][vc_column_text]Reunimos aqui os par\u00e2metros e condi\u00e7\u00f5es para a manuten\u00e7\u00e3o do plano de sa\u00fade aos dependentes de titulares falecidos. Nesse espa\u00e7o, voc\u00ea encontrar\u00e1 informa\u00e7\u00f5es sobre: O\u00a0grupo do participante falecido e o plano previdenci\u00e1rio a que pertencia. Os benefici\u00e1rios eleg\u00edveis de acordo com o plano previdenci\u00e1rio do participante. As condi\u00e7\u00f5es para a manuten\u00e7\u00e3o do plano de sa\u00fade&hellip;<\/p>\n","protected":false},"author":5,"featured_media":0,"parent":0,"menu_order":0,"comment_status":"closed","ping_status":"closed","template":"","meta":{"ngg_post_thumbnail":0,"footnotes":""},"class_list":["post-13637","page","type-page","status-publish","hentry","description-off"],"_links":{"self":[{"href":"https:\/\/cms1.com.br\/backup\/wp-json\/wp\/v2\/pages\/13637","targetHints":{"allow":["GET"]}}],"collection":[{"href":"https:\/\/cms1.com.br\/backup\/wp-json\/wp\/v2\/pages"}],"about":[{"href":"https:\/\/cms1.com.br\/backup\/wp-json\/wp\/v2\/types\/page"}],"author":[{"embeddable":true,"href":"https:\/\/cms1.com.br\/backup\/wp-json\/wp\/v2\/users\/5"}],"replies":[{"embeddable":true,"href":"https:\/\/cms1.com.br\/backup\/wp-json\/wp\/v2\/comments?post=13637"}],"version-history":[{"count":7,"href":"https:\/\/cms1.com.br\/backup\/wp-json\/wp\/v2\/pages\/13637\/revisions"}],"predecessor-version":[{"id":17658,"href":"https:\/\/cms1.com.br\/backup\/wp-json\/wp\/v2\/pages\/13637\/revisions\/17658"}],"wp:attachment":[{"href":"https:\/\/cms1.com.br\/backup\/wp-json\/wp\/v2\/media?parent=13637"}],"curies":[{"name":"wp","href":"https:\/\/api.w.org\/{rel}","templated":true}]}}