{"id":13370,"date":"2021-09-21T16:20:59","date_gmt":"2021-09-21T19:20:59","guid":{"rendered":"https:\/\/portal.economus.com.br\/?page_id=13370"},"modified":"2025-10-30T17:27:42","modified_gmt":"2025-10-30T20:27:42","slug":"hotsites","status":"publish","type":"page","link":"https:\/\/cms1.com.br\/backup\/hotsites\/","title":{"rendered":"Hotsites"},"content":{"rendered":"<div class=\"wpb-content-wrapper\">[vc_row][vc_column][vc_column_text css=&#8221;.vc_custom_1632251747764{margin-bottom: 20px !important;border-bottom-width: 5px !important;padding-top: 5px !important;padding-left: 25px !important;background-color: #92b2ba !important;}&#8221;]<span style=\"color: #ffffff;\">HOTSITES<\/span>[\/vc_column_text][vc_empty_space][\/vc_column][\/vc_row][vc_row][vc_column][vc_column_text css=&#8221;&#8221;]\n<table style=\"width: 100%; border-collapse: collapse; border-style: none; border-bottom: 1px solid #ccc; margin-bottom: 0;\" border=\"0\">\n<tbody>\n<tr>\n<td style=\"width: 50%; border-color: #ffffff;\">Elei\u00e7\u00f5es 2026<\/td>\n<td style=\"width: 50%; border-color: #ffffff;\"><div class=\" vc_custom_1544116308551 ubtn-ctn-right \"><a class=\"ubtn-link ult-adjust-bottom-margin ubtn-right ubtn-small \" href=\"\/eleicoes-2026\" target=\"_blank\" rel=\"noopener\" ><button type=\"button\" id=\"ubtn-4083\"  class=\"ubtn ult-adjust-bottom-margin ult-responsive ubtn-small ubtn-fade-bg  none  ubtn-right   tooltip-69d0161df1b3b\"  data-hover=\"#ec305c\" data-border-color=\"#ec305c\" data-bg=\"#ec305c\" data-hover-bg=\"#ffffff\" data-border-hover=\"#ec305c\" data-shadow-hover=\"\" data-shadow-click=\"none\" data-shadow=\"\" data-shd-shadow=\"\"  data-ultimate-target='#ubtn-4083'  data-responsive-json-new='{\"font-size\":\"\",\"line-height\":\"\"}'  style=\"font-weight:normal;border-radius:20px;border-width:2px;border-color:#ec305c;border-style:solid;background: #ec305c;color: #ffffff;\"><span class=\"ubtn-hover\" style=\"background-color:#ffffff\"><\/span><span class=\"ubtn-data ubtn-text \" >Acesse<\/span><\/button><\/a><\/div><\/td>\n<\/tr>\n<\/tbody>\n<\/table>\n<table style=\"width: 100%; border-collapse: collapse; border-style: none; border-bottom: 1px solid #ccc; margin-bottom: 0;\" border=\"0\">\n<tbody>\n<tr>\n<td style=\"width: 50%; border-color: #ffffff;\">G\u00eaRa &#8211; Comit\u00ea Gestor de G\u00eanero e Ra\u00e7a<\/td>\n<td style=\"width: 50%; border-color: #ffffff;\"><div class=\" vc_custom_1544116308551 ubtn-ctn-right \"><a class=\"ubtn-link ult-adjust-bottom-margin ubtn-right ubtn-small \" href=\"\/gera-economus\/\" target=\"_blank\" rel=\"noopener\" ><button type=\"button\" id=\"ubtn-7325\"  class=\"ubtn ult-adjust-bottom-margin ult-responsive ubtn-small ubtn-fade-bg  none  ubtn-right   tooltip-69d0161df1b9e\"  data-hover=\"#ec305c\" data-border-color=\"#ec305c\" data-bg=\"#ec305c\" data-hover-bg=\"#ffffff\" data-border-hover=\"#ec305c\" data-shadow-hover=\"\" data-shadow-click=\"none\" data-shadow=\"\" data-shd-shadow=\"\"  data-ultimate-target='#ubtn-7325'  data-responsive-json-new='{\"font-size\":\"\",\"line-height\":\"\"}'  style=\"font-weight:normal;border-radius:20px;border-width:2px;border-color:#ec305c;border-style:solid;background: #ec305c;color: #ffffff;\"><span class=\"ubtn-hover\" style=\"background-color:#ffffff\"><\/span><span class=\"ubtn-data ubtn-text \" >Acesse<\/span><\/button><\/a><\/div><\/td>\n<\/tr>\n<\/tbody>\n<\/table>\n<table style=\"width: 100%; border-collapse: collapse; border-style: none; border-bottom: 1px solid #ccc; margin-bottom: 0;\" border=\"0\">\n<tbody>\n<tr>\n<td style=\"width: 50%; border-color: #ffffff;\">ESG<\/td>\n<td style=\"width: 50%; border-color: #ffffff;\"><div class=\" vc_custom_1544116308551 ubtn-ctn-right \"><a class=\"ubtn-link ult-adjust-bottom-margin ubtn-right ubtn-small \" href=\"\/esg\" target=\"_blank\" rel=\"noopener\" ><button type=\"button\" id=\"ubtn-7499\"  class=\"ubtn ult-adjust-bottom-margin ult-responsive ubtn-small ubtn-fade-bg  none  ubtn-right   tooltip-69d0161df1bc9\"  data-hover=\"#ec305c\" data-border-color=\"#ec305c\" data-bg=\"#ec305c\" data-hover-bg=\"#ffffff\" data-border-hover=\"#ec305c\" data-shadow-hover=\"\" data-shadow-click=\"none\" data-shadow=\"\" data-shd-shadow=\"\"  data-ultimate-target='#ubtn-7499'  data-responsive-json-new='{\"font-size\":\"\",\"line-height\":\"\"}'  style=\"font-weight:normal;border-radius:20px;border-width:2px;border-color:#ec305c;border-style:solid;background: #ec305c;color: #ffffff;\"><span class=\"ubtn-hover\" style=\"background-color:#ffffff\"><\/span><span class=\"ubtn-data ubtn-text \" >Acesse<\/span><\/button><\/a><\/div><\/td>\n<\/tr>\n<\/tbody>\n<\/table>\n<table style=\"width: 100%; border-collapse: collapse; border-style: none; border-bottom: 1px solid #ccc; margin-bottom: 0;\" border=\"0\">\n<tbody>\n<tr>\n<td style=\"width: 50%; border-color: #ffffff;\">Elei\u00e7\u00f5es 2024<\/td>\n<td style=\"width: 50%; border-color: #ffffff;\"><div class=\" vc_custom_1544116308551 ubtn-ctn-right \"><a class=\"ubtn-link ult-adjust-bottom-margin ubtn-right ubtn-small \" href=\"\/eleicoes-2024\" target=\"_blank\" rel=\"noopener\" ><button type=\"button\" id=\"ubtn-9164\"  class=\"ubtn ult-adjust-bottom-margin ult-responsive ubtn-small ubtn-fade-bg  none  ubtn-right   tooltip-69d0161df1bec\"  data-hover=\"#ec305c\" data-border-color=\"#ec305c\" data-bg=\"#ec305c\" data-hover-bg=\"#ffffff\" data-border-hover=\"#ec305c\" data-shadow-hover=\"\" data-shadow-click=\"none\" data-shadow=\"\" data-shd-shadow=\"\"  data-ultimate-target='#ubtn-9164'  data-responsive-json-new='{\"font-size\":\"\",\"line-height\":\"\"}'  style=\"font-weight:normal;border-radius:20px;border-width:2px;border-color:#ec305c;border-style:solid;background: #ec305c;color: #ffffff;\"><span class=\"ubtn-hover\" style=\"background-color:#ffffff\"><\/span><span class=\"ubtn-data ubtn-text \" >Acesse<\/span><\/button><\/a><\/div><\/td>\n<\/tr>\n<\/tbody>\n<\/table>\n<table style=\"width: 100%; border-collapse: collapse; border-style: none; border-bottom: 1px solid #ccc; margin-bottom: 0;\" border=\"0\">\n<tbody>\n<tr>\n<td style=\"width: 50%; border-color: #ffffff;\">Economus Futuro<\/td>\n<td style=\"width: 50%; border-color: #ffffff;\"><div class=\" vc_custom_1544116308551 ubtn-ctn-right \"><a class=\"ubtn-link ult-adjust-bottom-margin ubtn-right ubtn-small \" href=\"\/economus-futuro\" target=\"_blank\" rel=\"noopener\" ><button type=\"button\" id=\"ubtn-4020\"  class=\"ubtn ult-adjust-bottom-margin ult-responsive ubtn-small ubtn-fade-bg  none  ubtn-right   tooltip-69d0161df1c0d\"  data-hover=\"#ec305c\" data-border-color=\"#ec305c\" data-bg=\"#ec305c\" data-hover-bg=\"#ffffff\" data-border-hover=\"#ec305c\" data-shadow-hover=\"\" data-shadow-click=\"none\" data-shadow=\"\" data-shd-shadow=\"\"  data-ultimate-target='#ubtn-4020'  data-responsive-json-new='{\"font-size\":\"\",\"line-height\":\"\"}'  style=\"font-weight:normal;border-radius:20px;border-width:2px;border-color:#ec305c;border-style:solid;background: #ec305c;color: #ffffff;\"><span class=\"ubtn-hover\" style=\"background-color:#ffffff\"><\/span><span class=\"ubtn-data ubtn-text \" >Acesse<\/span><\/button><\/a><\/div><\/td>\n<\/tr>\n<\/tbody>\n<\/table>\n<table style=\"width: 100%; border-collapse: collapse; border-style: none; border-bottom: 1px solid #ccc; margin-bottom: 0;\" border=\"0\">\n<tbody>\n<tr>\n<td style=\"width: 50%; border-color: #ffffff;\">Lei de Prote\u00e7\u00e3o de Dados &#8211; LGPD<\/td>\n<td style=\"width: 50%; border-color: #ffffff;\"><div class=\" vc_custom_1544116308551 ubtn-ctn-right \"><a class=\"ubtn-link ult-adjust-bottom-margin ubtn-right ubtn-small \" href=\"\/lgpd\" target=\"_blank\" rel=\"noopener\" ><button type=\"button\" id=\"ubtn-2057\"  class=\"ubtn ult-adjust-bottom-margin ult-responsive ubtn-small ubtn-fade-bg  none  ubtn-right   tooltip-69d0161df1c2c\"  data-hover=\"#ec305c\" data-border-color=\"#ec305c\" data-bg=\"#ec305c\" data-hover-bg=\"#ffffff\" data-border-hover=\"#ec305c\" data-shadow-hover=\"\" data-shadow-click=\"none\" data-shadow=\"\" data-shd-shadow=\"\"  data-ultimate-target='#ubtn-2057'  data-responsive-json-new='{\"font-size\":\"\",\"line-height\":\"\"}'  style=\"font-weight:normal;border-radius:20px;border-width:2px;border-color:#ec305c;border-style:solid;background: #ec305c;color: #ffffff;\"><span class=\"ubtn-hover\" style=\"background-color:#ffffff\"><\/span><span class=\"ubtn-data ubtn-text \" >Acesse<\/span><\/button><\/a><\/div><\/td>\n<\/tr>\n<\/tbody>\n<\/table>\n<table style=\"width: 100%; border-collapse: collapse; border-style: none; border-bottom: 1px solid #ccc; margin-bottom: 0;\" border=\"0\">\n<tbody>\n<tr>\n<td style=\"width: 50%; border-color: #ffffff;\">Assist\u00eancia ao Dependente<\/td>\n<td style=\"width: 50%; border-color: #ffffff;\"><div class=\" vc_custom_1544116308551 ubtn-ctn-right \"><a class=\"ubtn-link ult-adjust-bottom-margin ubtn-right ubtn-small \" href=\"\/pensionistas\" target=\"_blank\" rel=\"noopener\" ><button type=\"button\" id=\"ubtn-4455\"  class=\"ubtn ult-adjust-bottom-margin ult-responsive ubtn-small ubtn-fade-bg  none  ubtn-right   tooltip-69d0161df1c5c\"  data-hover=\"#ec305c\" data-border-color=\"#ec305c\" data-bg=\"#ec305c\" data-hover-bg=\"#ffffff\" data-border-hover=\"#ec305c\" data-shadow-hover=\"\" data-shadow-click=\"none\" data-shadow=\"\" data-shd-shadow=\"\"  data-ultimate-target='#ubtn-4455'  data-responsive-json-new='{\"font-size\":\"\",\"line-height\":\"\"}'  style=\"font-weight:normal;border-radius:20px;border-width:2px;border-color:#ec305c;border-style:solid;background: #ec305c;color: #ffffff;\"><span class=\"ubtn-hover\" style=\"background-color:#ffffff\"><\/span><span class=\"ubtn-data ubtn-text \" >Acesse<\/span><\/button><\/a><\/div><\/td>\n<\/tr>\n<\/tbody>\n<\/table>\n<table style=\"width: 100%; border-collapse: collapse; border-style: none; border-bottom: 1px solid #ccc;\" border=\"0\">\n<tbody>\n<tr>\n<td style=\"width: 50%; border-color: #ffffff;\">Feas<\/td>\n<td style=\"width: 50%; border-color: #ffffff;\"><div class=\" vc_custom_1544114263725 ubtn-ctn-right \"><a class=\"ubtn-link ult-adjust-bottom-margin ubtn-right ubtn-small \" href=\"\/hotsite-feas\" target=\"_blank\" rel=\"noopener\" ><button type=\"button\" id=\"ubtn-9152\"  class=\"ubtn ult-adjust-bottom-margin ult-responsive ubtn-small ubtn-fade-bg  none  ubtn-right   tooltip-69d0161df1c7a\"  data-hover=\"#ec305c\" data-border-color=\"#ec305c\" data-bg=\"#ec305c\" data-hover-bg=\"#ffffff\" data-border-hover=\"#ec305c\" data-shadow-hover=\"\" data-shadow-click=\"none\" data-shadow=\"\" data-shd-shadow=\"\"  data-ultimate-target='#ubtn-9152'  data-responsive-json-new='{\"font-size\":\"\",\"line-height\":\"\"}'  style=\"font-weight:normal;border-radius:20px;border-width:2px;border-color:#ec305c;border-style:solid;background: #ec305c;color: #ffffff;\"><span class=\"ubtn-hover\" style=\"background-color:#ffffff\"><\/span><span class=\"ubtn-data ubtn-text \" >Acesse<\/span><\/button><\/a><\/div><\/td>\n<\/tr>\n<\/tbody>\n<\/table>\n<table style=\"width: 100%; border-collapse: collapse; border-style: none; border-bottom: 1px solid #ccc;\" border=\"0\">\n<tbody>\n<tr>\n<td style=\"width: 50%; border-color: #ffffff;\">Telemedicina<\/td>\n<td style=\"width: 50%; border-color: #ffffff;\"><div class=\" vc_custom_1544114263725 ubtn-ctn-right \"><a class=\"ubtn-link ult-adjust-bottom-margin ubtn-right ubtn-small \" href=\"\/telemedicina\" target=\"_blank\" rel=\"noopener\" ><button type=\"button\" id=\"ubtn-4180\"  class=\"ubtn ult-adjust-bottom-margin ult-responsive ubtn-small ubtn-fade-bg  none  ubtn-right   tooltip-69d0161df1c97\"  data-hover=\"#ec305c\" data-border-color=\"#ec305c\" data-bg=\"#ec305c\" data-hover-bg=\"#ffffff\" data-border-hover=\"#ec305c\" data-shadow-hover=\"\" data-shadow-click=\"none\" data-shadow=\"\" data-shd-shadow=\"\"  data-ultimate-target='#ubtn-4180'  data-responsive-json-new='{\"font-size\":\"\",\"line-height\":\"\"}'  style=\"font-weight:normal;border-radius:20px;border-width:2px;border-color:#ec305c;border-style:solid;background: #ec305c;color: #ffffff;\"><span class=\"ubtn-hover\" style=\"background-color:#ffffff\"><\/span><span class=\"ubtn-data ubtn-text \" >Acesse<\/span><\/button><\/a><\/div><\/td>\n<\/tr>\n<\/tbody>\n<\/table>\n[\/vc_column_text][\/vc_column][\/vc_row]\n<\/div>","protected":false},"excerpt":{"rendered":"<p>[vc_row][vc_column][vc_column_text css=&#8221;.vc_custom_1632251747764{margin-bottom: 20px !important;border-bottom-width: 5px !important;padding-top: 5px !important;padding-left: 25px !important;background-color: #92b2ba !important;}&#8221;]HOTSITES[\/vc_column_text][vc_empty_space][\/vc_column][\/vc_row][vc_row][vc_column][vc_column_text css=&#8221;&#8221;] Elei\u00e7\u00f5es 2026 G\u00eaRa &#8211; Comit\u00ea Gestor de G\u00eanero e Ra\u00e7a ESG Elei\u00e7\u00f5es 2024 Economus Futuro Lei de Prote\u00e7\u00e3o de Dados &#8211; LGPD Assist\u00eancia ao Dependente Feas Telemedicina [\/vc_column_text][\/vc_column][\/vc_row]<\/p>\n","protected":false},"author":5,"featured_media":0,"parent":0,"menu_order":0,"comment_status":"closed","ping_status":"closed","template":"","meta":{"ngg_post_thumbnail":0,"footnotes":""},"class_list":["post-13370","page","type-page","status-publish","hentry","description-off"],"_links":{"self":[{"href":"https:\/\/cms1.com.br\/backup\/wp-json\/wp\/v2\/pages\/13370","targetHints":{"allow":["GET"]}}],"collection":[{"href":"https:\/\/cms1.com.br\/backup\/wp-json\/wp\/v2\/pages"}],"about":[{"href":"https:\/\/cms1.com.br\/backup\/wp-json\/wp\/v2\/types\/page"}],"author":[{"embeddable":true,"href":"https:\/\/cms1.com.br\/backup\/wp-json\/wp\/v2\/users\/5"}],"replies":[{"embeddable":true,"href":"https:\/\/cms1.com.br\/backup\/wp-json\/wp\/v2\/comments?post=13370"}],"version-history":[{"count":19,"href":"https:\/\/cms1.com.br\/backup\/wp-json\/wp\/v2\/pages\/13370\/revisions"}],"predecessor-version":[{"id":22018,"href":"https:\/\/cms1.com.br\/backup\/wp-json\/wp\/v2\/pages\/13370\/revisions\/22018"}],"wp:attachment":[{"href":"https:\/\/cms1.com.br\/backup\/wp-json\/wp\/v2\/media?parent=13370"}],"curies":[{"name":"wp","href":"https:\/\/api.w.org\/{rel}","templated":true}]}}