{"id":13086,"date":"2021-08-17T17:10:31","date_gmt":"2021-08-17T20:10:31","guid":{"rendered":"https:\/\/portal.economus.com.br\/?page_id=13086"},"modified":"2025-12-08T15:17:20","modified_gmt":"2025-12-08T18:17:20","slug":"pensionistas","status":"publish","type":"page","link":"https:\/\/cms1.com.br\/backup\/pensionistas\/","title":{"rendered":"Assist\u00eancia ao Dependente"},"content":{"rendered":"<div class=\"wpb-content-wrapper\">[vc_row][vc_column][vc_column_text css=&#8221;&#8221;]<img fetchpriority=\"high\" decoding=\"async\" class=\"aligncenter size-full wp-image-13093\" src=\"https:\/\/cms1.com.br\/backup\/\/wp-content\/uploads\/2021\/08\/pensionista.jpg\" alt=\"\" width=\"1086\" height=\"250\" srcset=\"https:\/\/cms1.com.br\/backup\/wp-content\/uploads\/2021\/08\/pensionista.jpg 1086w, https:\/\/cms1.com.br\/backup\/wp-content\/uploads\/2021\/08\/pensionista-300x69.jpg 300w, https:\/\/cms1.com.br\/backup\/wp-content\/uploads\/2021\/08\/pensionista-768x177.jpg 768w, https:\/\/cms1.com.br\/backup\/wp-content\/uploads\/2021\/08\/pensionista-1024x236.jpg 1024w, https:\/\/cms1.com.br\/backup\/wp-content\/uploads\/2021\/08\/pensionista-750x173.jpg 750w\" sizes=\"(max-width: 1086px) 100vw, 1086px\" \/><\/p>\n<p>&nbsp;<\/p>\n<p>A&nbsp;perda de um parente \u00e9 sempre um momento dif\u00edcil e delicado, por essa raz\u00e3o criamos este <em>hotsite<\/em> com as informa\u00e7\u00f5es de cada plano previdenci\u00e1rio para que os dependentes possam compreender e requerer os benef\u00edcios com mais facilidade.<\/p>\n<p>&nbsp;<\/p>\n<table style=\"width: 905px;\">\n<tbody>\n<tr>\n<td style=\"width: 371.406px;\"><a href=\"https:\/\/cms1.com.br\/backup\/\/pensionistas-previdencia\/\" target=\"_blank\" rel=\"noopener\"><img decoding=\"async\" class=\"aligncenter size-full wp-image-13087\" src=\"https:\/\/cms1.com.br\/backup\/\/wp-content\/uploads\/2021\/08\/botao-prev.jpg\" alt=\"\" width=\"300\" height=\"70\"><\/a><\/td>\n<td style=\"width: 517.594px;\"><a href=\"https:\/\/cms1.com.br\/backup\/\/pensionistas-saude\/\" target=\"_blank\" rel=\"noopener\"><img decoding=\"async\" class=\"alignright wp-image-13772 size-full\" src=\"https:\/\/cms1.com.br\/backup\/\/wp-content\/uploads\/2021\/12\/saude.png\" alt=\"\" width=\"300\" height=\"70\"><\/a><\/td>\n<\/tr>\n<\/tbody>\n<\/table>\n<p>&nbsp;<\/p>\n<p>\u00c9 poss\u00edvel contato direto com a Central de Relacionamento no telefone 0800-149-8000 (assuntos de sa\u00fade), 3003-3592 (assuntos de previd\u00eancia) ou pelo nosso <a href=\"https:\/\/saude.bennercloud.com.br\/CentralAtendimento\/Public\/index.aspx?ans=342611&amp;permitirAnonimo=false\" target=\"_blank\" rel=\"noopener\">Fale Conosco Sa\u00fade<\/a> \/ <a href=\"https:\/\/www.economus.com.br\/AutoAtendimento\/Relacionamento\/NovoAtendimentoNeo\" target=\"_blank\" rel=\"noopener\">Fale Conosco Previd\u00eancia<\/a>.<\/p>\n<p><strong>Aten\u00e7\u00e3o<\/strong>: N\u00e3o h\u00e1 pagamento de benef\u00edcios por morte de dependentes.[\/vc_column_text][\/vc_column][\/vc_row]\n<\/div>","protected":false},"excerpt":{"rendered":"<p>[vc_row][vc_column][vc_column_text css=&#8221;&#8221;] &nbsp; A&nbsp;perda de um parente \u00e9 sempre um momento dif\u00edcil e delicado, por essa raz\u00e3o criamos este hotsite com as informa\u00e7\u00f5es de cada plano previdenci\u00e1rio para que os dependentes possam compreender e requerer os benef\u00edcios com mais facilidade. &nbsp; &nbsp; \u00c9 poss\u00edvel contato direto com a Central de Relacionamento no telefone 0800-149-8000 (assuntos&hellip;<\/p>\n","protected":false},"author":5,"featured_media":0,"parent":0,"menu_order":0,"comment_status":"closed","ping_status":"closed","template":"","meta":{"ngg_post_thumbnail":0,"footnotes":""},"class_list":["post-13086","page","type-page","status-publish","hentry","description-off"],"_links":{"self":[{"href":"https:\/\/cms1.com.br\/backup\/wp-json\/wp\/v2\/pages\/13086","targetHints":{"allow":["GET"]}}],"collection":[{"href":"https:\/\/cms1.com.br\/backup\/wp-json\/wp\/v2\/pages"}],"about":[{"href":"https:\/\/cms1.com.br\/backup\/wp-json\/wp\/v2\/types\/page"}],"author":[{"embeddable":true,"href":"https:\/\/cms1.com.br\/backup\/wp-json\/wp\/v2\/users\/5"}],"replies":[{"embeddable":true,"href":"https:\/\/cms1.com.br\/backup\/wp-json\/wp\/v2\/comments?post=13086"}],"version-history":[{"count":25,"href":"https:\/\/cms1.com.br\/backup\/wp-json\/wp\/v2\/pages\/13086\/revisions"}],"predecessor-version":[{"id":22168,"href":"https:\/\/cms1.com.br\/backup\/wp-json\/wp\/v2\/pages\/13086\/revisions\/22168"}],"wp:attachment":[{"href":"https:\/\/cms1.com.br\/backup\/wp-json\/wp\/v2\/media?parent=13086"}],"curies":[{"name":"wp","href":"https:\/\/api.w.org\/{rel}","templated":true}]}}