{"id":13054,"date":"2021-08-12T16:08:37","date_gmt":"2021-08-12T19:08:37","guid":{"rendered":"https:\/\/portal.economus.com.br\/?page_id=13054"},"modified":"2025-06-25T16:41:12","modified_gmt":"2025-06-25T19:41:12","slug":"pensionistas-previdencia","status":"publish","type":"page","link":"https:\/\/cms1.com.br\/backup\/pensionistas-previdencia\/","title":{"rendered":"Assist\u00eancia ao Dependente Previdenci\u00e1rio"},"content":{"rendered":"<div class=\"wpb-content-wrapper\">[vc_row][vc_column][vc_column_text]<img fetchpriority=\"high\" decoding=\"async\" class=\"aligncenter size-full wp-image-13083\" src=\"https:\/\/cms1.com.br\/backup\/\/wp-content\/uploads\/2021\/08\/prev.jpg\" alt=\"\" width=\"1086\" height=\"250\" srcset=\"https:\/\/cms1.com.br\/backup\/wp-content\/uploads\/2021\/08\/prev.jpg 1086w, https:\/\/cms1.com.br\/backup\/wp-content\/uploads\/2021\/08\/prev-300x69.jpg 300w, https:\/\/cms1.com.br\/backup\/wp-content\/uploads\/2021\/08\/prev-768x177.jpg 768w, https:\/\/cms1.com.br\/backup\/wp-content\/uploads\/2021\/08\/prev-1024x236.jpg 1024w, https:\/\/cms1.com.br\/backup\/wp-content\/uploads\/2021\/08\/prev-750x173.jpg 750w\" sizes=\"(max-width: 1086px) 100vw, 1086px\" \/>[\/vc_column_text][vc_empty_space][vc_column_text css=&#8221;&#8221;]Nesse espa\u00e7o, voc\u00ea encontrar\u00e1 informa\u00e7\u00f5es sobre:<\/p>\n<ul>\n<li>O&nbsp;<u>plano do participante<\/u> falecido.<\/li>\n<li>Os <u>benefici\u00e1rios eleg\u00edveis<\/u> de acordo com o plano previdenci\u00e1rio do participante.<\/li>\n<li>Os <u>benef\u00edcios existentes<\/u> de acordo com o plano previdenci\u00e1rio do participante.<\/li>\n<li>Os <u>documentos<\/u> necess\u00e1rios para solicitar os benef\u00edcios existentes e o <u>prazo<\/u> para recebimento do benef\u00edcio.<\/li>\n<\/ul>\n<p>Navegue pelas abas abaixo:[\/vc_column_text][vc_empty_space][\/vc_column][\/vc_row][vc_row][vc_column]<style >.tstp_accordion69d0c0d35ad7b.pt_plus_tabs_block .accordion-style-1 .vc_tta-panels-container .vc_tta-panel.vc_active .vc_tta-panel-heading a{color: #ff214f;}.tstp_accordion69d0c0d35ad7b.pt_plus_tabs_block .accordion-style-1 .vc_tta-panels-container .vc_tta-panel .vc_tta-panel-heading a{color: #ffffff;}.tstp_accordion69d0c0d35ad7b.pt_plus_tabs_block .accordion-style-1 .vc_tta-panels-container .vc_tta-panel a .vc_tta-controls-icon{font-size: 14px;}.tstp_accordion69d0c0d35ad7b.pt_plus_tabs_block .accordion-style-1 .vc_tta-panels-container .vc_tta-panel a {font-size: 16px ;font-family:;font-weight:600;}.tstp_accordion69d0c0d35ad7b.pt_plus_tabs_block .accordion-style-1 .vc_tta-panels-container .vc_tta-panel.vc_active .vc_tta-panel-heading{background: #ffffff;}.tstp_accordion69d0c0d35ad7b.pt_plus_tabs_block .accordion-style-1 .vc_tta-panels-container .vc_tta-panel .vc_tta-panel-heading{background: #ee2e5d;}.tstp_accordion69d0c0d35ad7b.pt_plus_tabs_block .accordion-style-1.vc_tta-o-no-fill .vc_tta-panels-container .vc_tta-panel .vc_tta-panel-body{background: #ff214f;}.tstp_accordion69d0c0d35ad7b.pt_plus_tabs_block .accordion-style-1 .vc_tta-panels-container .vc_tta-panel.vc_active .vc_tta-panel-heading {border: 1px solid #ff214f;}.tstp_accordion69d0c0d35ad7b.pt_plus_tabs_block .accordion-style-1 .vc_tta-panels-container .vc_tta-panel .vc_tta-panel-heading {border: 1px solid #ffffff;}<\/style><div class=\"pt_plus_tabs_block   tstp_accordion69d0c0d35ad7b\" id=\"tabid_69d0c0d35ac91\" data-animate-type=\"\" data-animate-delay=\"\" data-uid=\"tstp_accordion69d0c0d35ad7b\" ><div class=\"vc_tta-container\" data-vc-action=\"collapseAll\"><div class=\"vc_general vc_tta vc_tta-accordion vc_tta-o-shape-group vc_tta-controls-align-left vc_tta-o-all-clickable accordion-style-1\"><div class=\"vc_tta-panels-container\" ><div class=\"vc_tta-panels\">[vc_tta_section title=&#8221;O plano previdenci\u00e1rio a que pertencia o participante falecido&#8221; tab_id=&#8221;1628791680931-c591f7ad-3c92&#8243;][vc_column_text css=&#8221;&#8221;]O Economus administra quatro planos previdenci\u00e1rios, conforme demonstrado abaixo:<\/p>\n<ul>\n<li>Regulamento Complementar n\u00ba 2 (BD)<\/li>\n<li>Regulamento Complementar n\u00ba 1 (BD)<\/li>\n<li>Regulamento Geral (RG) (BD)<\/li>\n<li>PrevMais<\/li>\n<\/ul>\n<p>Cada plano possui caracter\u00edsticas e benef\u00edcios pr\u00f3prios, conforme o seu respectivo regulamento.<\/p>\n<p>Por isso, \u00e9 importante identificar o plano previdenci\u00e1rio do participante titular para conhecer os benef\u00edcios que os dependentes t\u00eam direito.<\/p>\n<p>Veja agora, de acordo com cada regulamento e regime de contrata\u00e7\u00e3o no antigo Banco Nossa Caixa, em qual plano o participante se enquadra:<\/p>\n<p>&nbsp;<\/p>\n<table border=\"1px\" width=\"649\">\n<tbody>\n<tr>\n<td width=\"210\"><strong>Plano\/Regulamento<\/strong><\/td>\n<td width=\"240\"><strong>Refer\u00eancia<\/strong><\/td>\n<\/tr>\n<tr>\n<td width=\"210\">&nbsp;<\/p>\n<p>&nbsp;<\/p>\n<p>Regulamento Complementar n\u00ba 2<\/p>\n<p>&nbsp;<\/td>\n<td width=\"240\">Destina-se aos empregados do extinto Banco Nossa Caixa S.A. optantes pelo regime CLT, na forma prevista pela Lei Estadual n\u00ba 10.430\/71 e Decreto n\u00ba 7.711\/76.<\/td>\n<\/tr>\n<tr>\n<td width=\"210\">Regulamento Complementar n\u00ba 1<\/td>\n<td width=\"240\">Destina-se aos empregados do extinto Banco Nossa Caixa S.A., admitidos pelo regime CLT at\u00e9 13 de maio de 1974, sendo o plano regulamentado pelas Leis Estaduais n\u00ba 1.386\/51 e n\u00ba 4.819\/58.<\/td>\n<\/tr>\n<tr>\n<td width=\"210\">Regulamento Geral (RG)<\/p>\n<p><strong>&nbsp;<\/strong><\/td>\n<td width=\"240\">Destina-se aos empregados do extinto Banco Nossa Caixa S.A. admitidos a partir de 13 de maio de 1974, contratados pelo regime CLT.<\/td>\n<\/tr>\n<tr>\n<td width=\"210\">PrevMais<\/td>\n<td width=\"240\">Criado em 01.08.2006, destina-se aos empregados do extinto Banco Nossa Caixa S.A., admitidos a partir de 13 de maio de 1974, contratados pelo regime CLT.<\/td>\n<\/tr>\n<\/tbody>\n<\/table>\n<p>&nbsp;<\/p>\n<p>Caso o dependente n\u00e3o conhe\u00e7a o plano previdenci\u00e1rio do participante falecido, pedimos entrar em contato com a nossa <a href=\"https:\/\/cms1.com.br\/backup\/\/canais-de-atendimento-previdencia\/\" target=\"_blank\" rel=\"noopener\">Central de Atendimento Previdenci\u00e1rio<\/a> para obter a informa\u00e7\u00e3o.[\/vc_column_text][\/vc_tta_section][vc_tta_section title=&#8221;Os dependentes eleg\u00edveis aos benef\u00edcios de cada plano previdenci\u00e1rio&#8221; tab_id=&#8221;1628791680953-b5aa917d-ded2&#8243;][vc_column_text]\n<table style=\"width: 50.2778%; height: 306px;\" border=\"1px\">\n<tbody>\n<tr style=\"height: 22px;\">\n<td style=\"height: 22px;\" width=\"156\"><strong>Planos<\/strong><\/td>\n<td style=\"height: 22px;\" width=\"458\"><strong>Dependentes Legais<\/strong><\/td>\n<\/tr>\n<tr style=\"height: 44px;\">\n<td style=\"height: 44px;\" width=\"156\">Regulamento Complementar n\u00ba2<\/td>\n<td style=\"height: 44px;\" width=\"458\">Os dependentes legais, quando reconhecidos e habilitados pela Secretaria da Fazenda &#8211; SEFAZ, ou pelo INSS.<\/td>\n<\/tr>\n<tr style=\"height: 44px;\">\n<td style=\"height: 44px;\" width=\"156\">Regulamento Complementar n\u00ba1<\/td>\n<td style=\"height: 44px;\" width=\"458\">Os dependentes legais, quando reconhecidos e habilitados pela Secretaria da Fazenda &#8211; SEFAZ, ou pelo INSS.<\/td>\n<\/tr>\n<tr style=\"height: 66px;\">\n<td style=\"height: 66px;\" width=\"156\">Regulamento Geral (RG) (BD)<\/td>\n<td style=\"height: 66px;\" width=\"458\">Os dependentes legais habilitados\/reconhecidos pelo INSS.<\/td>\n<\/tr>\n<tr style=\"height: 130px;\">\n<td style=\"height: 130px;\" width=\"156\">PrevMais<\/td>\n<td style=\"height: 130px;\" width=\"458\">C\u00f4njuge ou Companheiro e seus filhos, incluindo o enteado e o adotado legalmente, menores de 21 (vinte e um anos) de idade, sendo estendido at\u00e9 24 (vinte e quatro) anos de idade, se frequentando curso superior em estabelecimento de ensino oficial. Na aus\u00eancia destes, os benefici\u00e1rios indicados do participante Ativo ou Assistido que vier a falecer.<\/td>\n<\/tr>\n<\/tbody>\n<\/table>\n<p>Importante que os pensionistas eleg\u00edveis deem entrada no INSS, ou na Secretaria da Fazenda, logo ap\u00f3s o \u00f3bito do participante.[\/vc_column_text][\/vc_tta_section]<\/div><\/div><\/div><\/div><\/div>[vc_column_text css=&#8221;&#8221;]Agora que voc\u00ea j\u00e1 sabe o Plano, clique em um dos bot\u00f5es abaixo, veja os Benef\u00edcios que os dependentes legais t\u00eam direito e os documentos necess\u00e1rios para o requerimento:<\/p>\n<ul>\n<li><a href=\"https:\/\/cms1.com.br\/backup\/\/previdencia\/previdencia-planos\/previdencia-planos-grupo-a\/#1546920107272-3-0\" target=\"_blank\" rel=\"noopener\">Dependentes de participantes do Regulamento Complementar n\u00ba2: benef\u00edcios e documentos<\/a><\/li>\n<li><a href=\"https:\/\/cms1.com.br\/backup\/\/previdencia\/previdencia-planos\/previdencia-planos-grupo-b\/#1546920107272-3-0\" target=\"_blank\" rel=\"noopener\">Dependentes de participantes do Regulamento Complementar n\u00ba1: benef\u00edcios e documentos<\/a><\/li>\n<li><a href=\"https:\/\/cms1.com.br\/backup\/\/previdencia\/previdencia-planos\/previdencia-planos-grupo-c\/#1546920107272-3-0\" target=\"_blank\" rel=\"noopener\">Dependentes de participantes do Regulamento Geral (RG) (BD): benef\u00edcios e documentos<\/a><\/li>\n<li><a href=\"https:\/\/cms1.com.br\/backup\/\/previdencia\/previdencia-planos\/previdencia-planos-prevmais\/#1546920107272-3-0\" target=\"_blank\" rel=\"noopener\">Dependentes de participantes do PrevMais: benef\u00edcios e documentos<\/a><\/li>\n<\/ul>\n[\/vc_column_text][vc_empty_space][vc_column_text]Para os benef\u00edcios requeridos ao Economus, o pagamento ser\u00e1 realizado no m\u00eas subsequente \u00e0 valida\u00e7\u00e3o da documenta\u00e7\u00e3o pela \u00e1rea de benef\u00edcio, importante o envio da documenta\u00e7\u00e3o completa para o referido benef\u00edcio.<\/p>\n<p><strong>Importante<\/strong>: As informa\u00e7\u00f5es contidas nesta p\u00e1gina s\u00e3o apresentadas de forma resumida e n\u00e3o substituem as disposi\u00e7\u00f5es regulamentares de cada Plano de Benef\u00edcio.[\/vc_column_text][\/vc_column][\/vc_row]\n<\/div>","protected":false},"excerpt":{"rendered":"<p>[vc_row][vc_column][vc_column_text][\/vc_column_text][vc_empty_space][vc_column_text css=&#8221;&#8221;]Nesse espa\u00e7o, voc\u00ea encontrar\u00e1 informa\u00e7\u00f5es sobre: O&nbsp;plano do participante falecido. Os benefici\u00e1rios eleg\u00edveis de acordo com o plano previdenci\u00e1rio do participante. Os benef\u00edcios existentes de acordo com o plano previdenci\u00e1rio do participante. Os documentos necess\u00e1rios para solicitar os benef\u00edcios existentes e o prazo para recebimento do benef\u00edcio. Navegue pelas abas abaixo:[\/vc_column_text][vc_empty_space][\/vc_column][\/vc_row][vc_row][vc_column][vc_column_text css=&#8221;&#8221;]Agora que voc\u00ea&hellip;<\/p>\n","protected":false},"author":5,"featured_media":0,"parent":0,"menu_order":0,"comment_status":"closed","ping_status":"closed","template":"","meta":{"ngg_post_thumbnail":0,"footnotes":""},"class_list":["post-13054","page","type-page","status-publish","hentry","description-off"],"_links":{"self":[{"href":"https:\/\/cms1.com.br\/backup\/wp-json\/wp\/v2\/pages\/13054","targetHints":{"allow":["GET"]}}],"collection":[{"href":"https:\/\/cms1.com.br\/backup\/wp-json\/wp\/v2\/pages"}],"about":[{"href":"https:\/\/cms1.com.br\/backup\/wp-json\/wp\/v2\/types\/page"}],"author":[{"embeddable":true,"href":"https:\/\/cms1.com.br\/backup\/wp-json\/wp\/v2\/users\/5"}],"replies":[{"embeddable":true,"href":"https:\/\/cms1.com.br\/backup\/wp-json\/wp\/v2\/comments?post=13054"}],"version-history":[{"count":55,"href":"https:\/\/cms1.com.br\/backup\/wp-json\/wp\/v2\/pages\/13054\/revisions"}],"predecessor-version":[{"id":21421,"href":"https:\/\/cms1.com.br\/backup\/wp-json\/wp\/v2\/pages\/13054\/revisions\/21421"}],"wp:attachment":[{"href":"https:\/\/cms1.com.br\/backup\/wp-json\/wp\/v2\/media?parent=13054"}],"curies":[{"name":"wp","href":"https:\/\/api.w.org\/{rel}","templated":true}]}}